{"id":9786,"date":"2024-02-13T14:11:33","date_gmt":"2024-02-13T14:11:33","guid":{"rendered":"https:\/\/www.pratinha.mg.gov.br\/portal\/?page_id=9786"},"modified":"2025-12-19T11:49:57","modified_gmt":"2025-12-19T11:49:57","slug":"reunioes-conselho-municipal-da-cultura","status":"publish","type":"page","link":"https:\/\/www.pratinha.mg.gov.br\/portal\/reunioes-conselho-municipal-da-cultura\/","title":{"rendered":"Reuni\u00f5es Conselho Municipal da Cultura"},"content":{"rendered":"<p><strong><span style=\"color: #0000ff\">ANO &#8211; 2023<\/span><\/strong><\/p>\n<ul>\n<li><a href=\"http:\/\/www.pratinha.mg.gov.br\/portal\/wp-content\/uploads\/2024\/11\/Escaneada-1a-CONVOCACAO.pdf\">1\u00aa Convoca\u00e7\u00e3o para Reuni\u00e3o Ordin\u00e1ria 10\/11\/2023<\/a><\/li>\n<li><a href=\"http:\/\/www.pratinha.mg.gov.br\/portal\/wp-content\/uploads\/2024\/11\/Escaneada-2a-CONVOCACAO.pdf\">2\u00aa Convoca\u00e7\u00e3o para Reuni\u00e3o Extraordin\u00e1ria 15\/12\/2023<\/a><\/li>\n<\/ul>\n<p><strong><span style=\"color: #993300\">ANO &#8211; 2024<\/span><\/strong><\/p>\n<ul>\n<li><a href=\"http:\/\/www.pratinha.mg.gov.br\/portal\/wp-content\/uploads\/2024\/11\/Escaneada-2a-Convocacao.pdf\">1\u00aa Convoca\u00e7\u00e3o para Reuni\u00e3o Ordin\u00e1ria 13\/03\/2024<\/a><\/li>\n<li><a href=\"http:\/\/www.pratinha.mg.gov.br\/portal\/wp-content\/uploads\/2024\/11\/Escaneda-1a-Convocacao.pdf\">2\u00aa Convoca\u00e7\u00e3o para Reuni\u00e3o Extraordin\u00e1ria 21\/05\/2024<\/a><\/li>\n<li><a href=\"http:\/\/www.pratinha.mg.gov.br\/portal\/wp-content\/uploads\/2024\/11\/Escaneada-3a-Convocacao.pdf\">3\u00aa Convoca\u00e7\u00e3o para Reuni\u00e3o Extraordin\u00e1ria 10\/07\/2024<\/a><\/li>\n<li><a href=\"http:\/\/www.pratinha.mg.gov.br\/portal\/wp-content\/uploads\/2024\/12\/Scan2024-12-18_154801.pdf\">4\u00aa Convoca\u00e7\u00e3o para Reuni\u00e3o Ordin\u00e1ria 11\/12\/2024\u00a0<\/a><\/li>\n<\/ul>\n<p><span style=\"color: #008000\"><strong>ANO &#8211; 2025<\/strong><\/span><\/p>\n<ul>\n<li style=\"margin-bottom: 0px\"><a href=\"http:\/\/www.pratinha.mg.gov.br\/portal\/wp-content\/uploads\/2025\/08\/Convocacao-27-05-2025.pdf\">1\u00aa Convoca\u00e7\u00e3o para Reuni\u00e3o Ordin\u00e1ria 27\/05\/2025<\/a><\/li>\n<li><a href=\"http:\/\/www.pratinha.mg.gov.br\/portal\/wp-content\/uploads\/2025\/08\/Convocacao-01-07-2025.pdf\">2\u00aa Convoca\u00e7\u00e3o para Reuni\u00e3o Extraordin\u00e1ria 01\/07\/2025<\/a><\/li>\n<li><a href=\"http:\/\/www.pratinha.mg.gov.br\/portal\/wp-content\/uploads\/2025\/12\/Ata-3-Cultura-25-09.pdf\">3\u00aa Convoca\u00e7\u00e3o para Reuni\u00e3o Ordin\u00e1ria 25\/09\/2025<\/a><\/li>\n<li><a href=\"http:\/\/www.pratinha.mg.gov.br\/portal\/wp-content\/uploads\/2025\/12\/Ata-4-Cultura-15-12.pdf\">4\u00aa Convoca\u00e7\u00e3o para Reuni\u00e3o Extraordin\u00e1ria 15\/12\/2025<\/a><\/li>\n<\/ul>\n","protected":false},"excerpt":{"rendered":"<p>ANO - 2023 1\u00aa Convoca\u00e7\u00e3o para Reuni\u00e3o Ordin\u00e1ria 10\/11\/2023 2\u00aa Convoca\u00e7\u00e3o para Reuni\u00e3o Extraordin\u00e1ria 15\/12\/2023 ANO - 2024 1\u00aa Convoca\u00e7\u00e3o para Reuni\u00e3o Ordin\u00e1ria 13\/03\/2024 2\u00aa Convoca\u00e7\u00e3o para Reuni\u00e3o Extraordin\u00e1ria 21\/05\/2024 3\u00aa Convoca\u00e7\u00e3o para Reuni\u00e3o Extraordin\u00e1ria 10\/07\/2024 4\u00aa Convoca\u00e7\u00e3o para Reuni\u00e3o Ordin\u00e1ria 11\/12\/2024\u00a0 ANO - 2025 1\u00aa Convoca\u00e7\u00e3o para Reuni\u00e3o Ordin\u00e1ria 27\/05\/2025 2\u00aa Convoca\u00e7\u00e3o para Reuni\u00e3o&hellip;<\/p>","protected":false},"author":1,"featured_media":0,"parent":0,"menu_order":0,"comment_status":"closed","ping_status":"closed","template":"","meta":{"footnotes":""},"class_list":["post-9786","page","type-page","status-publish"],"_links":{"self":[{"href":"https:\/\/www.pratinha.mg.gov.br\/portal\/wp-json\/wp\/v2\/pages\/9786","targetHints":{"allow":["GET"]}}],"collection":[{"href":"https:\/\/www.pratinha.mg.gov.br\/portal\/wp-json\/wp\/v2\/pages"}],"about":[{"href":"https:\/\/www.pratinha.mg.gov.br\/portal\/wp-json\/wp\/v2\/types\/page"}],"author":[{"embeddable":true,"href":"https:\/\/www.pratinha.mg.gov.br\/portal\/wp-json\/wp\/v2\/users\/1"}],"replies":[{"embeddable":true,"href":"https:\/\/www.pratinha.mg.gov.br\/portal\/wp-json\/wp\/v2\/comments?post=9786"}],"version-history":[{"count":12,"href":"https:\/\/www.pratinha.mg.gov.br\/portal\/wp-json\/wp\/v2\/pages\/9786\/revisions"}],"predecessor-version":[{"id":14301,"href":"https:\/\/www.pratinha.mg.gov.br\/portal\/wp-json\/wp\/v2\/pages\/9786\/revisions\/14301"}],"wp:attachment":[{"href":"https:\/\/www.pratinha.mg.gov.br\/portal\/wp-json\/wp\/v2\/media?parent=9786"}],"curies":[{"name":"wp","href":"https:\/\/api.w.org\/{rel}","templated":true}]}}