{"id":9779,"date":"2024-02-13T14:07:37","date_gmt":"2024-02-13T14:07:37","guid":{"rendered":"https:\/\/www.pratinha.mg.gov.br\/portal\/?page_id=9779"},"modified":"2025-12-18T16:27:14","modified_gmt":"2025-12-18T16:27:14","slug":"documentacao-da-atuacao-do-conselho-atas-oficios-pareceres-etc-conselho-municipal-da-cultura","status":"publish","type":"page","link":"https:\/\/www.pratinha.mg.gov.br\/portal\/documentacao-da-atuacao-do-conselho-atas-oficios-pareceres-etc-conselho-municipal-da-cultura\/","title":{"rendered":"Documenta\u00e7\u00e3o da Atua\u00e7\u00e3o do Conselho (Atas, Of\u00edcios, Pareceres, etc) &#8211; Conselho Municipal da Cultura"},"content":{"rendered":"<p><span style=\"color: #ff6600\"><strong>Ano 2023<\/strong><\/span><\/p>\n<p><span style=\"color: #008000\"><a style=\"color: #008000\" href=\"http:\/\/www.pratinha.mg.gov.br\/portal\/wp-content\/uploads\/2024\/11\/Ata-01-Cultura.pdf\">Ata da 1\u00aa Reuni\u00e3o Ordin\u00e1ria 10\/11\/2023<\/a><\/span><\/p>\n<p><span style=\"color: #008000\"><a style=\"color: #008000\" href=\"http:\/\/www.pratinha.mg.gov.br\/portal\/wp-content\/uploads\/2024\/11\/Ata-2-Cultura.pdf\">Ata da 2\u00aa Reuni\u00e3o Ordin\u00e1ria 15\/12\/2023<\/a><\/span><\/p>\n<p><span style=\"color: #ff6600\"><strong>Ano 2024<\/strong><\/span><\/p>\n<p><span style=\"color: #008000\"><a style=\"color: #008000\" href=\"http:\/\/www.pratinha.mg.gov.br\/portal\/wp-content\/uploads\/2024\/11\/Ata-da-1a-Reuniao-Ordinaria-do-Conselho-Municipal-de-Cultura.pdf\">Ata da 1\u00aa Reuni\u00e3o Ordin\u00e1ria 13\/03\/2024<\/a><\/span><\/p>\n<p><span style=\"color: #008000\"><a style=\"color: #008000\" href=\"http:\/\/www.pratinha.mg.gov.br\/portal\/wp-content\/uploads\/2024\/11\/Ata-da-1a-Reuniao-Extraordinaria-do-Conselho-de-Cultura.pdf\">Ata da 1\u00aa Reuni\u00e3o Extraordin\u00e1ria\u00a0 21\/05\/2024<\/a><\/span><\/p>\n<p><span style=\"color: #008000\"><a style=\"color: #008000\" href=\"http:\/\/www.pratinha.mg.gov.br\/portal\/wp-content\/uploads\/2024\/11\/Ata-da-2a-Reuniao-Extraordinaria-do-Conselho-de-Cultura.pdf\">Ata da 2\u00aa Reuni\u00e3o Extraordin\u00e1ria 10\/07\/2024<\/a><\/span><\/p>\n<p><span style=\"color: #008000\"><a style=\"color: #008000\" href=\"http:\/\/www.pratinha.mg.gov.br\/portal\/wp-content\/uploads\/2024\/12\/Scan2024-12-18_152002.pdf\">Ata da 3\u00aa Reuni\u00e3o Ordin\u00e1ria 11\/12\/2024<\/a><\/span><\/p>\n<p><span style=\"color: #ff6600\"><strong>Ano 2025<\/strong><\/span><\/p>\n<p><span style=\"color: #008000\"><a style=\"color: #008000\" href=\"http:\/\/www.pratinha.mg.gov.br\/portal\/wp-content\/uploads\/2025\/08\/Ata-01-01-07-2025.pdf\">Ata da 1\u00aa Reuni\u00e3o Ordin\u00e1ria 27\/05\/2025<\/a><\/span><\/p>\n<p><span style=\"color: #008000\"><a style=\"color: #008000\" href=\"http:\/\/www.pratinha.mg.gov.br\/portal\/wp-content\/uploads\/2025\/08\/Ata-2-Reuniao-da-Ext-Cultura.pdf\">Ata da 2\u00aa Reuni\u00e3o Extraordin\u00e1ria 01\/07\/2025<\/a><\/span><\/p>\n<p><span style=\"color: #008000\"><a style=\"color: #008000\" href=\"http:\/\/www.pratinha.mg.gov.br\/portal\/wp-content\/uploads\/2025\/12\/Ata-3a-Cultura-25-09-2025.pdf\">Ata da 3\u00aa Reuni\u00e3o Extraordin\u00e1ria 25\/09\/2025<\/a> <\/span><\/p>\n<p><span style=\"color: #008000\"><a style=\"color: #008000\" href=\"http:\/\/www.pratinha.mg.gov.br\/portal\/wp-content\/uploads\/2025\/12\/Ata-4a-Cultura-15-12-2025.pdf\">Ata da 4\u00aa Reuni\u00e3o Extraordin\u00e1ria 15\/12\/2025<\/a><\/span><\/p>\n","protected":false},"excerpt":{"rendered":"<p>Ano 2023 Ata da 1\u00aa Reuni\u00e3o Ordin\u00e1ria 10\/11\/2023 Ata da 2\u00aa Reuni\u00e3o Ordin\u00e1ria 15\/12\/2023 Ano 2024 Ata da 1\u00aa Reuni\u00e3o Ordin\u00e1ria 13\/03\/2024 Ata da 1\u00aa Reuni\u00e3o Extraordin\u00e1ria\u00a0 21\/05\/2024 Ata da 2\u00aa Reuni\u00e3o Extraordin\u00e1ria 10\/07\/2024 Ata da 3\u00aa Reuni\u00e3o Ordin\u00e1ria 11\/12\/2024 Ano 2025 Ata da 1\u00aa Reuni\u00e3o Ordin\u00e1ria 27\/05\/2025 Ata da 2\u00aa Reuni\u00e3o Extraordin\u00e1ria 01\/07\/2025 Ata&hellip;<\/p>","protected":false},"author":1,"featured_media":0,"parent":0,"menu_order":0,"comment_status":"closed","ping_status":"closed","template":"","meta":{"footnotes":""},"class_list":["post-9779","page","type-page","status-publish"],"_links":{"self":[{"href":"https:\/\/www.pratinha.mg.gov.br\/portal\/wp-json\/wp\/v2\/pages\/9779","targetHints":{"allow":["GET"]}}],"collection":[{"href":"https:\/\/www.pratinha.mg.gov.br\/portal\/wp-json\/wp\/v2\/pages"}],"about":[{"href":"https:\/\/www.pratinha.mg.gov.br\/portal\/wp-json\/wp\/v2\/types\/page"}],"author":[{"embeddable":true,"href":"https:\/\/www.pratinha.mg.gov.br\/portal\/wp-json\/wp\/v2\/users\/1"}],"replies":[{"embeddable":true,"href":"https:\/\/www.pratinha.mg.gov.br\/portal\/wp-json\/wp\/v2\/comments?post=9779"}],"version-history":[{"count":23,"href":"https:\/\/www.pratinha.mg.gov.br\/portal\/wp-json\/wp\/v2\/pages\/9779\/revisions"}],"predecessor-version":[{"id":14286,"href":"https:\/\/www.pratinha.mg.gov.br\/portal\/wp-json\/wp\/v2\/pages\/9779\/revisions\/14286"}],"wp:attachment":[{"href":"https:\/\/www.pratinha.mg.gov.br\/portal\/wp-json\/wp\/v2\/media?parent=9779"}],"curies":[{"name":"wp","href":"https:\/\/api.w.org\/{rel}","templated":true}]}}