{"id":14487,"date":"2026-01-05T20:15:56","date_gmt":"2026-01-05T20:15:56","guid":{"rendered":"https:\/\/www.pratinha.mg.gov.br\/portal\/?page_id=14487"},"modified":"2026-01-05T20:15:56","modified_gmt":"2026-01-05T20:15:56","slug":"editais-de-concorrencia-eletronica-2026","status":"publish","type":"page","link":"https:\/\/www.pratinha.mg.gov.br\/portal\/editais-de-concorrencia-eletronica-2026\/","title":{"rendered":"EDITAIS DE CONCORRENCIA ELETRONICA  2026"},"content":{"rendered":"\n<table id=\"tablepress-43\" class=\"tablepress tablepress-id-43\">\n<thead>\n<tr class=\"row-1\">\n\t<th class=\"column-1\">PROCESSO<\/th><th class=\"column-2\">ARQUIVO<\/th><th class=\"column-3\">OBJETO<\/th><th class=\"column-4\">DATA<\/th><th class=\"column-5\">RESULTADO<\/th>\n<\/tr>\n<\/thead>\n<tbody class=\"row-striping row-hover\">\n<tr class=\"row-2\">\n\t<td class=\"column-1\">PROCESSO N\u00b0005\/2026 <br \/>\nCONCORRENCIA ELETRONICA N\u00b0001\/2026<\/td><td class=\"column-2\"><a href=\"http:\/\/www.pratinha.mg.gov.br\/portal\/wp-content\/uploads\/2026\/02\/EDITAL-corrigido-2.pdf\">EDITAL - corrigido (2)<\/a><a href=\"http:\/\/www.pratinha.mg.gov.br\/portal\/wp-content\/uploads\/2026\/02\/Planilhas.zip\">Planilhas<\/a><br \/>\n<br \/>\n<a href=\"http:\/\/www.pratinha.mg.gov.br\/portal\/wp-content\/uploads\/2026\/03\/LICITANET-ATA-DE-REALIZACAO-DA-CONCORRENCIA-ELETRONICA.pdf\">LICITANET - ATA DE REALIZA\u00c7\u00c3O DA CONCORR\u00caNCIA ELETR\u00d4NICA<\/a><br \/>\n<br \/>\n<a href=\"http:\/\/www.pratinha.mg.gov.br\/portal\/wp-content\/uploads\/2026\/04\/TERMO-DE-ADJUDICACAO-E-HOMOLOGACAO.pdf\">TERMO DE ADJUDICA\u00c7\u00c3O E HOMOLOGA\u00c7\u00c3O<\/a><\/td><td class=\"column-3\">CONTRATA\u00c7\u00c3O DE EMPRESA ESPECIALIZADA ENGENHARIA CIVIL, PARA CONSTRU\u00c7\u00c3O DE BANHEIROS E SALA DE RECEP\u00c7\u00c3O, LOCALIZADO NO PR\u00c9DIO DO DEPARTAMENTO SOCIAL DE PRATINHA\/MG.<br \/>\n<br \/>\nATA DA SESS\u00c3O<br \/>\n<br \/>\nTERMO DE ADJUDICA\u00c7\u00c3O E HOMOLOGA\u00c7\u00c3O.<\/td><td class=\"column-4\">PUBLICADO: 23\/02\/2026<br \/>\n<br \/>\n<br \/>\nCERTAME: DIA 10\/03\/2026, PORTAL LICITANET.<br \/>\nPUBLICADO: 11\/03\/2026<br \/>\n<br \/>\n<br \/>\nPUBLICADO: 01\/04\/2026<\/td><td class=\"column-5\"><\/td>\n<\/tr>\n<tr class=\"row-3\">\n\t<td class=\"column-1\">PROCESSO N\u00ba10\/2026 CONCORRENCIA ELETR\u00d4NICA N\u00b002\/2026<\/td><td class=\"column-2\"><a href=\"http:\/\/www.pratinha.mg.gov.br\/portal\/wp-content\/uploads\/2026\/03\/010-EDITAL-SALA-LEILOEIRO-2.pdf\">010 - EDITAL - SALA LEILOEIRO<\/a><\/td><td class=\"column-3\">CONTRATA\u00c7\u00c3O DE EMPRESA ESPECIALIZADA EM ENGENHARIA CIVIL PARA CONSTRU\u00c7\u00c3O DE SALAS NAS DEPEND\u00caNCIAS DO PARQUE EXPOSI\u00c7\u00d5ES (\u00c1LVARO BORGES), EM ATENDIMENTO AS NECESSIDADES DO DEPARTAMENTO DE AGRICULTURA DO MUNIC\u00cdPIO DE PRATINHA\/MG.<\/td><td class=\"column-4\">PUBLICADO: 10\/03\/2026 CERTAME 26\/03\/2026 \u00c1S 09:00 HRS, PORTAL LICITANET.<\/td><td class=\"column-5\"><\/td>\n<\/tr>\n<tr class=\"row-4\">\n\t<td class=\"column-1\">P<\/td><td class=\"column-2\"><\/td><td class=\"column-3\"><\/td><td class=\"column-4\"><\/td><td class=\"column-5\"><\/td>\n<\/tr>\n<tr class=\"row-5\">\n\t<td class=\"column-1\"><\/td><td class=\"column-2\"><\/td><td class=\"column-3\"><\/td><td class=\"column-4\"><\/td><td class=\"column-5\"><\/td>\n<\/tr>\n<tr class=\"row-6\">\n\t<td class=\"column-1\"><\/td><td class=\"column-2\"><\/td><td class=\"column-3\"><\/td><td class=\"column-4\"><\/td><td class=\"column-5\"><\/td>\n<\/tr>\n<tr class=\"row-7\">\n\t<td class=\"column-1\"><\/td><td class=\"column-2\"><\/td><td class=\"column-3\"><\/td><td class=\"column-4\"><\/td><td class=\"column-5\"><\/td>\n<\/tr>\n<tr class=\"row-8\">\n\t<td class=\"column-1\"><\/td><td class=\"column-2\"><\/td><td class=\"column-3\"><\/td><td class=\"column-4\"><\/td><td class=\"column-5\"><\/td>\n<\/tr>\n<tr class=\"row-9\">\n\t<td class=\"column-1\"><\/td><td class=\"column-2\"><\/td><td class=\"column-3\"><\/td><td class=\"column-4\"><\/td><td class=\"column-5\"><\/td>\n<\/tr>\n<tr class=\"row-10\">\n\t<td class=\"column-1\"><\/td><td class=\"column-2\"><\/td><td class=\"column-3\"><\/td><td class=\"column-4\"><\/td><td class=\"column-5\"><\/td>\n<\/tr>\n<\/tbody>\n<\/table>\n<!-- #tablepress-43 from cache -->\n","protected":false},"excerpt":{"rendered":"<p><\/p>","protected":false},"author":1,"featured_media":0,"parent":0,"menu_order":0,"comment_status":"closed","ping_status":"closed","template":"","meta":{"footnotes":""},"class_list":["post-14487","page","type-page","status-publish"],"_links":{"self":[{"href":"https:\/\/www.pratinha.mg.gov.br\/portal\/wp-json\/wp\/v2\/pages\/14487","targetHints":{"allow":["GET"]}}],"collection":[{"href":"https:\/\/www.pratinha.mg.gov.br\/portal\/wp-json\/wp\/v2\/pages"}],"about":[{"href":"https:\/\/www.pratinha.mg.gov.br\/portal\/wp-json\/wp\/v2\/types\/page"}],"author":[{"embeddable":true,"href":"https:\/\/www.pratinha.mg.gov.br\/portal\/wp-json\/wp\/v2\/users\/1"}],"replies":[{"embeddable":true,"href":"https:\/\/www.pratinha.mg.gov.br\/portal\/wp-json\/wp\/v2\/comments?post=14487"}],"version-history":[{"count":1,"href":"https:\/\/www.pratinha.mg.gov.br\/portal\/wp-json\/wp\/v2\/pages\/14487\/revisions"}],"predecessor-version":[{"id":14488,"href":"https:\/\/www.pratinha.mg.gov.br\/portal\/wp-json\/wp\/v2\/pages\/14487\/revisions\/14488"}],"wp:attachment":[{"href":"https:\/\/www.pratinha.mg.gov.br\/portal\/wp-json\/wp\/v2\/media?parent=14487"}],"curies":[{"name":"wp","href":"https:\/\/api.w.org\/{rel}","templated":true}]}}