{"id":14481,"date":"2026-01-05T20:06:31","date_gmt":"2026-01-05T20:06:31","guid":{"rendered":"https:\/\/www.pratinha.mg.gov.br\/portal\/?page_id=14481"},"modified":"2026-01-05T20:06:31","modified_gmt":"2026-01-05T20:06:31","slug":"inexigibilidades-2026","status":"publish","type":"page","link":"https:\/\/www.pratinha.mg.gov.br\/portal\/inexigibilidades-2026\/","title":{"rendered":"INEXIGIBILIDADES 2026"},"content":{"rendered":"\n<table id=\"tablepress-41\" class=\"tablepress tablepress-id-41\">\n<thead>\n<tr class=\"row-1\">\n\t<th class=\"column-1\">PROCESSO<\/th><th class=\"column-2\">ARQUIVO<\/th><th class=\"column-3\">OBJETO<\/th><th class=\"column-4\">DATA<\/th><th class=\"column-5\">RESULTADO<\/th>\n<\/tr>\n<\/thead>\n<tbody class=\"row-striping row-hover\">\n<tr class=\"row-2\">\n\t<td class=\"column-1\">PROCESSO N\u00b0 007\/2026<br \/>\nCHAMADA PUBLICA N\u00ba 001\/2026<\/td><td class=\"column-2\"><a href=\"http:\/\/www.pratinha.mg.gov.br\/portal\/wp-content\/uploads\/2026\/03\/EDITAL-CHAMADA-PUBLICA-2.docx-2.pdf\">EDITAL CHAMADA PUBLICA 2.docx<\/a><br \/>\n<br \/>\n<br \/>\n<a href=\"http:\/\/www.pratinha.mg.gov.br\/portal\/wp-content\/uploads\/2026\/03\/Ata-e-Mapa-de-apuracao.pdf\">Ata e Mapa de apura\u00e7\u00e3o<\/a><br \/>\n<br \/>\n<br \/>\n<a href=\"http:\/\/www.pratinha.mg.gov.br\/portal\/wp-content\/uploads\/2026\/03\/Ratificacao-1.pdf\">Ratifica\u00e7\u00e3o 1<\/a><a href=\"http:\/\/www.pratinha.mg.gov.br\/portal\/wp-content\/uploads\/2026\/03\/EXTRATO-DE-CONTRATOS.pdf\">EXTRATO DE CONTRATOS<\/a><\/td><td class=\"column-3\">AQUISI\u00c7\u00c3O DE G\u00caNEROS ALIMENT\u00cdCIOS DIRETAMENTE DE AGRICULTURA FAMILIAR PARA ALIMENTA\u00c7\u00c3O ESCOLAR, DESTINADO \u00c0 COMPLEMENTA\u00c7\u00c3O DO CARD\u00c1PIO, ATENDENDO AS NECESSIDADES NUTRICIONAIS PREVISTAS PELO PROGRAMA NACIONAL DE ALIMENTA\u00c7\u00c3O ESCOLAR (PNAE) PARA ATENDER AS DEMANDAS DA SECRETARIA MUNICIPAL DE EDUCA\u00c7\u00c3O PRATINHA\/MG.<br \/>\n<br \/>\nATA DE SESS\u00c3O COM MAPA DE APURA\u00c7\u00c3O <br \/>\n<br \/>\nRATIFICA\u00c7\u00c3O<br \/>\n<br \/>\nEXTRATO DE CONTRATO<\/td><td class=\"column-4\">PUBLICADO: 02\/03\/2026<br \/>\nCREDENCIAMENTO DIA 19\/03\/2026.<br \/>\n<br \/>\nPUBLICADO: 27\/03\/2026<br \/>\n<br \/>\nPUBLICADO: 30\/03\/2026<\/td><td class=\"column-5\">CONTRATOS: <br \/>\n25,26,27,28,29,30,31 E 32\/2026. <br \/>\nVIG\u00caNCIA DE 24\/03\/2026 \u00c0 24\/03\/2027.<\/td>\n<\/tr>\n<tr class=\"row-3\">\n\t<td class=\"column-1\">PROCESSO N\u00b0 15\/2026<br \/>\nCREDENCIAMENTO N\u00ba 001\/2026<br \/>\n<br \/>\n<\/td><td class=\"column-2\"><a href=\"http:\/\/www.pratinha.mg.gov.br\/portal\/wp-content\/uploads\/2026\/03\/EDITAL-CREDENCIAMENTO-P-PUBLI.pdf\">EDITAL CREDENCIAMENTO P-PUBLI<\/a><br \/>\n<br \/>\n<a href=\"http:\/\/www.pratinha.mg.gov.br\/portal\/wp-content\/uploads\/2026\/03\/ATA-ASSINADA-DO-CREDENCIAMENTO-TEMPO-INTEGRAL.pdf\">ATA ASSINADA DO CREDENCIAMENTO TEMPO INTEGRAL<\/a><br \/>\n<br \/>\n<a href=\"http:\/\/www.pratinha.mg.gov.br\/portal\/wp-content\/uploads\/2026\/03\/Ratificacao-do-processo.pdf\">Ratifica\u00e7\u00e3o do processo<\/a><br \/>\n<br \/>\n<a href=\"http:\/\/www.pratinha.mg.gov.br\/portal\/wp-content\/uploads\/2026\/03\/EXTRATO-DE-CONTRATOS-1.pdf\">EXTRATO DE CONTRATOS<\/a><\/td><td class=\"column-3\">CREDENCIAMENTO DE PROFISSIONAIS INTERESSADOS EM PRESTAR SERVI\u00c7O NO \u201cPROGRAMA ESCOLA EM TEMPO INTEGRAL\u201d PARA ATENDIMENTO NA ESCOLA MUNICIPAL CORONEL NECA DE PAULA.<br \/>\n<br \/>\nATA DE CREDENCIAMENTO<br \/>\n<br \/>\nTERMO DE RATIFICA\u00c7\u00c3O<br \/>\n<br \/>\nEXTRATO DE OCNTRATO<\/td><td class=\"column-4\">PUBLICADO: 12\/03\/2026<br \/>\nCREDENCIAMENTO A PARTIR DE 12\/03\/2026.<br \/>\n<br \/>\nPUBLICADO: 27\/03\/2026<br \/>\n <br \/>\nPUBLICADO: 31\/03\/2026<br \/>\n<br \/>\nPUBLICADO 31\/03\/2026<\/td><td class=\"column-5\">CONTRATOS: 22,34 E 35.<br \/>\nVIG\u00caNCIA: 31\/03\/2026 \u00c0 31\/12\/2026.<\/td>\n<\/tr>\n<tr class=\"row-4\">\n\t<td class=\"column-1\">PROCESSO N\u00ba 011\/2026<br \/>\nINEXIGIBILIDADE N\u00ba 001\/2026<\/td><td class=\"column-2\"><a href=\"http:\/\/www.pratinha.mg.gov.br\/portal\/wp-content\/uploads\/2026\/03\/010-RATIFICACAO-DE-INEXIGIBILIDADE-DE-LICITACAO-1.pdf\">010 - RATIFICA\u00c7\u00c3O DE INEXIGIBILIDADE DE LICITA\u00c7\u00c3O<\/a><br \/>\n<br \/>\n<br \/>\n<a href=\"http:\/\/www.pratinha.mg.gov.br\/portal\/wp-content\/uploads\/2026\/03\/Extrato-do-Contrato.pdf\">Extrato do Contrato<\/a><\/td><td class=\"column-3\">CONTRATA\u00c7\u00c3O DE SERVI\u00c7OS ESPECIALIZADOS EM ASSESSORIA E CONSULTORIA, OBJETIVANDO O MONITORAMENTO, ANALISE E AUDITORIA DE TODO O PROCESSO DE LEVANTAMENTO DE DADOS APURA\u00c7\u00c3O E C\u00c1LCULO DO VALOR ADICIONADO FISCAL-VAF JUNTO A SECRETARIA DE ESTADO DE MINAS GERAIS, RELATIVO AO ANO DE 2026\/27, FATOR DETERMINANTE DO \u00cdNDICES DE PARTICIPA\u00c7\u00d5ES DOS MUNIC\u00cdPIO NA PARCELA DE ICMS, A SER DESTINADA AOS MUNIC\u00cdPIO NO ANO DE 2026, BUSCANDO AUMENTAR O UNIVERSO DE DECLARA\u00c7\u00d5ES APRESENTADAS DENTRO DO CADASTRO EXISTENTE NO MUNIC\u00cdPIO, GARANTIR O CORRETO PREENCHIMENTO DAS DECLARA\u00c7\u00d5ES, LEVANTAR E ANALISAR AS SITUA\u00c7\u00d5ES DESFAVOR\u00c1VEIS PARA AS PR\u00d3XIMAS APURA\u00c7\u00d5ES, CONSCIENTIZA\u00c7\u00c3O DOS CONTRIBUINTES E CONTABILISTAS, CONFORME DESCRI\u00c7\u00c3O DETALHADA DOS SERVI\u00c7OS.<br \/>\n<br \/>\n<br \/>\n<br \/>\nExtrato do Contrato<\/td><td class=\"column-4\">PUBLICA\u00c7\u00c3O: 13\/03\/2026<br \/>\n<br \/>\nPUBLICA\u00c7\u00c3O: 24\/03\/2026.<\/td><td class=\"column-5\"><\/td>\n<\/tr>\n<tr class=\"row-5\">\n\t<td class=\"column-1\">PROCESSO N\u00aa 020\/2026<br \/>\nINEXIGIBILIDADE N\u00ba 002\/2026<\/td><td class=\"column-2\"><a href=\"http:\/\/www.pratinha.mg.gov.br\/portal\/wp-content\/uploads\/2026\/04\/Ratificacao-1.pdf\">Ratifica\u00e7\u00e3o<\/a><\/td><td class=\"column-3\">CONTRATA\u00c7\u00c3O DO SHOW COM A <br \/>\nATRA\u00c7\u00c3O ROGERIO E REGIANE PARA APRESENTA\u00c7\u00c3O NO EVENTO 2\u00aa EXPOAGRO  DE PRATINHA\/MG.<\/td><td class=\"column-4\">PUBLICA\u00c7\u00c3O: 08\/04\/2026<\/td><td class=\"column-5\"><\/td>\n<\/tr>\n<tr class=\"row-6\">\n\t<td class=\"column-1\">PROCESSO N\u00ba 023\/2026<br \/>\nINEXIGIBILIDADE N\u00b0 003\/2026<\/td><td class=\"column-2\"><a href=\"http:\/\/www.pratinha.mg.gov.br\/portal\/wp-content\/uploads\/2026\/04\/TERMO-DE-RATIFICACAO.pdf\">TERMO DE RATIFICA\u00c7\u00c3O<\/a><\/td><td class=\"column-3\">CONTRATA\u00c7\u00c3O DO SHOW COM A <br \/>\nATRA\u00c7\u00c3O BANDA PEIXE PILOTO PARA APRESENTA\u00c7\u00c3O NO EVENTO 2\u00aa EXPOAGRO  DE PRATINHA\/MG.<\/td><td class=\"column-4\">PUBLICA\u00c7\u00c3O: 09\/04\/2026<\/td><td class=\"column-5\"><\/td>\n<\/tr>\n<tr class=\"row-7\">\n\t<td class=\"column-1\"><\/td><td class=\"column-2\"><\/td><td class=\"column-3\"><\/td><td class=\"column-4\"><\/td><td class=\"column-5\"><\/td>\n<\/tr>\n<tr class=\"row-8\">\n\t<td class=\"column-1\"><\/td><td class=\"column-2\"><\/td><td class=\"column-3\"><\/td><td class=\"column-4\"><\/td><td class=\"column-5\"><\/td>\n<\/tr>\n<tr class=\"row-9\">\n\t<td class=\"column-1\"><\/td><td class=\"column-2\"><\/td><td class=\"column-3\"><\/td><td class=\"column-4\"><\/td><td class=\"column-5\"><\/td>\n<\/tr>\n<tr class=\"row-10\">\n\t<td class=\"column-1\"><\/td><td class=\"column-2\"><\/td><td class=\"column-3\"><\/td><td class=\"column-4\"><\/td><td class=\"column-5\"><\/td>\n<\/tr>\n<tr class=\"row-11\">\n\t<td class=\"column-1\"><\/td><td class=\"column-2\"><\/td><td class=\"column-3\"><\/td><td class=\"column-4\"><\/td><td class=\"column-5\"><\/td>\n<\/tr>\n<tr class=\"row-12\">\n\t<td class=\"column-1\"><\/td><td class=\"column-2\"><\/td><td class=\"column-3\"><\/td><td class=\"column-4\"><\/td><td class=\"column-5\"><\/td>\n<\/tr>\n<tr class=\"row-13\">\n\t<td class=\"column-1\"><\/td><td class=\"column-2\"><\/td><td class=\"column-3\"><\/td><td class=\"column-4\"><\/td><td class=\"column-5\"><\/td>\n<\/tr>\n<tr class=\"row-14\">\n\t<td class=\"column-1\"><\/td><td class=\"column-2\"><\/td><td class=\"column-3\"><\/td><td class=\"column-4\"><\/td><td class=\"column-5\"><\/td>\n<\/tr>\n<tr class=\"row-15\">\n\t<td class=\"column-1\"><\/td><td class=\"column-2\"><\/td><td class=\"column-3\"><\/td><td class=\"column-4\"><\/td><td class=\"column-5\"><\/td>\n<\/tr>\n<tr class=\"row-16\">\n\t<td class=\"column-1\"><\/td><td class=\"column-2\"><\/td><td class=\"column-3\"><\/td><td class=\"column-4\"><\/td><td class=\"column-5\"><\/td>\n<\/tr>\n<tr class=\"row-17\">\n\t<td class=\"column-1\"><\/td><td class=\"column-2\"><\/td><td class=\"column-3\"><\/td><td class=\"column-4\"><\/td><td class=\"column-5\"><\/td>\n<\/tr>\n<tr class=\"row-18\">\n\t<td class=\"column-1\"><\/td><td class=\"column-2\"><\/td><td class=\"column-3\"><\/td><td class=\"column-4\"><\/td><td class=\"column-5\"><\/td>\n<\/tr>\n<tr class=\"row-19\">\n\t<td class=\"column-1\"><\/td><td class=\"column-2\"><\/td><td class=\"column-3\"><\/td><td class=\"column-4\"><\/td><td class=\"column-5\"><\/td>\n<\/tr>\n<tr class=\"row-20\">\n\t<td class=\"column-1\"><\/td><td class=\"column-2\"><\/td><td class=\"column-3\"><\/td><td class=\"column-4\"><\/td><td class=\"column-5\"><\/td>\n<\/tr>\n<tr class=\"row-21\">\n\t<td class=\"column-1\"><\/td><td class=\"column-2\"><\/td><td class=\"column-3\"><\/td><td class=\"column-4\"><\/td><td class=\"column-5\"><\/td>\n<\/tr>\n<tr class=\"row-22\">\n\t<td class=\"column-1\"><\/td><td class=\"column-2\"><\/td><td class=\"column-3\"><\/td><td class=\"column-4\"><\/td><td class=\"column-5\"><\/td>\n<\/tr>\n<tr class=\"row-23\">\n\t<td class=\"column-1\"><\/td><td class=\"column-2\"><\/td><td class=\"column-3\"><\/td><td class=\"column-4\"><\/td><td class=\"column-5\"><\/td>\n<\/tr>\n<tr class=\"row-24\">\n\t<td class=\"column-1\"><\/td><td class=\"column-2\"><\/td><td class=\"column-3\"><\/td><td class=\"column-4\"><\/td><td class=\"column-5\"><\/td>\n<\/tr>\n<tr class=\"row-25\">\n\t<td class=\"column-1\"><\/td><td class=\"column-2\"><\/td><td class=\"column-3\"><\/td><td class=\"column-4\"><\/td><td class=\"column-5\"><\/td>\n<\/tr>\n<tr class=\"row-26\">\n\t<td class=\"column-1\"><\/td><td class=\"column-2\"><\/td><td class=\"column-3\"><\/td><td class=\"column-4\"><\/td><td class=\"column-5\"><\/td>\n<\/tr>\n<tr class=\"row-27\">\n\t<td class=\"column-1\"><\/td><td class=\"column-2\"><\/td><td class=\"column-3\"><\/td><td class=\"column-4\"><\/td><td class=\"column-5\"><\/td>\n<\/tr>\n<\/tbody>\n<\/table>\n<!-- #tablepress-41 from cache -->\n","protected":false},"excerpt":{"rendered":"<p><\/p>","protected":false},"author":1,"featured_media":0,"parent":0,"menu_order":0,"comment_status":"closed","ping_status":"closed","template":"","meta":{"footnotes":""},"class_list":["post-14481","page","type-page","status-publish"],"_links":{"self":[{"href":"https:\/\/www.pratinha.mg.gov.br\/portal\/wp-json\/wp\/v2\/pages\/14481","targetHints":{"allow":["GET"]}}],"collection":[{"href":"https:\/\/www.pratinha.mg.gov.br\/portal\/wp-json\/wp\/v2\/pages"}],"about":[{"href":"https:\/\/www.pratinha.mg.gov.br\/portal\/wp-json\/wp\/v2\/types\/page"}],"author":[{"embeddable":true,"href":"https:\/\/www.pratinha.mg.gov.br\/portal\/wp-json\/wp\/v2\/users\/1"}],"replies":[{"embeddable":true,"href":"https:\/\/www.pratinha.mg.gov.br\/portal\/wp-json\/wp\/v2\/comments?post=14481"}],"version-history":[{"count":1,"href":"https:\/\/www.pratinha.mg.gov.br\/portal\/wp-json\/wp\/v2\/pages\/14481\/revisions"}],"predecessor-version":[{"id":14482,"href":"https:\/\/www.pratinha.mg.gov.br\/portal\/wp-json\/wp\/v2\/pages\/14481\/revisions\/14482"}],"wp:attachment":[{"href":"https:\/\/www.pratinha.mg.gov.br\/portal\/wp-json\/wp\/v2\/media?parent=14481"}],"curies":[{"name":"wp","href":"https:\/\/api.w.org\/{rel}","templated":true}]}}