{"id":14478,"date":"2026-01-05T20:02:20","date_gmt":"2026-01-05T20:02:20","guid":{"rendered":"https:\/\/www.pratinha.mg.gov.br\/portal\/?page_id=14478"},"modified":"2026-01-05T20:02:20","modified_gmt":"2026-01-05T20:02:20","slug":"licitacoes-2026","status":"publish","type":"page","link":"https:\/\/www.pratinha.mg.gov.br\/portal\/licitacoes-2026\/","title":{"rendered":"Licita\u00e7\u00f5es 2026"},"content":{"rendered":"\n<table id=\"tablepress-40\" class=\"tablepress tablepress-id-40\">\n<thead>\n<tr class=\"row-1\">\n\t<th class=\"column-1\">PROCESSO<\/th><th class=\"column-2\">ARQUIVO<\/th><th class=\"column-3\">OBJETO<\/th><th class=\"column-4\">DATA<\/th><th class=\"column-5\">RESULTADO<\/th>\n<\/tr>\n<\/thead>\n<tbody class=\"row-striping row-hover\">\n<tr class=\"row-2\">\n\t<td class=\"column-1\">PROCESSO N\u00ba01\/2026<br \/>\nPREG\u00c3O ELETRONICO N\u00ba01\/2026<\/td><td class=\"column-2\"><a href=\"http:\/\/www.pratinha.mg.gov.br\/portal\/wp-content\/uploads\/2026\/01\/Edital.pdf\">Edital<\/a><br \/>\n<br \/>\n<a href=\"http:\/\/www.pratinha.mg.gov.br\/portal\/wp-content\/uploads\/2026\/02\/LICITANET-ATA-DE-REALIZACAO-DO-PREGAO-ELETRONICO.pdf\">LICITANET - ATA DE REALIZA\u00c7\u00c3O DO PREG\u00c3O ELETR\u00d4NICO<\/a><br \/>\n<br \/>\n<a href=\"http:\/\/www.pratinha.mg.gov.br\/portal\/wp-content\/uploads\/2026\/03\/EXTRAO-DE-CONTRATO.pdf\">EXTRAO DE CONTRATO<\/a><\/td><td class=\"column-3\">CONTRATA\u00c7\u00c3O DE EMPRESA ESPECIALIZADA PARA PRESTA\u00c7\u00c3O DE SERVI\u00c7OS DE ENGENHARIA SANIT\u00c1RIA DE RECEBIMENTO, TRATAMENTO E DESTINA\u00c7\u00c3O FINAL ADEQUADA DOS RES\u00cdDUOS S\u00d3LIDOS URBANO (LIXO) CLASSE II, PROVENIENTES DOS SERVI\u00c7OS DE LIMPEZA P\u00daBLICA DO MUNIC\u00cdPIO DE PRATINHA\/MG, EM ATERRO SANIT\u00c1RIO DEVIDAMENTE LICENCIADO PELOS \u00d3RG\u00c3OS AMBIENTAIS COMPETENTES.<br \/>\n<br \/>\nATA DA SESS\u00c3O<br \/>\n<br \/>\nEXTRATO DE CONTRATO<\/td><td class=\"column-4\">PUBLICADO:21\/01\/2026<br \/>\nO CERTAME OCORRER\u00c1 NO DIA:05\/02\/2026 AS 09:00 DA MANHA PELO SITE LICITANET.<br \/>\n<br \/>\nPUBLICADO: 05\/02\/2026<br \/>\n<br \/>\nPUBLICADO:04\/03\/2026<\/td><td class=\"column-5\">CONTRATO N\u00b0019\/2026<br \/>\nCOMVIGENCIA :26\/02\/2026 A 26\/02\/2027<\/td>\n<\/tr>\n<tr class=\"row-3\">\n\t<td class=\"column-1\">PROCESSO LICITAT\u00d3RIO N\u00ba 002\/2026<br \/>\nPREG\u00c3O ELETR\u00d4NICO N\u00ba 002\/2026<br \/>\n<\/td><td class=\"column-2\"><a href=\"http:\/\/www.pratinha.mg.gov.br\/portal\/wp-content\/uploads\/2026\/02\/EDITAL-HORTIFRUITI.pdf\">EDITAL HORTIFRUITI<\/a><a href=\"http:\/\/www.pratinha.mg.gov.br\/portal\/wp-content\/uploads\/2026\/02\/LICITANET-ATA-DE-REALIZACAO-DO-PREGAO-ELETRONICO-1.pdf\">LICITANET - ATA DE REALIZA\u00c7\u00c3O DO PREG\u00c3O ELETR\u00d4NICO<\/a><br \/>\n<br \/>\n<a href=\"http:\/\/www.pratinha.mg.gov.br\/portal\/wp-content\/uploads\/2026\/03\/homologacao-e-adjudicacao.pdf\">homologa\u00e7ao e adjudica\u00e7\u00e3o<\/a><br \/>\n<br \/>\n<a href=\"http:\/\/www.pratinha.mg.gov.br\/portal\/wp-content\/uploads\/2026\/03\/EXTRATO-DE-ATA.pdf\">EXTRATO DE ATA<\/a><\/td><td class=\"column-3\">REGISTRO DE PRE\u00c7OS PARA AQUISI\u00c7\u00c3O DE HORTIFRUTI PARA ATENDIMENTO DOS DIVERSOS DEPARTAMENTOS DA PREFEITURA MUNICIPAL DE PRATINHA\/MG. <br \/>\nATA DA SESS\u00c3O<br \/>\nHOMOLOGA\u00c7\u00c3O\/ ADJUDICA\u00c7\u00c3O<br \/>\nEXTRATO DE ATA DE REGISTRO DE PRE\u00c7OS<\/td><td class=\"column-4\">PUBLICADO:06\/02\/2026  O CERTAME SER\u00c1 REALIZADO NO DIA 24\/02\/2026 AS 09:00 DA MANHA PELO SITE LICITANET<br \/>\nPUBLICADO:24\/02\/2026<br \/>\n<br \/>\nPUBLICADO:10\/03\/2026<br \/>\nPUBLICADO: 10\/03\/2026<\/td><td class=\"column-5\">ATAS <br \/>\nN\u00ba09\/2026 <br \/>\nN\u00b010\/2026<\/td>\n<\/tr>\n<tr class=\"row-4\">\n\t<td class=\"column-1\">PROCESSO LICITAT\u00d3RIO N\u00ba 003\/2026<br \/>\nPREG\u00c3O ELETR\u00d4NICO N\u00ba 003\/2026<br \/>\n<\/td><td class=\"column-2\"><a href=\"http:\/\/www.pratinha.mg.gov.br\/portal\/wp-content\/uploads\/2026\/02\/EDITAL-SRP-1-2.pdf\">EDITAL SRP - (1) (2)<\/a><br \/>\n<br \/>\n<a href=\"http:\/\/www.pratinha.mg.gov.br\/portal\/wp-content\/uploads\/2026\/03\/LICITANET-ATA-DE-REALIZACAO-DO-PREGAO-ELETRONICO.pdf\">LICITANET - ATA DE REALIZA\u00c7\u00c3O DO PREG\u00c3O ELETR\u00d4NICO<\/a><br \/>\n<br \/>\n<a href=\"http:\/\/www.pratinha.mg.gov.br\/portal\/wp-content\/uploads\/2026\/03\/TERMO-DE-ADJUDICACAO-HOMOLOGACAO.pdf\">TERMO DE ADJUDICA\u00c7\u00c3O- HOMOLOGA\u00c7\u00c3O<\/a><br \/>\n<br \/>\n<a href=\"http:\/\/www.pratinha.mg.gov.br\/portal\/wp-content\/uploads\/2026\/03\/EXTRATO-DE-ATAS.pdf\">EXTRATO DE ATAS<\/a><\/td><td class=\"column-3\">REGISTRO DE PRE\u00c7OS AQUISI\u00c7\u00c3O DE EQUIPAMENTOS PERMANENTES, MATERIAIS DE CONSUMO E EQUIPAMENTOS DE PROTE\u00c7\u00c3O INDIVIDUAL (EPI\u2019S) DESTINADOS \u00c0 ESTRUTURA\u00c7\u00c3O E FORTALECIMENTO DAS ATIVIDADES DA VIGIL\u00c2NCIA EM SA\u00daDE, EM ATENDIMENTO AS NECESSIDADE DO FUNDO MUNICIP\u00c1L DE SA\u00daDE DE PRATINHA\/MG.<br \/>\n<br \/>\nATA DA SESS\u00c3O<br \/>\n<br \/>\nTERMO DE HOMOLOGA\u00c7\u00c3O<br \/>\nEXTRATO DAS ATAS<\/td><td class=\"column-4\">PUBLICADO:12\/02\/2026<br \/>\nCERTAME DIA 02\/03\/2026 AS 09:00 PELO PORTAL LICITANE<br \/>\n<br \/>\nPUBLICADO:05\/03\/2026<br \/>\n<br \/>\nPUBLICADO:26\/03\/2026<\/td><td class=\"column-5\">ATAS N\u00ba01\/2026-012\/2026-013\/2026-014\/2026-015\/2026-016\/2026-017\/2026-018\/2026<\/td>\n<\/tr>\n<tr class=\"row-5\">\n\t<td class=\"column-1\">                                                           PROCESSO LICITAT\u00d3RIO N\u00ba 04\/2026<br \/>\nPREG\u00c3O ELETR\u00d4NICO N\u00ba 04\/2026<br \/>\n<\/td><td class=\"column-2\"><a href=\"http:\/\/www.pratinha.mg.gov.br\/portal\/wp-content\/uploads\/2026\/02\/EDITAL.pdf\">EDITAL<\/a><br \/>\n<br \/>\n<a href=\"http:\/\/www.pratinha.mg.gov.br\/portal\/wp-content\/uploads\/2026\/02\/EDITAL-DE-RETIFICACAO.pdf\">EDITAL DE RETIFICA\u00c7\u00c3O<\/a><br \/>\n<br \/>\n<a href=\"http:\/\/www.pratinha.mg.gov.br\/portal\/wp-content\/uploads\/2026\/03\/LICITANET-ATA-DE-REALIZACAO-DO-PREGAO-ELETRONICO-1.pdf\">LICITANET - ATA DE REALIZA\u00c7\u00c3O DO PREG\u00c3O ELETR\u00d4NICO<\/a><br \/>\n<br \/>\n<a href=\"http:\/\/www.pratinha.mg.gov.br\/portal\/wp-content\/uploads\/2026\/03\/DESPACHO-ASSINADO.pdf\">DESPACHO ASSINADO<\/a><br \/>\n<br \/>\n<br \/>\n<a href=\"http:\/\/www.pratinha.mg.gov.br\/portal\/wp-content\/uploads\/2026\/03\/LICITANET-ATA-DE-REALIZACAO-DO-PREGAO-ELETRONICO-Complementar-no-1.pdf\">LICITANET - ATA DE REALIZA\u00c7\u00c3O DO PREG\u00c3O ELETR\u00d4NICO Complementar n\u00ba 1<\/a><br \/>\n<br \/>\n<a href=\"http:\/\/www.pratinha.mg.gov.br\/portal\/wp-content\/uploads\/2026\/03\/LICITANET-ATA-DE-REALIZACAO-DO-PREGAO-ELETRONICO-Complementar-no-2.pdf\">LICITANET - ATA DE REALIZA\u00c7\u00c3O DO PREG\u00c3O ELETR\u00d4NICO Complementar n\u00ba 2<\/a><br \/>\n<br \/>\n<a href=\"http:\/\/www.pratinha.mg.gov.br\/portal\/wp-content\/uploads\/2026\/03\/homologacao-e-adjudicacao-4.pdf\">homologa\u00e7ao e adjudica\u00e7\u00e3o<\/a><br \/>\n<br \/>\n<a href=\"http:\/\/www.pratinha.mg.gov.br\/portal\/wp-content\/uploads\/2026\/04\/EXTRATO-DE-CONTRATO-1.pdf\">EXTRATO DE CONTRATO<\/a><\/td><td class=\"column-3\">AQUISI\u00c7\u00c3O DE PARQUE INFANTIL\/PLAYGROND, COM ESTRUTURA EM MADEIRA DE EUCALIPTO \tINCLUINDO TODOS MATERIAIS E INSUMOS, M\u00c3O DE OBRA E ESTALA\u00c7\u00c3O, EM ATENDIMENTO AO DEPARTAMENTO DE TURISMO E ESPORTE DA PREFEITURA MUNICIPAL DE PRATINHA \u2013 MG.<br \/>\n<br \/>\nAVISO DE RETIFICA\u00c7\u00c3O AO EDITAL<br \/>\n<br \/>\nATA DA SESS\u00c3O<br \/>\n<br \/>\nAVISO DE REABERTURA DE SESS\u00c3O<br \/>\n<br \/>\nATA COMPLEMETAR 01<br \/>\nATA COMPLEMENTAR 02<br \/>\n<br \/>\nTERMODE ADJUDICA\u00c7\u00c3O- HOMOLOGA\u00c7\u00c3O<br \/>\n<br \/>\nEXTRATO DE CONTRATO<\/td><td class=\"column-4\">PUBLICADO:23\/02\/2026<br \/>\nCERTAME DIA 06\/03\/2026 AS 09:00 PELO PORTAL LICITANET <br \/>\n<br \/>\nPUBLICADO:26\/02\/2026<br \/>\nPUBLICADO:11\/03\/2026<br \/>\n<br \/>\nPUBLICADO:12\/03\/2026<br \/>\n<br \/>\nPUBLICADO:19\/03\/2026<br \/>\n<br \/>\nPUBLICADO: 24\/03\/2026<br \/>\n<br \/>\nPUBLICADO:08\/04\/2026<\/td><td class=\"column-5\">CONTRATO DE N\u00ba033\/2026<br \/>\nVIGENCIA 06\/04\/2026 A 06\/04\/2027<\/td>\n<\/tr>\n<tr class=\"row-6\">\n\t<td class=\"column-1\">PROCESSO LICITAT\u00d3RIO N\u00ba 006\/2026<br \/>\nEDITAL SRP PREG\u00c3O ELETR\u00d4NICO N\u00ba 005\/2026<br \/>\n<\/td><td class=\"column-2\"><a href=\"http:\/\/www.pratinha.mg.gov.br\/portal\/wp-content\/uploads\/2026\/03\/EDITAL-SRP-1-2-1.pdf\">EDITAL SRP - (1) (2) (1)<\/a><br \/>\n<br \/>\n<a href=\"http:\/\/www.pratinha.mg.gov.br\/portal\/wp-content\/uploads\/2026\/03\/Impugnacao-Amostra.pdf\">Impugnacao Amostra<\/a><br \/>\n<br \/>\n<a href=\"http:\/\/www.pratinha.mg.gov.br\/portal\/wp-content\/uploads\/2026\/03\/Impugnacao-Exclusividade-Selo-ABIC.pdf\">Impugnacao Exclusividade Selo ABIC<\/a><br \/>\n<br \/>\n<a href=\"http:\/\/www.pratinha.mg.gov.br\/portal\/wp-content\/uploads\/2026\/03\/resposta-a-impugnacao-assinado.pdf\">resposta a impugna\u00e7\u00e3o assinado<\/a><br \/>\n<br \/>\n<a href=\"http:\/\/www.pratinha.mg.gov.br\/portal\/wp-content\/uploads\/2026\/03\/RETIFICACAO-DE-EDITAL_Assinado.pdf\">RETIFICA\u00c7\u00c3O DE EDITAL_Assinado<\/a><br \/>\n<br \/>\n<a href=\"http:\/\/www.pratinha.mg.gov.br\/portal\/wp-content\/uploads\/2026\/03\/homologacao-e-adjudicacao-3.pdf\">homologa\u00e7ao e adjudica\u00e7\u00e3o<\/a><br \/>\n<br \/>\n<a href=\"http:\/\/www.pratinha.mg.gov.br\/portal\/wp-content\/uploads\/2026\/03\/EXTRATO-DE-ATA-1.pdf\">EXTRATO DE ATA<\/a><\/td><td class=\"column-3\">REGISTRO DE PRE\u00c7OS PARA AQUISI\u00c7\u00c3O DE GENEROS ALIMENTICIOS PARA ATENDIMENTO DOS DIVERSOS DEPARTAMENTOS DA PREFEITURA MUNICIPAL DE PRATINHA\/MG<br \/>\n<br \/>\nIMPUGNA\u00c7\u00c3O <br \/>\nE RESPOSTA<br \/>\n<br \/>\nRETIFICA\u00c7\u00c3O AO EDITAL<br \/>\n<br \/>\n<br \/>\nTERMO DE ADJUDICA\u00c7\u00c3\/HOMOLOGA\u00c7\u00c3O<br \/>\n<br \/>\nEXTRATO DE ATAS<\/td><td class=\"column-4\">PUBLICADO:27\/02\/2026<br \/>\n<br \/>\nPUBLICADO: 03\/03\/2026<br \/>\n<br \/>\nPUBLICADO:26\/03\/2026<\/td><td class=\"column-5\">ATAS: 019\/2026<br \/>\n020\/2026<br \/>\n021\/2026<br \/>\n022\/2026<br \/>\n023\/2026 <br \/>\nVig\u00eancia: 25\/03\/2026 a 25\/03\/2027<br \/>\n<\/td>\n<\/tr>\n<tr class=\"row-7\">\n\t<td class=\"column-1\">PROCESSO LICITAT\u00d3RIO N\u00ba 09\/2026 PREG\u00c3O ELETR\u00d4NICO N\u00ba 06\/2026<br \/>\n<\/td><td class=\"column-2\"><a href=\"http:\/\/www.pratinha.mg.gov.br\/portal\/wp-content\/uploads\/2026\/03\/EDITAL-MATERIAL-ESPORTIVO.pdf\">EDITAL MATERIAL ESPORTIVO<\/a><br \/>\n<br \/>\n<a href=\"http:\/\/www.pratinha.mg.gov.br\/portal\/wp-content\/uploads\/2026\/03\/LICITANET-ATA-DE-REALIZACAO-DO-PREGAO-ELETRONICO-2.pdf\">LICITANET - ATA DE REALIZA\u00c7\u00c3O DO PREG\u00c3O ELETR\u00d4NICO<\/a><\/td><td class=\"column-3\">REGISTRO DE PRE\u00c7OS PARA AQUISI\u00c7\u00c3O DE MATERIAL ESPORTIVO DESTINADO A SUPRIR AS NECESSIDADES DA REDE MUNICIPAL DE ENSINO DO MUNIC\u00cdPIO DE PRATINHA-MG E ATENDER \u00c0S DEMANDAS DO FUNDO MUNICIPAL DE PROTE\u00c7\u00c3O AO PATRIM\u00d4NIO CULTURAL (FUMPAC), E DEPARTAMENTO DE TURISMO, ESPORTE E LAZER. <br \/>\n<br \/>\nATA DA SESS\u00c3O<\/td><td class=\"column-4\">PUBLICADO:10\/03\/2026<br \/>\nCERTAME : DIA 23\/03\/2026 AS 09:00 PELO PORTAL LICITANET<br \/>\n<br \/>\nPUBLICADO:27\/03\/2026<\/td><td class=\"column-5\"><\/td>\n<\/tr>\n<tr class=\"row-8\">\n\t<td class=\"column-1\"> <\/td><td class=\"column-2\"><\/td><td class=\"column-3\"><\/td><td class=\"column-4\"><\/td><td class=\"column-5\"><\/td>\n<\/tr>\n<tr class=\"row-9\">\n\t<td class=\"column-1\">PROCESSO LICITAT\u00d3RIO N\u00ba 016\/2026 PREG\u00c3O ELETR\u00d4NICO N\u00ba 007\/2026<br \/>\n<\/td><td class=\"column-2\"><a href=\"http:\/\/www.pratinha.mg.gov.br\/portal\/wp-content\/uploads\/2026\/03\/Edital-1.pdf\">Edital<\/a><\/td><td class=\"column-3\">CONTRATA\u00c7\u00c3O DE SERVI\u00c7O DE PROJETOS EL\u00c9TRICO ATRAV\u00c9S EMPRESA ESPECIALIZADA DE ENGENHARIA EL\u00c9TRICA E CADASTRO DOS MESMO JUNTO A CEMIG, PARA AN\u00c1LISE DE AUMENTO DE CARGA PARA ATENDIMENTO LOGRADOUROS P\u00daBLICOS MUNICIPAIS DE PRATINHA\/MG <\/td><td class=\"column-4\">PUBLICADO:16\/03\/2026<br \/>\nCERTAME :31\/03\/2026 AS 09:00<\/td><td class=\"column-5\"><\/td>\n<\/tr>\n<tr class=\"row-10\">\n\t<td class=\"column-1\">PROCESSO LICITAT\u00d3RIO N\u00ba 017\/2026PREG\u00c3O ELETR\u00d4NICO N\u00ba 008\/2026<br \/>\n<\/td><td class=\"column-2\"><a href=\"http:\/\/www.pratinha.mg.gov.br\/portal\/wp-content\/uploads\/2026\/03\/Edital-2.pdf\">Edital<\/a><br \/>\n<br \/>\n<a href=\"http:\/\/www.pratinha.mg.gov.br\/portal\/wp-content\/uploads\/2026\/04\/LICITANET-ATA-DE-REALIZACAO-DO-PREGAO-ELETRONICO.pdf\">LICITANET - ATA DE REALIZA\u00c7\u00c3O DO PREG\u00c3O ELETR\u00d4NICO<\/a><\/td><td class=\"column-3\">CONTRATA\u00c7\u00c3O DE EMPRESA VISANDO A PUBLICA\u00c7\u00c3O DE ATOS OFICIAIS, CONFORME ESPECIFICA\u00c7\u00d5ES CONSTANTES DO TERMO DE REFER\u00caNCIA, ANEXO I<br \/>\n<br \/>\nATA DA SESS\u00c3O<\/td><td class=\"column-4\">PUBLICADO:18\/032026<br \/>\nCERTAME DIA 06\/04\/2026 AS 09:00 PELO PORTAL <br \/>\nLICITANET<br \/>\n<br \/>\nPUBLICADO:08\/04\/2026<\/td><td class=\"column-5\"><\/td>\n<\/tr>\n<tr class=\"row-11\">\n\t<td class=\"column-1\">PROCESSO LICITAT\u00d3RIO N\u00ba 018\/2026<br \/>\nPREG\u00c3O ELETR\u00d4NICO N\u00ba 009\/2026<br \/>\n<\/td><td class=\"column-2\"><a href=\"http:\/\/www.pratinha.mg.gov.br\/portal\/wp-content\/uploads\/2026\/03\/EDITAL-SRP-1-2-1-2.pdf\">EDITAL SRP - (1) (2) (1) (2)<\/a><br \/>\n<br \/>\n<a href=\"http:\/\/www.pratinha.mg.gov.br\/portal\/wp-content\/uploads\/2026\/04\/LICITANET-ATA-DE-REALIZACAO-DO-PREGAO-ELETRONICO-1.pdf\">LICITANET - ATA DE REALIZA\u00c7\u00c3O DO PREG\u00c3O ELETR\u00d4NICO<\/a><\/td><td class=\"column-3\">REGISTRO DE PRE\u00c7OS PARA AQUISI\u00c7\u00c3O DE MEDICAMENTOS PARA DISTRIBUI\u00c7\u00c3O GRATUITA NA FARM\u00c1CIA MUNICIPAL E PARA  ATENDIMENTO DAS NECESSIDADES DO DEPARTAMENTO SA\u00daDE DA PREFEITURA MUNICIPAL DE PRATINHA\/MG. <br \/>\n<br \/>\nATA DA SESS\u00c3O<\/td><td class=\"column-4\">PUBLICADO:23\/03\/2026<br \/>\nCERTAME:08\/04\/2026 PELA LICITANET<br \/>\nPUBLICADO:09\/04\/2026<\/td><td class=\"column-5\"><\/td>\n<\/tr>\n<tr class=\"row-12\">\n\t<td class=\"column-1\">PROCESSO LICITATORIO N\u00ba 019\/2026<br \/>\n PREG\u00c3O ELETR\u00d4NICO N\u00ba 010\/2026<br \/>\n<\/td><td class=\"column-2\"><a href=\"http:\/\/www.pratinha.mg.gov.br\/portal\/wp-content\/uploads\/2026\/03\/EDITAL-SRP-1-2.pdf\">EDITAL SRP - (1) (2)<\/a><\/td><td class=\"column-3\">REGISTRO DE PRE\u00c7OS AQUISI\u00c7\u00c3O PARCELADA E CONFORME NECESSIDADE DE P\u00c3ES E LANCHES PARA OS DIVERSOS DEPARTAMENTOS DA PREFEITURA MUNICIPAL DE PRATINHA MG.<\/td><td class=\"column-4\">PUBLICADO:237\/03\/2026<br \/>\nCERTAME DIA 13\/04\/2026 AS 09:00<br \/>\nPELO PORTAL LICITANET.<\/td><td class=\"column-5\"><\/td>\n<\/tr>\n<tr class=\"row-13\">\n\t<td class=\"column-1\"><\/td><td class=\"column-2\"><\/td><td class=\"column-3\"><\/td><td class=\"column-4\"><\/td><td class=\"column-5\"><\/td>\n<\/tr>\n<tr class=\"row-14\">\n\t<td class=\"column-1\"><\/td><td class=\"column-2\"><\/td><td class=\"column-3\"><\/td><td class=\"column-4\"><\/td><td class=\"column-5\"><\/td>\n<\/tr>\n<tr class=\"row-15\">\n\t<td class=\"column-1\"><\/td><td class=\"column-2\"><\/td><td class=\"column-3\"><\/td><td class=\"column-4\"><\/td><td class=\"column-5\"><\/td>\n<\/tr>\n<tr class=\"row-16\">\n\t<td class=\"column-1\"><\/td><td class=\"column-2\"><\/td><td class=\"column-3\"><\/td><td class=\"column-4\"><\/td><td class=\"column-5\"><\/td>\n<\/tr>\n<tr class=\"row-17\">\n\t<td class=\"column-1\"><\/td><td class=\"column-2\"><\/td><td class=\"column-3\"><\/td><td class=\"column-4\"><\/td><td class=\"column-5\"><\/td>\n<\/tr>\n<tr class=\"row-18\">\n\t<td class=\"column-1\"><\/td><td class=\"column-2\"><\/td><td class=\"column-3\"><\/td><td class=\"column-4\"><\/td><td class=\"column-5\"><\/td>\n<\/tr>\n<tr class=\"row-19\">\n\t<td class=\"column-1\"><\/td><td class=\"column-2\"><\/td><td class=\"column-3\"><\/td><td class=\"column-4\"><\/td><td class=\"column-5\"><\/td>\n<\/tr>\n<tr class=\"row-20\">\n\t<td class=\"column-1\"><\/td><td class=\"column-2\"><\/td><td class=\"column-3\"><\/td><td class=\"column-4\"><\/td><td class=\"column-5\"><\/td>\n<\/tr>\n<tr class=\"row-21\">\n\t<td class=\"column-1\"><\/td><td class=\"column-2\"><\/td><td class=\"column-3\"><\/td><td class=\"column-4\"><\/td><td class=\"column-5\"><\/td>\n<\/tr>\n<tr class=\"row-22\">\n\t<td class=\"column-1\"><\/td><td class=\"column-2\"><\/td><td class=\"column-3\"><\/td><td class=\"column-4\"><\/td><td class=\"column-5\"><\/td>\n<\/tr>\n<tr class=\"row-23\">\n\t<td class=\"column-1\"><\/td><td class=\"column-2\"><\/td><td class=\"column-3\"><\/td><td class=\"column-4\"><\/td><td class=\"column-5\"><\/td>\n<\/tr>\n<tr class=\"row-24\">\n\t<td class=\"column-1\"><\/td><td class=\"column-2\"><\/td><td class=\"column-3\"><\/td><td class=\"column-4\"><\/td><td class=\"column-5\"><\/td>\n<\/tr>\n<tr class=\"row-25\">\n\t<td class=\"column-1\"><\/td><td class=\"column-2\"><\/td><td class=\"column-3\"><\/td><td class=\"column-4\"><\/td><td class=\"column-5\"><\/td>\n<\/tr>\n<tr class=\"row-26\">\n\t<td class=\"column-1\"><\/td><td class=\"column-2\"><\/td><td class=\"column-3\"><\/td><td class=\"column-4\"><\/td><td class=\"column-5\"><\/td>\n<\/tr>\n<tr class=\"row-27\">\n\t<td class=\"column-1\"><\/td><td class=\"column-2\"><\/td><td class=\"column-3\"><\/td><td class=\"column-4\"><\/td><td class=\"column-5\"><\/td>\n<\/tr>\n<tr class=\"row-28\">\n\t<td class=\"column-1\"><\/td><td class=\"column-2\"><\/td><td class=\"column-3\"><\/td><td class=\"column-4\"><\/td><td class=\"column-5\"><\/td>\n<\/tr>\n<tr class=\"row-29\">\n\t<td class=\"column-1\"><\/td><td class=\"column-2\"><\/td><td class=\"column-3\"><\/td><td class=\"column-4\"><\/td><td class=\"column-5\"><\/td>\n<\/tr>\n<tr class=\"row-30\">\n\t<td class=\"column-1\"><\/td><td class=\"column-2\"><\/td><td class=\"column-3\"><\/td><td class=\"column-4\"><\/td><td class=\"column-5\"><\/td>\n<\/tr>\n<tr class=\"row-31\">\n\t<td class=\"column-1\"><\/td><td class=\"column-2\"><\/td><td class=\"column-3\"><\/td><td class=\"column-4\"><\/td><td class=\"column-5\"><\/td>\n<\/tr>\n<tr class=\"row-32\">\n\t<td class=\"column-1\"><\/td><td class=\"column-2\"><\/td><td class=\"column-3\"><\/td><td class=\"column-4\"><\/td><td class=\"column-5\"><\/td>\n<\/tr>\n<tr class=\"row-33\">\n\t<td class=\"column-1\"><\/td><td class=\"column-2\"><\/td><td class=\"column-3\"><\/td><td class=\"column-4\"><\/td><td class=\"column-5\"><\/td>\n<\/tr>\n<tr class=\"row-34\">\n\t<td class=\"column-1\"><\/td><td class=\"column-2\"><\/td><td class=\"column-3\"><\/td><td class=\"column-4\"><\/td><td class=\"column-5\"><\/td>\n<\/tr>\n<tr class=\"row-35\">\n\t<td class=\"column-1\"><\/td><td class=\"column-2\"><\/td><td class=\"column-3\"><\/td><td class=\"column-4\"><\/td><td class=\"column-5\"><\/td>\n<\/tr>\n<tr class=\"row-36\">\n\t<td class=\"column-1\"><\/td><td class=\"column-2\"><\/td><td class=\"column-3\"><\/td><td class=\"column-4\"><\/td><td class=\"column-5\"><\/td>\n<\/tr>\n<tr class=\"row-37\">\n\t<td class=\"column-1\"><\/td><td class=\"column-2\"><\/td><td class=\"column-3\"><\/td><td class=\"column-4\"><\/td><td class=\"column-5\"><\/td>\n<\/tr>\n<tr class=\"row-38\">\n\t<td class=\"column-1\"><\/td><td class=\"column-2\"><\/td><td class=\"column-3\"><\/td><td class=\"column-4\"><\/td><td class=\"column-5\"><\/td>\n<\/tr>\n<tr class=\"row-39\">\n\t<td class=\"column-1\"><\/td><td class=\"column-2\"><\/td><td class=\"column-3\"><\/td><td class=\"column-4\"><\/td><td class=\"column-5\"><\/td>\n<\/tr>\n<tr class=\"row-40\">\n\t<td class=\"column-1\"><\/td><td class=\"column-2\"><\/td><td class=\"column-3\"><\/td><td class=\"column-4\"><\/td><td class=\"column-5\"><\/td>\n<\/tr>\n<tr class=\"row-41\">\n\t<td class=\"column-1\"><\/td><td class=\"column-2\"><\/td><td class=\"column-3\"><\/td><td class=\"column-4\"><\/td><td class=\"column-5\"><\/td>\n<\/tr>\n<tr class=\"row-42\">\n\t<td class=\"column-1\"><\/td><td class=\"column-2\"><\/td><td class=\"column-3\"><\/td><td class=\"column-4\"><\/td><td class=\"column-5\"><\/td>\n<\/tr>\n<tr class=\"row-43\">\n\t<td class=\"column-1\"><\/td><td class=\"column-2\"><\/td><td class=\"column-3\"><\/td><td class=\"column-4\"><\/td><td class=\"column-5\"><\/td>\n<\/tr>\n<tr class=\"row-44\">\n\t<td class=\"column-1\"><\/td><td class=\"column-2\"><\/td><td class=\"column-3\"><\/td><td class=\"column-4\"><\/td><td class=\"column-5\"><\/td>\n<\/tr>\n<tr class=\"row-45\">\n\t<td class=\"column-1\"><\/td><td class=\"column-2\"><\/td><td class=\"column-3\"><\/td><td class=\"column-4\"><\/td><td class=\"column-5\"><\/td>\n<\/tr>\n<tr class=\"row-46\">\n\t<td class=\"column-1\"><\/td><td class=\"column-2\"><\/td><td class=\"column-3\"><\/td><td class=\"column-4\"><\/td><td class=\"column-5\"><\/td>\n<\/tr>\n<tr class=\"row-47\">\n\t<td class=\"column-1\"><\/td><td class=\"column-2\"><\/td><td class=\"column-3\"><\/td><td class=\"column-4\"><\/td><td class=\"column-5\"><\/td>\n<\/tr>\n<tr class=\"row-48\">\n\t<td class=\"column-1\"><\/td><td class=\"column-2\"><\/td><td class=\"column-3\"><\/td><td class=\"column-4\"><\/td><td class=\"column-5\"><\/td>\n<\/tr>\n<tr class=\"row-49\">\n\t<td class=\"column-1\"><\/td><td class=\"column-2\"><\/td><td class=\"column-3\"><\/td><td class=\"column-4\"><\/td><td class=\"column-5\"><\/td>\n<\/tr>\n<tr class=\"row-50\">\n\t<td class=\"column-1\"><\/td><td class=\"column-2\"><\/td><td class=\"column-3\"><\/td><td class=\"column-4\"><\/td><td class=\"column-5\"><\/td>\n<\/tr>\n<tr class=\"row-51\">\n\t<td class=\"column-1\"><\/td><td class=\"column-2\"><\/td><td class=\"column-3\"><\/td><td class=\"column-4\"><\/td><td class=\"column-5\"><\/td>\n<\/tr>\n<tr class=\"row-52\">\n\t<td class=\"column-1\"><\/td><td class=\"column-2\"><\/td><td class=\"column-3\"><\/td><td class=\"column-4\"><\/td><td class=\"column-5\"><\/td>\n<\/tr>\n<tr class=\"row-53\">\n\t<td class=\"column-1\"><\/td><td class=\"column-2\"><\/td><td class=\"column-3\"><\/td><td class=\"column-4\"><\/td><td class=\"column-5\"><\/td>\n<\/tr>\n<tr class=\"row-54\">\n\t<td class=\"column-1\"><\/td><td class=\"column-2\"><\/td><td class=\"column-3\"><\/td><td class=\"column-4\"><\/td><td class=\"column-5\"><\/td>\n<\/tr>\n<tr class=\"row-55\">\n\t<td class=\"column-1\"><\/td><td class=\"column-2\"><\/td><td class=\"column-3\"><\/td><td class=\"column-4\"><\/td><td class=\"column-5\"><\/td>\n<\/tr>\n<tr class=\"row-56\">\n\t<td class=\"column-1\"><\/td><td class=\"column-2\"><\/td><td class=\"column-3\"><\/td><td class=\"column-4\"><\/td><td class=\"column-5\"><\/td>\n<\/tr>\n<tr class=\"row-57\">\n\t<td class=\"column-1\"><\/td><td class=\"column-2\"><\/td><td class=\"column-3\"><\/td><td class=\"column-4\"><\/td><td class=\"column-5\"><\/td>\n<\/tr>\n<tr class=\"row-58\">\n\t<td class=\"column-1\"><\/td><td class=\"column-2\"><\/td><td class=\"column-3\"><\/td><td class=\"column-4\"><\/td><td class=\"column-5\"><\/td>\n<\/tr>\n<tr class=\"row-59\">\n\t<td class=\"column-1\"><\/td><td class=\"column-2\"><\/td><td class=\"column-3\"><\/td><td class=\"column-4\"><\/td><td class=\"column-5\"><\/td>\n<\/tr>\n<tr class=\"row-60\">\n\t<td class=\"column-1\"><\/td><td class=\"column-2\"><\/td><td class=\"column-3\"><\/td><td class=\"column-4\"><\/td><td class=\"column-5\"><\/td>\n<\/tr>\n<tr class=\"row-61\">\n\t<td class=\"column-1\"><\/td><td class=\"column-2\"><\/td><td class=\"column-3\"><\/td><td class=\"column-4\"><\/td><td class=\"column-5\"><\/td>\n<\/tr>\n<tr class=\"row-62\">\n\t<td class=\"column-1\"><\/td><td class=\"column-2\"><\/td><td class=\"column-3\"><\/td><td class=\"column-4\"><\/td><td class=\"column-5\"><\/td>\n<\/tr>\n<tr class=\"row-63\">\n\t<td class=\"column-1\"><\/td><td class=\"column-2\"><\/td><td class=\"column-3\"><\/td><td class=\"column-4\"><\/td><td class=\"column-5\"><\/td>\n<\/tr>\n<\/tbody>\n<\/table>\n<!-- #tablepress-40 from cache -->\n","protected":false},"excerpt":{"rendered":"<p><\/p>","protected":false},"author":1,"featured_media":0,"parent":0,"menu_order":0,"comment_status":"closed","ping_status":"closed","template":"","meta":{"footnotes":""},"class_list":["post-14478","page","type-page","status-publish"],"_links":{"self":[{"href":"https:\/\/www.pratinha.mg.gov.br\/portal\/wp-json\/wp\/v2\/pages\/14478","targetHints":{"allow":["GET"]}}],"collection":[{"href":"https:\/\/www.pratinha.mg.gov.br\/portal\/wp-json\/wp\/v2\/pages"}],"about":[{"href":"https:\/\/www.pratinha.mg.gov.br\/portal\/wp-json\/wp\/v2\/types\/page"}],"author":[{"embeddable":true,"href":"https:\/\/www.pratinha.mg.gov.br\/portal\/wp-json\/wp\/v2\/users\/1"}],"replies":[{"embeddable":true,"href":"https:\/\/www.pratinha.mg.gov.br\/portal\/wp-json\/wp\/v2\/comments?post=14478"}],"version-history":[{"count":1,"href":"https:\/\/www.pratinha.mg.gov.br\/portal\/wp-json\/wp\/v2\/pages\/14478\/revisions"}],"predecessor-version":[{"id":14479,"href":"https:\/\/www.pratinha.mg.gov.br\/portal\/wp-json\/wp\/v2\/pages\/14478\/revisions\/14479"}],"wp:attachment":[{"href":"https:\/\/www.pratinha.mg.gov.br\/portal\/wp-json\/wp\/v2\/media?parent=14478"}],"curies":[{"name":"wp","href":"https:\/\/api.w.org\/{rel}","templated":true}]}}