{"id":14472,"date":"2026-01-05T19:49:36","date_gmt":"2026-01-05T19:49:36","guid":{"rendered":"https:\/\/www.pratinha.mg.gov.br\/portal\/?page_id=14472"},"modified":"2026-01-05T19:52:41","modified_gmt":"2026-01-05T19:52:41","slug":"convenios-ou-parcerias-2026","status":"publish","type":"page","link":"https:\/\/www.pratinha.mg.gov.br\/portal\/convenios-ou-parcerias-2026\/","title":{"rendered":"Conv\u00eanios ou parcerias 2026"},"content":{"rendered":"\n<table id=\"tablepress-38\" class=\"tablepress tablepress-id-38\">\n<thead>\n<tr class=\"row-1\">\n\t<th class=\"column-1\">N\u00ba DO PROCESSO<br \/>\n<br \/>\n<br \/>\n<br \/>\n<\/th><th class=\"column-2\">OBJETO<\/th><th class=\"column-3\">ARQUIVO<\/th><th class=\"column-4\">OSC PARCEIRA<\/th><th class=\"column-5\">DATA DA PUBLICA\u00c7\u00c3O<\/th>\n<\/tr>\n<\/thead>\n<tbody class=\"row-striping row-hover\">\n<tr class=\"row-2\">\n\t<td class=\"column-1\">PROCESSO: 2026\/01<br \/>\n -  <br \/>\n<br \/>\nTermo de Contribui\u00e7\u00e3o S\/N\/2026<\/td><td class=\"column-2\">Validar a participa\u00e7\u00e3o na AMIMG para conjuga\u00e7\u00e3o de esfor\u00e7os, visando ampliar e fortalecer a capacidade administrativa, t\u00e9cnica e financeira do MUNIC\u00cdPIO, atrav\u00e9s de a\u00e7\u00f5es conjuntas na elabora\u00e7\u00e3o e execu\u00e7\u00e3o de planos, programas e projetos relacionados com os setores sociais, econ\u00f4micos, de infraestrutura e institucionais, bem ainda o aperfei\u00e7oamento das a\u00e7\u00f5es governamentais locais e microrregionais.<\/td><td class=\"column-3\"><a href=\"http:\/\/www.pratinha.mg.gov.br\/portal\/wp-content\/uploads\/2026\/02\/Extrato-do-Termo-de-Contribuicao-AMIMG-2026-P.-Publicacao.pdf\">Extrato do Termo de Contribui\u00e7\u00e3o - AMIMG 2026 - P. Publicacao<\/a><\/td><td class=\"column-4\">AMIMG<\/td><td class=\"column-5\">20\/02\/2026<\/td>\n<\/tr>\n<tr class=\"row-3\">\n\t<td class=\"column-1\">PROCESSO: 2026\/04 -  <br \/>\n<br \/>\nTermo de Coopera\u00e7\u00e3o 02\/2026<\/td><td class=\"column-2\">Estabelecer coopera\u00e7\u00e3o t\u00e9cnica, operacional e financeira entre os Munic\u00edpios de Ibi\u00e1\/MG e de Pratinha\/MG para a execu\u00e7\u00e3o de servi\u00e7os de manuten\u00e7\u00e3o, conserva\u00e7\u00e3o e melhorias das estradas municipais lim\u00edtrofes que interligam os dois munic\u00edpios.<\/td><td class=\"column-3\"><a href=\"http:\/\/www.pratinha.mg.gov.br\/portal\/wp-content\/uploads\/2026\/03\/Extrato-de-Convenio-Para-publicacao.pdf\">Extrato de Conv\u00eanio - Para publica\u00e7\u00e3o<\/a><\/td><td class=\"column-4\">Munic\u00edpio de Ibi\u00e1-MG<\/td><td class=\"column-5\">25\/03\/2026<\/td>\n<\/tr>\n<tr class=\"row-4\">\n\t<td class=\"column-1\"><\/td><td class=\"column-2\"><\/td><td class=\"column-3\"><\/td><td class=\"column-4\"><\/td><td class=\"column-5\"><\/td>\n<\/tr>\n<tr class=\"row-5\">\n\t<td class=\"column-1\"><\/td><td class=\"column-2\"><\/td><td class=\"column-3\"><\/td><td class=\"column-4\"><\/td><td class=\"column-5\"><\/td>\n<\/tr>\n<tr class=\"row-6\">\n\t<td class=\"column-1\"><\/td><td class=\"column-2\"><\/td><td class=\"column-3\"><\/td><td class=\"column-4\"><\/td><td class=\"column-5\"><\/td>\n<\/tr>\n<tr class=\"row-7\">\n\t<td class=\"column-1\"><\/td><td class=\"column-2\"><\/td><td class=\"column-3\"><\/td><td class=\"column-4\"><\/td><td class=\"column-5\"><\/td>\n<\/tr>\n<tr class=\"row-8\">\n\t<td class=\"column-1\"><\/td><td class=\"column-2\"><\/td><td class=\"column-3\"><\/td><td class=\"column-4\"><\/td><td class=\"column-5\"><\/td>\n<\/tr>\n<tr class=\"row-9\">\n\t<td class=\"column-1\"><\/td><td class=\"column-2\"><\/td><td class=\"column-3\"><\/td><td class=\"column-4\"><\/td><td class=\"column-5\"><\/td>\n<\/tr>\n<tr class=\"row-10\">\n\t<td class=\"column-1\"><\/td><td class=\"column-2\"><\/td><td class=\"column-3\"><\/td><td class=\"column-4\"><\/td><td class=\"column-5\"><\/td>\n<\/tr>\n<\/tbody>\n<\/table>\n<!-- #tablepress-38 from cache -->\n","protected":false},"excerpt":{"rendered":"<p><\/p>","protected":false},"author":1,"featured_media":0,"parent":0,"menu_order":0,"comment_status":"closed","ping_status":"closed","template":"","meta":{"footnotes":""},"class_list":["post-14472","page","type-page","status-publish"],"_links":{"self":[{"href":"https:\/\/www.pratinha.mg.gov.br\/portal\/wp-json\/wp\/v2\/pages\/14472","targetHints":{"allow":["GET"]}}],"collection":[{"href":"https:\/\/www.pratinha.mg.gov.br\/portal\/wp-json\/wp\/v2\/pages"}],"about":[{"href":"https:\/\/www.pratinha.mg.gov.br\/portal\/wp-json\/wp\/v2\/types\/page"}],"author":[{"embeddable":true,"href":"https:\/\/www.pratinha.mg.gov.br\/portal\/wp-json\/wp\/v2\/users\/1"}],"replies":[{"embeddable":true,"href":"https:\/\/www.pratinha.mg.gov.br\/portal\/wp-json\/wp\/v2\/comments?post=14472"}],"version-history":[{"count":1,"href":"https:\/\/www.pratinha.mg.gov.br\/portal\/wp-json\/wp\/v2\/pages\/14472\/revisions"}],"predecessor-version":[{"id":14473,"href":"https:\/\/www.pratinha.mg.gov.br\/portal\/wp-json\/wp\/v2\/pages\/14472\/revisions\/14473"}],"wp:attachment":[{"href":"https:\/\/www.pratinha.mg.gov.br\/portal\/wp-json\/wp\/v2\/media?parent=14472"}],"curies":[{"name":"wp","href":"https:\/\/api.w.org\/{rel}","templated":true}]}}