{"id":11885,"date":"2025-01-23T16:16:45","date_gmt":"2025-01-23T16:16:45","guid":{"rendered":"https:\/\/www.pratinha.mg.gov.br\/portal\/?page_id=11885"},"modified":"2026-02-17T18:08:39","modified_gmt":"2026-02-17T18:08:39","slug":"convenios-osc-organizacoes-da-sociedade","status":"publish","type":"page","link":"https:\/\/www.pratinha.mg.gov.br\/portal\/convenios-osc-organizacoes-da-sociedade\/","title":{"rendered":"Conv\u00eanios OSC &#8211; Organiza\u00e7\u00f5es da Sociedade 2026"},"content":{"rendered":"\n<table id=\"tablepress-33\" class=\"tablepress tablepress-id-33\">\n<thead>\n<tr class=\"row-1\">\n\t<th class=\"column-1\">N\u00ba DO PROCESSO<br \/>\n<br \/>\n<br \/>\n<br \/>\n<\/th><th class=\"column-2\">OBJETO<\/th><th class=\"column-3\">OSC PARCEIRA<\/th><th class=\"column-4\">ARQUIVO A SER PUBLICADO<\/th><th class=\"column-5\">DATA DA PUBLICA\u00c7\u00c3O<\/th>\n<\/tr>\n<\/thead>\n<tbody class=\"row-striping row-hover\">\n<tr class=\"row-2\">\n\t<td class=\"column-1\">PROCESSO: 01\/2017 - Marco Regulat\u00f3rio \u2013 Presta\u00e7\u00e3o de Contas  Janeiro\/2026<\/td><td class=\"column-2\">Fortalecimento na educa\u00e7\u00e3o a crian\u00e7as e jovens com necessidades especiais...<\/td><td class=\"column-3\">APAE - Conta 4883-6<br \/>\n<br \/>\n<\/td><td class=\"column-4\"><a href=\"http:\/\/www.pratinha.mg.gov.br\/portal\/wp-content\/uploads\/2026\/03\/01-2026.pdf\">01-2026<\/a><\/td><td class=\"column-5\">17\/03\/26<\/td>\n<\/tr>\n<tr class=\"row-3\">\n\t<td class=\"column-1\">PROCESSO: 01\/2017 - Marco Regulat\u00f3rio \u2013 Presta\u00e7\u00e3o de Contas  Fevereiro\/2026<\/td><td class=\"column-2\">Fortalecimento na educa\u00e7\u00e3o a crian\u00e7as e jovens com necessidades especiais...<\/td><td class=\"column-3\">APAE - Conta 4883-6<br \/>\r\n<br \/>\r\n<\/td><td class=\"column-4\"><a href=\"http:\/\/www.pratinha.mg.gov.br\/portal\/wp-content\/uploads\/2026\/03\/02-2026-Reduzido.pdf\">02-2026 - Reduzido<\/a><\/td><td class=\"column-5\">16\/03\/2026<\/td>\n<\/tr>\n<tr class=\"row-4\">\n\t<td class=\"column-1\">PROCESSO: 01\/2017 - Marco Regulat\u00f3rio \u2013 Presta\u00e7\u00e3o de Contas  Mar\u00e7o\/2026<br \/>\n<\/td><td class=\"column-2\">Fortalecimento na educa\u00e7\u00e3o a crian\u00e7as e jovens com necessidades especiais...<\/td><td class=\"column-3\">APAE - Conta 4883-6<br \/>\r\n<br \/>\r\n<\/td><td class=\"column-4\"><a href=\"http:\/\/www.pratinha.mg.gov.br\/portal\/wp-content\/uploads\/2026\/04\/03-2026.pdf\">03-2026<\/a><\/td><td class=\"column-5\">09\/04\/2026<\/td>\n<\/tr>\n<tr class=\"row-5\">\n\t<td class=\"column-1\">PROCESSO: 01\/2017 - Marco Regulat\u00f3rio \u2013 Presta\u00e7\u00e3o de Contas  Abril\/2026<br \/>\n<\/td><td class=\"column-2\">Fortalecimento na educa\u00e7\u00e3o a crian\u00e7as e jovens com necessidades especiais...<\/td><td class=\"column-3\">APAE - Conta 4883-6<br \/>\r\n<br \/>\r\n<\/td><td class=\"column-4\"><\/td><td class=\"column-5\"><\/td>\n<\/tr>\n<tr class=\"row-6\">\n\t<td class=\"column-1\">PROCESSO: 01\/2017 - Marco Regulat\u00f3rio \u2013 Presta\u00e7\u00e3o de Contas  Maio\/2026<br \/>\n<\/td><td class=\"column-2\">Fortalecimento na educa\u00e7\u00e3o a crian\u00e7as e jovens com necessidades especiais...<\/td><td class=\"column-3\">APAE - Conta 4883-6<br \/>\r\n<br \/>\r\n<\/td><td class=\"column-4\"><\/td><td class=\"column-5\"><\/td>\n<\/tr>\n<tr class=\"row-7\">\n\t<td class=\"column-1\">PROCESSO: 01\/2017 - Marco Regulat\u00f3rio \u2013 Presta\u00e7\u00e3o de Contas  Junho\/2026<br \/>\n<\/td><td class=\"column-2\">Fortalecimento na educa\u00e7\u00e3o a crian\u00e7as e jovens com necessidades especiais...<\/td><td class=\"column-3\">APAE - Conta 4883-6<br \/>\r\n<br \/>\r\n<\/td><td class=\"column-4\"><\/td><td class=\"column-5\"><\/td>\n<\/tr>\n<tr class=\"row-8\">\n\t<td class=\"column-1\">PROCESSO: 01\/2017 - Marco Regulat\u00f3rio \u2013 Presta\u00e7\u00e3o de Contas  Julho\/2026<br \/>\n<\/td><td class=\"column-2\">Fortalecimento na educa\u00e7\u00e3o a crian\u00e7as e jovens com necessidades especiais...<\/td><td class=\"column-3\">APAE - Conta 4883-6<br \/>\r\n<br \/>\r\n<\/td><td class=\"column-4\"><\/td><td class=\"column-5\"><\/td>\n<\/tr>\n<tr class=\"row-9\">\n\t<td class=\"column-1\">PROCESSO: 01\/2017 - Marco Regulat\u00f3rio \u2013 Presta\u00e7\u00e3o de Contas  Agosto\/2026<br \/>\n<\/td><td class=\"column-2\">Fortalecimento na educa\u00e7\u00e3o a crian\u00e7as e jovens com necessidades especiais...<\/td><td class=\"column-3\">APAE - Conta 4883-6<br \/>\r\n<br \/>\r\n<\/td><td class=\"column-4\"><\/td><td class=\"column-5\"><\/td>\n<\/tr>\n<tr class=\"row-10\">\n\t<td class=\"column-1\">PROCESSO: 01\/2017 - Marco Regulat\u00f3rio \u2013 Presta\u00e7\u00e3o de Contas  Setembro\/2026<br \/>\n<\/td><td class=\"column-2\">Fortalecimento na educa\u00e7\u00e3o a crian\u00e7as e jovens com necessidades especiais...<\/td><td class=\"column-3\">APAE - Conta 4883-6<br \/>\r\n<br \/>\r\n<\/td><td class=\"column-4\"><\/td><td class=\"column-5\"><\/td>\n<\/tr>\n<tr class=\"row-11\">\n\t<td class=\"column-1\">PROCESSO: 01\/2017 - Marco Regulat\u00f3rio \u2013 Presta\u00e7\u00e3o de Contas  Outubro\/2026<br \/>\n<\/td><td class=\"column-2\">Fortalecimento na educa\u00e7\u00e3o a crian\u00e7as e jovens com necessidades especiais...<\/td><td class=\"column-3\">APAE - Conta 4883-6<br \/>\r\n<br \/>\r\n<\/td><td class=\"column-4\"><\/td><td class=\"column-5\"><\/td>\n<\/tr>\n<tr class=\"row-12\">\n\t<td class=\"column-1\">PROCESSO: 01\/2017 - Marco Regulat\u00f3rio \u2013 Presta\u00e7\u00e3o de Contas  Novembro\/2026<br \/>\n<\/td><td class=\"column-2\">Fortalecimento na educa\u00e7\u00e3o a crian\u00e7as e jovens com necessidades especiais...<\/td><td class=\"column-3\">APAE - Conta 4883-6<br \/>\r\n<br \/>\r\n<\/td><td class=\"column-4\"><\/td><td class=\"column-5\"><\/td>\n<\/tr>\n<tr class=\"row-13\">\n\t<td class=\"column-1\">PROCESSO: 01\/2017 - Marco Regulat\u00f3rio \u2013 Presta\u00e7\u00e3o de Contas  Dezembro\/2026<br \/>\n<\/td><td class=\"column-2\">Fortalecimento na educa\u00e7\u00e3o a crian\u00e7as e jovens com necessidades especiais...<\/td><td class=\"column-3\">APAE - Conta 4883-6<br \/>\r\n<br \/>\r\n<\/td><td class=\"column-4\"><\/td><td class=\"column-5\"><\/td>\n<\/tr>\n<tr class=\"row-14\">\n\t<td class=\"column-1\"><\/td><td class=\"column-2\"><\/td><td class=\"column-3\"><\/td><td class=\"column-4\"><\/td><td class=\"column-5\"><\/td>\n<\/tr>\n<tr class=\"row-15\">\n\t<td class=\"column-1\">PROCESSO: 01\/2017 - Marco Regulat\u00f3rio \u2013 Rela\u00e7\u00e3o de Alunos Beneficiados - Fevereiro \/2026<\/td><td class=\"column-2\">Institui\u00e7\u00e3o Universit\u00e1ria que promova educa\u00e7\u00e3o superior aos estudantes do munic\u00edpio de Pratinha, para possibilitar \u00e0 popula\u00e7\u00e3o acesso, fortalecimento e  qualifica\u00e7\u00e3o profissional.<\/td><td class=\"column-3\">UNIARAX\u00c1<\/td><td class=\"column-4\"><a href=\"http:\/\/www.pratinha.mg.gov.br\/portal\/wp-content\/uploads\/2026\/02\/02-2026.pdf\">02-2026<\/a><\/td><td class=\"column-5\">13\/02\/2026<\/td>\n<\/tr>\n<tr class=\"row-16\">\n\t<td class=\"column-1\">PROCESSO: 01\/2017 - Marco Regulat\u00f3rio \u2013 Rela\u00e7\u00e3o de Alunos Beneficiados - Mar\u00e7o\/2026<\/td><td class=\"column-2\">Institui\u00e7\u00e3o Universit\u00e1ria que promova educa\u00e7\u00e3o superior aos estudantes do munic\u00edpio de Pratinha, para possibilitar \u00e0 popula\u00e7\u00e3o acesso, fortalecimento e  qualifica\u00e7\u00e3o profissional.<\/td><td class=\"column-3\">UNIARAX\u00c1<\/td><td class=\"column-4\"><a href=\"http:\/\/www.pratinha.mg.gov.br\/portal\/wp-content\/uploads\/2026\/03\/03-2026.pdf\">03-2026<\/a><\/td><td class=\"column-5\"><\/td>\n<\/tr>\n<tr class=\"row-17\">\n\t<td class=\"column-1\">PROCESSO: 01\/2017 - Marco Regulat\u00f3rio \u2013 Rela\u00e7\u00e3o de Alunos Beneficiados - Abril\/2026<\/td><td class=\"column-2\">Institui\u00e7\u00e3o Universit\u00e1ria que promova educa\u00e7\u00e3o superior aos estudantes do munic\u00edpio de Pratinha, para possibilitar \u00e0 popula\u00e7\u00e3o acesso, fortalecimento e  qualifica\u00e7\u00e3o profissional.<\/td><td class=\"column-3\">UNIARAX\u00c1<\/td><td class=\"column-4\"><\/td><td class=\"column-5\"><\/td>\n<\/tr>\n<tr class=\"row-18\">\n\t<td class=\"column-1\">PROCESSO: 01\/2017 - Marco Regulat\u00f3rio \u2013 Rela\u00e7\u00e3o de Alunos Beneficiados - Maio\/2026<\/td><td class=\"column-2\">Institui\u00e7\u00e3o Universit\u00e1ria que promova educa\u00e7\u00e3o superior aos estudantes do munic\u00edpio de Pratinha, para possibilitar \u00e0 popula\u00e7\u00e3o acesso, fortalecimento e  qualifica\u00e7\u00e3o profissional.<\/td><td class=\"column-3\">UNIARAX\u00c1<\/td><td class=\"column-4\"><\/td><td class=\"column-5\"><\/td>\n<\/tr>\n<tr class=\"row-19\">\n\t<td class=\"column-1\">PROCESSO: 01\/2017 - Marco Regulat\u00f3rio \u2013 Rela\u00e7\u00e3o de Alunos Beneficiados - Junho\/2026<\/td><td class=\"column-2\">Institui\u00e7\u00e3o Universit\u00e1ria que promova educa\u00e7\u00e3o superior aos estudantes do munic\u00edpio de Pratinha, para possibilitar \u00e0 popula\u00e7\u00e3o acesso, fortalecimento e  qualifica\u00e7\u00e3o profissional.<\/td><td class=\"column-3\">UNIARAX\u00c1<\/td><td class=\"column-4\"><\/td><td class=\"column-5\"><\/td>\n<\/tr>\n<tr class=\"row-20\">\n\t<td class=\"column-1\">PROCESSO: 01\/2017 - Marco Regulat\u00f3rio \u2013 Rela\u00e7\u00e3o de Alunos Beneficiados - Julho\/2026<\/td><td class=\"column-2\">Institui\u00e7\u00e3o Universit\u00e1ria que promova educa\u00e7\u00e3o superior aos estudantes do munic\u00edpio de Pratinha, para possibilitar \u00e0 popula\u00e7\u00e3o acesso, fortalecimento e  qualifica\u00e7\u00e3o profissional.<\/td><td class=\"column-3\">UNIARAX\u00c1<\/td><td class=\"column-4\"><\/td><td class=\"column-5\"><\/td>\n<\/tr>\n<tr class=\"row-21\">\n\t<td class=\"column-1\">PROCESSO: 01\/2017 - Marco Regulat\u00f3rio \u2013 Rela\u00e7\u00e3o de Alunos Beneficiados - Agosto\/2026<\/td><td class=\"column-2\">Institui\u00e7\u00e3o Universit\u00e1ria que promova educa\u00e7\u00e3o superior aos estudantes do munic\u00edpio de Pratinha, para possibilitar \u00e0 popula\u00e7\u00e3o acesso, fortalecimento e  qualifica\u00e7\u00e3o profissional.<\/td><td class=\"column-3\">UNIARAX\u00c1<\/td><td class=\"column-4\"><\/td><td class=\"column-5\"><\/td>\n<\/tr>\n<tr class=\"row-22\">\n\t<td class=\"column-1\">PROCESSO: 01\/2017 - Marco Regulat\u00f3rio \u2013 Rela\u00e7\u00e3o de Alunos Beneficiados - Setembro\/2026<\/td><td class=\"column-2\">Institui\u00e7\u00e3o Universit\u00e1ria que promova educa\u00e7\u00e3o superior aos estudantes do munic\u00edpio de Pratinha, para possibilitar \u00e0 popula\u00e7\u00e3o acesso, fortalecimento e  qualifica\u00e7\u00e3o profissional.<\/td><td class=\"column-3\">UNIARAX\u00c1<\/td><td class=\"column-4\"><\/td><td class=\"column-5\"><\/td>\n<\/tr>\n<tr class=\"row-23\">\n\t<td class=\"column-1\">PROCESSO: 01\/2017 - Marco Regulat\u00f3rio \u2013 Rela\u00e7\u00e3o de Alunos Beneficiados - Outubro\/2026<br \/>\n<\/td><td class=\"column-2\">Institui\u00e7\u00e3o Universit\u00e1ria que promova educa\u00e7\u00e3o superior aos estudantes do munic\u00edpio de Pratinha, para possibilitar \u00e0 popula\u00e7\u00e3o acesso, fortalecimento e  qualifica\u00e7\u00e3o profissional.<\/td><td class=\"column-3\">UNIARAX\u00c1<\/td><td class=\"column-4\"><\/td><td class=\"column-5\"><\/td>\n<\/tr>\n<tr class=\"row-24\">\n\t<td class=\"column-1\">PROCESSO: 01\/2017 - Marco Regulat\u00f3rio \u2013 Rela\u00e7\u00e3o de Alunos Beneficiados - Novembro\/2026<br \/>\n<\/td><td class=\"column-2\">Institui\u00e7\u00e3o Universit\u00e1ria que promova educa\u00e7\u00e3o superior aos estudantes do munic\u00edpio de Pratinha, para possibilitar \u00e0 popula\u00e7\u00e3o acesso, fortalecimento e  qualifica\u00e7\u00e3o profissional.<\/td><td class=\"column-3\">UNIARAX\u00c1<\/td><td class=\"column-4\"><\/td><td class=\"column-5\"><\/td>\n<\/tr>\n<tr class=\"row-25\">\n\t<td class=\"column-1\">PROCESSO: 01\/2017 - Marco Regulat\u00f3rio \u2013 Rela\u00e7\u00e3o de Alunos Beneficiados - Dezembro\/2026<br \/>\n<\/td><td class=\"column-2\">Institui\u00e7\u00e3o Universit\u00e1ria que promova educa\u00e7\u00e3o superior aos estudantes do munic\u00edpio de Pratinha, para possibilitar \u00e0 popula\u00e7\u00e3o acesso, fortalecimento e  qualifica\u00e7\u00e3o profissional.<\/td><td class=\"column-3\">UNIARAX\u00c1<\/td><td class=\"column-4\"><\/td><td class=\"column-5\"><\/td>\n<\/tr>\n<tr class=\"row-26\">\n\t<td class=\"column-1\"><\/td><td class=\"column-2\"><\/td><td class=\"column-3\"><\/td><td class=\"column-4\"><\/td><td class=\"column-5\"><\/td>\n<\/tr>\n<tr class=\"row-27\">\n\t<td class=\"column-1\">PROCESSO: 01\/2017 - Marco Regulat\u00f3rio \u2013  Rela\u00e7\u00e3o de Alunos Beneficiados - Fevereiro 2026<\/td><td class=\"column-2\">Institui\u00e7\u00e3o Universit\u00e1ria que promova educa\u00e7\u00e3o superior \u00e0 dist\u00e2ncia\/presencial aos estudantes do munic\u00edpio de Pratinha, para possibilitar \u00e0 popula\u00e7\u00e3o acesso, fortalecimento e qualifica\u00e7\u00e3o profissional.<\/td><td class=\"column-3\">UNIUBE<\/td><td class=\"column-4\"><a href=\"http:\/\/www.pratinha.mg.gov.br\/portal\/wp-content\/uploads\/2026\/02\/02-26.xlsx\">02-26<\/a><\/td><td class=\"column-5\">04\/02\/2026<\/td>\n<\/tr>\n<tr class=\"row-28\">\n\t<td class=\"column-1\">PROCESSO: 01\/2017 - Marco Regulat\u00f3rio \u2013  Rela\u00e7\u00e3o de Alunos Beneficiados - Mar\u00e7o 2026<\/td><td class=\"column-2\">Institui\u00e7\u00e3o Universit\u00e1ria que promova educa\u00e7\u00e3o superior \u00e0 dist\u00e2ncia\/presencial aos estudantes do munic\u00edpio de Pratinha, para possibilitar \u00e0 popula\u00e7\u00e3o acesso, fortalecimento e qualifica\u00e7\u00e3o profissional.<\/td><td class=\"column-3\">UNIUBE<\/td><td class=\"column-4\"><a href=\"http:\/\/www.pratinha.mg.gov.br\/portal\/wp-content\/uploads\/2026\/03\/Bolsistas-Marco-2026.pdf\">Bolsistas Marco-2026<\/a><\/td><td class=\"column-5\">06-03-26<\/td>\n<\/tr>\n<tr class=\"row-29\">\n\t<td class=\"column-1\">PROCESSO: 01\/2017 - Marco Regulat\u00f3rio \u2013  Rela\u00e7\u00e3o de Alunos Beneficiados - Abril 2026<\/td><td class=\"column-2\">Institui\u00e7\u00e3o Universit\u00e1ria que promova educa\u00e7\u00e3o superior \u00e0 dist\u00e2ncia\/presencial aos estudantes do munic\u00edpio de Pratinha, para possibilitar \u00e0 popula\u00e7\u00e3o acesso, fortalecimento e qualifica\u00e7\u00e3o profissional.<\/td><td class=\"column-3\">UNIUBE<\/td><td class=\"column-4\"><a href=\"http:\/\/www.pratinha.mg.gov.br\/portal\/wp-content\/uploads\/2026\/04\/Bolsistas-Abril-2026.pdf\">Bolsistas Abril-2026<\/a><\/td><td class=\"column-5\">07\/04\/2026<\/td>\n<\/tr>\n<tr class=\"row-30\">\n\t<td class=\"column-1\">PROCESSO: 01\/2017 - Marco Regulat\u00f3rio \u2013  Rela\u00e7\u00e3o de Alunos Beneficiados - Maio 2026<\/td><td class=\"column-2\">Institui\u00e7\u00e3o Universit\u00e1ria que promova educa\u00e7\u00e3o superior \u00e0 dist\u00e2ncia\/presencial aos estudantes do munic\u00edpio de Pratinha, para possibilitar \u00e0 popula\u00e7\u00e3o acesso, fortalecimento e qualifica\u00e7\u00e3o profissional.<\/td><td class=\"column-3\">UNIUBE<\/td><td class=\"column-4\"><\/td><td class=\"column-5\"><\/td>\n<\/tr>\n<tr class=\"row-31\">\n\t<td class=\"column-1\">PROCESSO: 01\/2017 - Marco Regulat\u00f3rio \u2013  Rela\u00e7\u00e3o de Alunos Beneficiados - Junho 2026<\/td><td class=\"column-2\">Institui\u00e7\u00e3o Universit\u00e1ria que promova educa\u00e7\u00e3o superior \u00e0 dist\u00e2ncia\/presencial aos estudantes do munic\u00edpio de Pratinha, para possibilitar \u00e0 popula\u00e7\u00e3o acesso, fortalecimento e qualifica\u00e7\u00e3o profissional.<\/td><td class=\"column-3\">UNIUBE<\/td><td class=\"column-4\"><\/td><td class=\"column-5\"><\/td>\n<\/tr>\n<tr class=\"row-32\">\n\t<td class=\"column-1\">PROCESSO: 01\/2017 - Marco Regulat\u00f3rio \u2013  Rela\u00e7\u00e3o de Alunos Beneficiados - Julho 2026<\/td><td class=\"column-2\">Institui\u00e7\u00e3o Universit\u00e1ria que promova educa\u00e7\u00e3o superior \u00e0 dist\u00e2ncia\/presencial aos estudantes do munic\u00edpio de Pratinha, para possibilitar \u00e0 popula\u00e7\u00e3o acesso, fortalecimento e qualifica\u00e7\u00e3o profissional.<\/td><td class=\"column-3\">UNIUBE<\/td><td class=\"column-4\"><\/td><td class=\"column-5\"><\/td>\n<\/tr>\n<tr class=\"row-33\">\n\t<td class=\"column-1\">PROCESSO: 01\/2017 - Marco Regulat\u00f3rio \u2013  Rela\u00e7\u00e3o de Alunos Beneficiados - Agosto 2026<\/td><td class=\"column-2\">Institui\u00e7\u00e3o Universit\u00e1ria que promova educa\u00e7\u00e3o superior \u00e0 dist\u00e2ncia\/presencial aos estudantes do munic\u00edpio de Pratinha, para possibilitar \u00e0 popula\u00e7\u00e3o acesso, fortalecimento e qualifica\u00e7\u00e3o profissional.<\/td><td class=\"column-3\">UNIUBE<\/td><td class=\"column-4\"><\/td><td class=\"column-5\"><\/td>\n<\/tr>\n<tr class=\"row-34\">\n\t<td class=\"column-1\">PROCESSO: 01\/2017 - Marco Regulat\u00f3rio \u2013  Rela\u00e7\u00e3o de Alunos Beneficiados - Setembro 2026<\/td><td class=\"column-2\">Institui\u00e7\u00e3o Universit\u00e1ria que promova educa\u00e7\u00e3o superior \u00e0 dist\u00e2ncia\/presencial aos estudantes do munic\u00edpio de Pratinha, para possibilitar \u00e0 popula\u00e7\u00e3o acesso, fortalecimento e qualifica\u00e7\u00e3o profissional.<\/td><td class=\"column-3\">UNIUBE<\/td><td class=\"column-4\"><\/td><td class=\"column-5\"><\/td>\n<\/tr>\n<tr class=\"row-35\">\n\t<td class=\"column-1\">PROCESSO: 01\/2017 - Marco Regulat\u00f3rio \u2013  Rela\u00e7\u00e3o de Alunos Beneficiados - Outubro 2026<\/td><td class=\"column-2\">Institui\u00e7\u00e3o Universit\u00e1ria que promova educa\u00e7\u00e3o superior \u00e0 dist\u00e2ncia\/presencial aos estudantes do munic\u00edpio de Pratinha, para possibilitar \u00e0 popula\u00e7\u00e3o acesso, fortalecimento e qualifica\u00e7\u00e3o profissional.<\/td><td class=\"column-3\">UNIUBE<\/td><td class=\"column-4\"><\/td><td class=\"column-5\"><\/td>\n<\/tr>\n<tr class=\"row-36\">\n\t<td class=\"column-1\">PROCESSO: 01\/2017 - Marco Regulat\u00f3rio \u2013  Rela\u00e7\u00e3o de Alunos Beneficiados - Novembro 2026<\/td><td class=\"column-2\">Institui\u00e7\u00e3o Universit\u00e1ria que promova educa\u00e7\u00e3o superior \u00e0 dist\u00e2ncia\/presencial aos estudantes do munic\u00edpio de Pratinha, para possibilitar \u00e0 popula\u00e7\u00e3o acesso, fortalecimento e qualifica\u00e7\u00e3o profissional.<\/td><td class=\"column-3\">UNIUBE<\/td><td class=\"column-4\"><\/td><td class=\"column-5\"><\/td>\n<\/tr>\n<tr class=\"row-37\">\n\t<td class=\"column-1\">PROCESSO: 01\/2017 - Marco Regulat\u00f3rio \u2013  Rela\u00e7\u00e3o de Alunos Beneficiados - Dezembro 2026<\/td><td class=\"column-2\">Institui\u00e7\u00e3o Universit\u00e1ria que promova educa\u00e7\u00e3o superior \u00e0 dist\u00e2ncia\/presencial aos estudantes do munic\u00edpio de Pratinha, para possibilitar \u00e0 popula\u00e7\u00e3o acesso, fortalecimento e qualifica\u00e7\u00e3o profissional.<\/td><td class=\"column-3\">UNIUBE<\/td><td class=\"column-4\"><\/td><td class=\"column-5\"><\/td>\n<\/tr>\n<tr class=\"row-38\">\n\t<td class=\"column-1\"><\/td><td class=\"column-2\"><\/td><td class=\"column-3\"><\/td><td class=\"column-4\"><\/td><td class=\"column-5\"><\/td>\n<\/tr>\n<\/tbody>\n<\/table>\n<!-- #tablepress-33 from cache -->\n","protected":false},"excerpt":{"rendered":"<p><\/p>","protected":false},"author":1,"featured_media":0,"parent":0,"menu_order":0,"comment_status":"closed","ping_status":"closed","template":"","meta":{"footnotes":""},"class_list":["post-11885","page","type-page","status-publish"],"_links":{"self":[{"href":"https:\/\/www.pratinha.mg.gov.br\/portal\/wp-json\/wp\/v2\/pages\/11885","targetHints":{"allow":["GET"]}}],"collection":[{"href":"https:\/\/www.pratinha.mg.gov.br\/portal\/wp-json\/wp\/v2\/pages"}],"about":[{"href":"https:\/\/www.pratinha.mg.gov.br\/portal\/wp-json\/wp\/v2\/types\/page"}],"author":[{"embeddable":true,"href":"https:\/\/www.pratinha.mg.gov.br\/portal\/wp-json\/wp\/v2\/users\/1"}],"replies":[{"embeddable":true,"href":"https:\/\/www.pratinha.mg.gov.br\/portal\/wp-json\/wp\/v2\/comments?post=11885"}],"version-history":[{"count":3,"href":"https:\/\/www.pratinha.mg.gov.br\/portal\/wp-json\/wp\/v2\/pages\/11885\/revisions"}],"predecessor-version":[{"id":14836,"href":"https:\/\/www.pratinha.mg.gov.br\/portal\/wp-json\/wp\/v2\/pages\/11885\/revisions\/14836"}],"wp:attachment":[{"href":"https:\/\/www.pratinha.mg.gov.br\/portal\/wp-json\/wp\/v2\/media?parent=11885"}],"curies":[{"name":"wp","href":"https:\/\/api.w.org\/{rel}","templated":true}]}}