{"id":11741,"date":"2025-01-07T18:35:29","date_gmt":"2025-01-07T18:35:29","guid":{"rendered":"https:\/\/www.pratinha.mg.gov.br\/portal\/?page_id=11741"},"modified":"2025-01-07T18:35:29","modified_gmt":"2025-01-07T18:35:29","slug":"convenios-estaduais-2025","status":"publish","type":"page","link":"https:\/\/www.pratinha.mg.gov.br\/portal\/convenios-estaduais-2025\/","title":{"rendered":"Convenios estaduais 2025"},"content":{"rendered":"\n<table id=\"tablepress-23\" class=\"tablepress tablepress-id-23\">\n<thead>\n<tr class=\"row-1\">\n\t<th class=\"column-1\">N\u00ba do Conv\u00eanio<\/th><th class=\"column-2\">Objeto<\/th><th class=\"column-3\">\u00d3rg\u00e3o<\/th><th class=\"column-4\">Valor<\/th><th class=\"column-5\">Anexo<\/th>\n<\/tr>\n<\/thead>\n<tbody class=\"row-striping row-hover\">\n<tr class=\"row-2\">\n\t<td class=\"column-1\">Convenio n\u00ba 07\/2025 <\/td><td class=\"column-2\">Aperfei\u00e7oamento do policiamento ostensivo e da preserva\u00e7\u00e3o da ordem p\u00fablica no Munic\u00edpio de Pratinha, por meio de apoio material \u00e0 PMMG.<\/td><td class=\"column-3\">Estado de Minas Gerais \/ PMMG \/ 37\u00ba BPM<\/td><td class=\"column-4\">R$ 96.480,00<\/td><td class=\"column-5\"><a href=\"http:\/\/www.pratinha.mg.gov.br\/portal\/wp-content\/uploads\/2025\/01\/Extrato-de-Convenio-2025-Para-Publicacao.pdf\">Extrato de Conv\u00eanio 2025 - Para Publica\u00e7\u00e3o<\/a><\/td>\n<\/tr>\n<tr class=\"row-3\">\n\t<td class=\"column-1\">Convenio n\u00ba 08\/2025<\/td><td class=\"column-2\">Aperfei\u00e7oamento do policiamento ostensivo e da preserva\u00e7\u00e3o da ordem p\u00fablica no Munic\u00edpio de Pratinha, por meio de cess\u00e3o de funcion\u00e1rio \u00e0 PMMG.<\/td><td class=\"column-3\">Estado de Minas Gerais \/ PMMG \/ 37\u00ba BPM<\/td><td class=\"column-4\">R$ 57.600,00<\/td><td class=\"column-5\"><a href=\"http:\/\/www.pratinha.mg.gov.br\/portal\/wp-content\/uploads\/2025\/01\/Extrato-de-Convenio-2025-Para-Publicacao-1.pdf\">Extrato de Conv\u00eanio 2025 - Para Publica\u00e7\u00e3o<\/a><\/td>\n<\/tr>\n<tr class=\"row-4\">\n\t<td class=\"column-1\">Convenio n\u00ba 57\/2025<\/td><td class=\"column-2\">Estabelecimento de condi\u00e7\u00f5es de coopera\u00e7\u00e3o m\u00fatua entre os convenentes, visando a aperfei\u00e7oar o policiamento ostensivo, ambiental e de mananciais, bem como a preserva\u00e7\u00e3o da fauna, flora e do meio ambiente e, ainda, a preserva\u00e7\u00e3o da ordem p\u00fablica no munic\u00edpio de Pratinha\/MG, conforme respectivo PLANO DE TRABALHO.<\/td><td class=\"column-3\">Estado de Minas Gerais\/PMMG\/CPE\/BPM MAMB\/6\u00aa CIAPM MAMB\/1\u00ba PEL PM MAMB\/3\u00ba GPM PM MAMB<\/td><td class=\"column-4\">R$ 77.400,00<\/td><td class=\"column-5\"><a href=\"http:\/\/www.pratinha.mg.gov.br\/portal\/wp-content\/uploads\/2025\/06\/Extrato-de-Convenio-2025-Para-Publicacao-03-06-25.pdf\">Extrato de Conv\u00eanio 2025 - Para Publica\u00e7\u00e3o 03-06-25<\/a><\/td>\n<\/tr>\n<tr class=\"row-5\">\n\t<td class=\"column-1\">Convenio n\u00ba 1261001158\/2025<\/td><td class=\"column-2\">Aquisisi\u00e7\u00e3o de 4 Vans 15 lug. p\/ Transporte Escolar.<\/td><td class=\"column-3\">SEE \u2013 Secretaria Estadual de Educa\u00e7\u00e3o<\/td><td class=\"column-4\">R$ 1.296.192,04<\/td><td class=\"column-5\"><a href=\"http:\/\/www.pratinha.mg.gov.br\/portal\/wp-content\/uploads\/2025\/09\/Termo-de-Convenio-Assinado-Prefeito-em-11-09-25.pdf\">Termo de Convenio - Assinado Prefeito em 11-09-25<\/a><\/td>\n<\/tr>\n<tr class=\"row-6\">\n\t<td class=\"column-1\">Convenio n\u00ba 07\/2026<\/td><td class=\"column-2\">Aperfei\u00e7oamento do policiamento ostensivo e da preserva\u00e7\u00e3o da ordem p\u00fablica no Munic\u00edpio de Pratinha, por meio de apoio material \u00e0 PMMG.<\/td><td class=\"column-3\">Estado de Minas Gerais \/ PMMG \/ 37\u00ba BPM<\/td><td class=\"column-4\">R$ 96.480,00<\/td><td class=\"column-5\"><a href=\"http:\/\/www.pratinha.mg.gov.br\/portal\/wp-content\/uploads\/2026\/01\/Extrato-de-Convenio-2026-Para-Publicacao.pdf\">Extrato de Conv\u00eanio 2026 - Para Publica\u00e7\u00e3o<\/a><\/td>\n<\/tr>\n<tr class=\"row-7\">\n\t<td class=\"column-1\">Convenio n\u00ba 08\/2026<\/td><td class=\"column-2\">Aperfei\u00e7oamento do policiamento ostensivo e da preserva\u00e7\u00e3o da ordem p\u00fablica no Munic\u00edpio de Pratinha, por meio de cess\u00e3o de funcion\u00e1rio \u00e0 PMMG.<\/td><td class=\"column-3\">Estado de Minas Gerais \/ PMMG \/ 37\u00ba BPM<\/td><td class=\"column-4\">R$ 65.000,00<\/td><td class=\"column-5\"><a href=\"http:\/\/www.pratinha.mg.gov.br\/portal\/wp-content\/uploads\/2026\/01\/Extrato-de-Convenio-2026-Para-Publicacao-1.pdf\">Extrato de Conv\u00eanio 2026 - Para Publicacao<\/a><\/td>\n<\/tr>\n<tr class=\"row-8\">\n\t<td class=\"column-1\">Termo S\/N 2026<\/td><td class=\"column-2\">Cess\u00e3o pela Prefeitura \u00e0 EMATER-MG, sem \u00f4nus para esta, da funcion\u00e1ria JUCIELLE ADRIANA BORGES, para prestar servi\u00e7o de Auxiliar de Escrit\u00f3rio, no Escrit\u00f3rio Local de Pratinha, no prazo de vig\u00eancia deste instrumento.<\/td><td class=\"column-3\">EMATER-MG<\/td><td class=\"column-4\">18.774,25<\/td><td class=\"column-5\"><a href=\"http:\/\/www.pratinha.mg.gov.br\/portal\/wp-content\/uploads\/2026\/02\/Extrato-de-Termo-Jucielle-09-02-26-Para-Publicacao.docx\">Extrato de Termo - Jucielle 09-02-26 - Para Publicacao<\/a><br \/>\n<br \/>\n<a href=\"http:\/\/www.pratinha.mg.gov.br\/portal\/wp-content\/uploads\/2026\/02\/Extrato-de-Termo-Jucielle-09-02-26-Para-Publicacao.pdf\">Extrato de Termo - Jucielle 09-02-26 - Para Publicacao<\/a><\/td>\n<\/tr>\n<tr class=\"row-9\">\n\t<td class=\"column-1\">Convenio n\u00ba 1261000792\/2022 - 2\u00ba Termo Aditivo<\/td><td class=\"column-2\">Constru\u00e7\u00e3o de quadra poliesportiva na Escola Municipal Neuza Ol\u00edmpia dos Reis.<\/td><td class=\"column-3\">SEE \u2013 Secretaria Estadual de Educa\u00e7\u00e3o<\/td><td class=\"column-4\">924.905,63<\/td><td class=\"column-5\"><a href=\"http:\/\/www.pratinha.mg.gov.br\/portal\/wp-content\/uploads\/2026\/03\/TERMO_ADITIVO1784434-Assinado-em-06-03-26.pdf\">TERMO_ADITIVO(1784434) - Assinado em 06-03-26<\/a><\/td>\n<\/tr>\n<tr class=\"row-10\">\n\t<td class=\"column-1\">Termo de Ades\u00e3o SEF\/SRF-Uberaba-AF-ARAX\u00c1 n\u00ba 31\/2026<\/td><td class=\"column-2\">M\u00fatua coopera\u00e7\u00e3o para instala\u00e7\u00e3o e funcionamento do Servi\u00e7o Integrado de Assist\u00eancia Tribut\u00e1ria e Fiscal \u2013 SIAT.<\/td><td class=\"column-3\"> Secretaria de Estado de Fazenda\/SRF-Uberaba-AF-ARAX\u00c1<\/td><td class=\"column-4\">0,00<\/td><td class=\"column-5\"><a href=\"http:\/\/www.pratinha.mg.gov.br\/portal\/wp-content\/uploads\/2026\/04\/Termo-de-Adesao-Renovacao-2026-Assinado-P.-Publicacao.pdf\">Termo de Ades\u00e3o - Renova\u00e7\u00e3o 2026 - Assinado - P. Publica\u00e7\u00e3o<\/a><\/td>\n<\/tr>\n<tr class=\"row-11\">\n\t<td class=\"column-1\"><\/td><td class=\"column-2\"><\/td><td class=\"column-3\"><\/td><td class=\"column-4\"><\/td><td class=\"column-5\"><\/td>\n<\/tr>\n<\/tbody>\n<\/table>\n<!-- #tablepress-23 from cache -->\n","protected":false},"excerpt":{"rendered":"<p><\/p>","protected":false},"author":1,"featured_media":0,"parent":0,"menu_order":0,"comment_status":"closed","ping_status":"closed","template":"","meta":{"footnotes":""},"class_list":["post-11741","page","type-page","status-publish"],"_links":{"self":[{"href":"https:\/\/www.pratinha.mg.gov.br\/portal\/wp-json\/wp\/v2\/pages\/11741","targetHints":{"allow":["GET"]}}],"collection":[{"href":"https:\/\/www.pratinha.mg.gov.br\/portal\/wp-json\/wp\/v2\/pages"}],"about":[{"href":"https:\/\/www.pratinha.mg.gov.br\/portal\/wp-json\/wp\/v2\/types\/page"}],"author":[{"embeddable":true,"href":"https:\/\/www.pratinha.mg.gov.br\/portal\/wp-json\/wp\/v2\/users\/1"}],"replies":[{"embeddable":true,"href":"https:\/\/www.pratinha.mg.gov.br\/portal\/wp-json\/wp\/v2\/comments?post=11741"}],"version-history":[{"count":1,"href":"https:\/\/www.pratinha.mg.gov.br\/portal\/wp-json\/wp\/v2\/pages\/11741\/revisions"}],"predecessor-version":[{"id":11742,"href":"https:\/\/www.pratinha.mg.gov.br\/portal\/wp-json\/wp\/v2\/pages\/11741\/revisions\/11742"}],"wp:attachment":[{"href":"https:\/\/www.pratinha.mg.gov.br\/portal\/wp-json\/wp\/v2\/media?parent=11741"}],"curies":[{"name":"wp","href":"https:\/\/api.w.org\/{rel}","templated":true}]}}