{"id":8822,"date":"2023-04-12T12:24:34","date_gmt":"2023-04-12T12:24:34","guid":{"rendered":"http:\/\/www.pratinha.mg.gov.br\/portal\/?page_id=8822"},"modified":"2026-03-31T12:23:35","modified_gmt":"2026-03-31T12:23:35","slug":"convocacoes-reunioes","status":"publish","type":"page","link":"http:\/\/www.pratinha.mg.gov.br\/portal\/convocacoes-reunioes\/","title":{"rendered":"Convoca\u00e7\u00f5es Reuni\u00f5es"},"content":{"rendered":"<p><span style=\"color: #ff0000\"><strong>Ano 2020 &#8211; Pandemia COVID-19<\/strong><\/span><\/p>\n<p><span style=\"color: #0000ff\"><a style=\"color: #0000ff\" href=\"http:\/\/www.pratinha.mg.gov.br\/portal\/wp-content\/uploads\/2023\/04\/1a-Convocacao-20-02-2020-Novo-Mandato-Dez-19-a-dez-21.pdf\">1\u00aa Convoca\u00e7\u00e3o Reuni\u00e3o Ordin\u00e1ria CACS FUNDEB em 20\/02\/2020<\/a><\/span><\/p>\n<p><span style=\"color: #ff0000\"><strong>Ano 2021 &#8211; Pandemia COVID-19<\/strong><\/span><\/p>\n<p><span style=\"color: #0000ff\"><a style=\"color: #0000ff\" href=\"http:\/\/www.pratinha.mg.gov.br\/portal\/wp-content\/uploads\/2023\/04\/1a-Convocacao-online-12-03-2021.pdf\">1\u00aa Convoca\u00e7\u00e3o Reuni\u00e3o Ordin\u00e1ria Online CACS FUNDEB em 12\/03\/21<\/a><\/span><\/p>\n<p><span style=\"color: #0000ff\"><a style=\"color: #0000ff\" href=\"http:\/\/www.pratinha.mg.gov.br\/portal\/wp-content\/uploads\/2023\/04\/2-Convocacao-24-03-21-novos-membros-Mar-21-a-Dez-22.pdf\">2\u00aa Convoca\u00e7\u00e3o Reuni\u00e3o Online de Posse (Novo mandato Mar\/21 a Dez\/22) em 24\/03\/21<\/a><\/span><\/p>\n<p><span style=\"color: #0000ff\"><a style=\"color: #0000ff\" href=\"http:\/\/www.pratinha.mg.gov.br\/portal\/wp-content\/uploads\/2023\/04\/3-Convocacao-21-05-21-Regimento-Interno.pdf\">3\u00aa Convoca\u00e7\u00e3o Reuni\u00e3o Ordin\u00e1ria Online CACS FUNDEB em 21\/05\/21<\/a><\/span><\/p>\n<p><span style=\"color: #0000ff\"><a style=\"color: #0000ff\" href=\"http:\/\/www.pratinha.mg.gov.br\/portal\/wp-content\/uploads\/2023\/04\/4-Convocacao-APM-11-08-21.pdf\">4 Convoca\u00e7\u00e3o Reuni\u00e3o Ordin\u00e1ria Online CACS FUNDEB em 11\/08\/21<\/a><\/span><\/p>\n<p><span style=\"color: #0000ff\"><a style=\"color: #0000ff\" href=\"http:\/\/www.pratinha.mg.gov.br\/portal\/wp-content\/uploads\/2023\/04\/5-Convocacao-10-12-21.pdf\">5\u00aa Convoca\u00e7\u00e3o Reuni\u00e3o Ordin\u00e1ria Presencial CACS FUNDEB em 10\/12\/21<\/a><\/span><\/p>\n<p><span style=\"color: #ff0000\"><strong>Ano 2022<\/strong><\/span><\/p>\n<p><span style=\"color: #0000ff\"><a style=\"color: #0000ff\" href=\"http:\/\/www.pratinha.mg.gov.br\/portal\/wp-content\/uploads\/2023\/04\/1-Convocacao-11-03-2022.pdf\">1\u00aa Convoca\u00e7\u00e3o Reuni\u00e3o Ordin\u00e1ria CACS FUNDEB em 11\/03\/22<\/a><\/span><\/p>\n<p><span style=\"color: #0000ff\"><a style=\"color: #0000ff\" href=\"http:\/\/www.pratinha.mg.gov.br\/portal\/wp-content\/uploads\/2023\/04\/2-Convocacao-07-06-2022.pdf\">2\u00aa Convoca\u00e7\u00e3o Reuni\u00e3o Ordin\u00e1ria CACS FUNDEB em 07\/06\/22<\/a><\/span><\/p>\n<p><span style=\"color: #0000ff\"><a style=\"color: #0000ff\" href=\"http:\/\/www.pratinha.mg.gov.br\/portal\/wp-content\/uploads\/2023\/04\/3-Convocacao-18-10-2022.pdf\">3\u00aa Convoca\u00e7\u00e3o Reuni\u00e3o Ordin\u00e1ria CACS FUNDEB em 18\/10\/22<\/a><\/span><\/p>\n<p><a href=\"http:\/\/www.pratinha.mg.gov.br\/portal\/wp-content\/uploads\/2023\/04\/5-Convocacao-reuniao-extraqordinaria-02.12.-2022.pdf\"><span style=\"color: #0000ff\">4\u00aa Convoca\u00e7\u00e3o Reuni\u00e3o Ordin\u00e1ria CACS FUNDEB em 02\/12\/22<\/span><\/a><\/p>\n<p><span style=\"color: #ff0000\"><strong>Ano 2023<\/strong><\/span><\/p>\n<p><span style=\"color: #0000ff\"><a style=\"color: #0000ff\" href=\"http:\/\/www.pratinha.mg.gov.br\/portal\/wp-content\/uploads\/2023\/04\/1-Convocacao-posse-02-01-23-Novo-Mandato-Dez-22-a-dez-26.pdf\">1\u00aa Convoca\u00e7\u00e3o Reuni\u00e3o de Posse (Novo Mandato Jan\/2023 a Dez\/2026) em 02\/01\/23<\/a><\/span><\/p>\n<p><span style=\"color: #0000ff\"><a style=\"color: #0000ff\" href=\"http:\/\/www.pratinha.mg.gov.br\/portal\/wp-content\/uploads\/2023\/04\/2-Convocacao-reuniao-16-03-23-Novo-Mandato-Jan-23-a-dez-26-2.pdf\">2\u00aa Convoca\u00e7\u00e3o Reuni\u00e3o Ordin\u00e1ria CACS FUNDEB em 16\/03\/23<\/a><\/span><\/p>\n<p><span style=\"color: #0000ff\"><a style=\"color: #0000ff\" href=\"http:\/\/www.pratinha.mg.gov.br\/portal\/wp-content\/uploads\/2023\/06\/3-Convocacao-reuniao-07-06-23.pdf\">3\u00aa Convoca\u00e7\u00e3o Reuni\u00e3o Ordin\u00e1ria CACS FUNDEB em 07\/06\/23<\/a><\/span><\/p>\n<p><a href=\"http:\/\/www.pratinha.mg.gov.br\/portal\/wp-content\/uploads\/2023\/12\/4-Convocacao-CACS-24-10-23.pdf\"><span style=\"color: #0000ff\">4\u00aa Convoca\u00e7\u00e3o Reuni\u00e3o Ordin\u00e1ria CACS FUNDEB em 24\/10\/23<\/span><\/a><\/p>\n<p><span style=\"color: #ff0000\"><strong>Ano 2024<\/strong><\/span><\/p>\n<p><span style=\"color: #0000ff\"><a style=\"color: #0000ff\" href=\"http:\/\/www.pratinha.mg.gov.br\/portal\/wp-content\/uploads\/2024\/10\/1a-Convocacao-Reuniao-CACS-12-04-24.pdf\">1\u00aa Convoca\u00e7\u00e3o Reuni\u00e3o Ordin\u00e1ria CACS FUNDEB em 12\/04\/24<\/a><\/span><\/p>\n<p><span style=\"color: #0000ff\"><a style=\"color: #0000ff\" href=\"http:\/\/www.pratinha.mg.gov.br\/portal\/wp-content\/uploads\/2024\/10\/2a-Convocacao-Reuniao-CACS-09-10-24.pdf\">2\u00aa Convoca\u00e7\u00e3o Reuni\u00e3o Ordin\u00e1ria CACS FUNDEB em 09\/10\/24<\/a><\/span><\/p>\n<p><span style=\"color: #0000ff\"><a style=\"color: #0000ff\" href=\"http:\/\/www.pratinha.mg.gov.br\/portal\/wp-content\/uploads\/2025\/04\/Convocacao-06-12-24.pdf\">3\u00aa Convoca\u00e7\u00e3o Reuni\u00e3o Ordin\u00e1ria CACS FUNDEB em 06\/12\/24<\/a><\/span><\/p>\n<p><a href=\"http:\/\/www.pratinha.mg.gov.br\/portal\/wp-content\/uploads\/2025\/04\/Convocacao-Extra-11-12-24-1.pdf\"><span style=\"color: #0000ff\">4\u00aa Convoca\u00e7\u00e3o Reuni\u00e3o Extraordin\u00e1ria CACS FUNDEB em\u00a0 11\/12\/24<\/span><\/a><\/p>\n<p><span style=\"color: #ff0000\"><strong>Ano 2025<\/strong><\/span><\/p>\n<p><span style=\"color: #0000ff\"><a style=\"color: #0000ff\" href=\"http:\/\/www.pratinha.mg.gov.br\/portal\/wp-content\/uploads\/2025\/04\/Convoc-08-04-25.pdf\">1\u00aa Convoca\u00e7\u00e3o Reuni\u00e3o Ordin\u00e1ria CACS FUNDEB em 08\/04\/25<\/a><\/span><\/p>\n<p><a href=\"http:\/\/www.pratinha.mg.gov.br\/portal\/wp-content\/uploads\/2025\/11\/Convocacao-FUNDEB-20-10-25.pdf\"><span style=\"color: #0000ff\">2\u00aa Convoca\u00e7\u00e3o Reuni\u00e3o Ordin\u00e1ria CACS FUNDEB em 22\/10\/25<\/span><\/a><\/p>\n<p><span style=\"color: #0000ff\"><a style=\"color: #0000ff\" href=\"http:\/\/www.pratinha.mg.gov.br\/portal\/wp-content\/uploads\/2025\/12\/Convocacao-FUNDEB-16-12.pdf\">3\u00aa Convoca\u00e7\u00e3o Reuni\u00e3o Ordin\u00e1ria CACS FUNDEB em 16\/12\/25<\/a><\/span><\/p>\n<p><span style=\"color: #ff0000\"><strong>Ano 2026<\/strong><\/span><\/p>\n<p><span style=\"color: #0000ff\"><a style=\"color: #0000ff\" href=\"http:\/\/www.pratinha.mg.gov.br\/portal\/wp-content\/uploads\/2026\/03\/Convocacao-FUNDEB-23-03-26.pdf\">1\u00aa Convoca\u00e7\u00e3o Reuni\u00e3o Ordin\u00e1ria CACS FUNDEB em 23\/03\/2026<\/a><\/span><\/p>\n","protected":false},"excerpt":{"rendered":"<p>Ano 2020 - Pandemia COVID-19 1\u00aa Convoca\u00e7\u00e3o Reuni\u00e3o Ordin\u00e1ria CACS FUNDEB em 20\/02\/2020 Ano 2021 - Pandemia COVID-19 1\u00aa Convoca\u00e7\u00e3o Reuni\u00e3o Ordin\u00e1ria Online CACS FUNDEB em 12\/03\/21 2\u00aa Convoca\u00e7\u00e3o Reuni\u00e3o Online de Posse (Novo mandato Mar\/21 a Dez\/22) em 24\/03\/21 3\u00aa Convoca\u00e7\u00e3o Reuni\u00e3o Ordin\u00e1ria Online CACS FUNDEB em 21\/05\/21 4 Convoca\u00e7\u00e3o Reuni\u00e3o Ordin\u00e1ria Online CACS&hellip;<\/p>","protected":false},"author":1,"featured_media":0,"parent":0,"menu_order":0,"comment_status":"closed","ping_status":"closed","template":"","meta":{"footnotes":""},"class_list":["post-8822","page","type-page","status-publish"],"_links":{"self":[{"href":"http:\/\/www.pratinha.mg.gov.br\/portal\/wp-json\/wp\/v2\/pages\/8822","targetHints":{"allow":["GET"]}}],"collection":[{"href":"http:\/\/www.pratinha.mg.gov.br\/portal\/wp-json\/wp\/v2\/pages"}],"about":[{"href":"http:\/\/www.pratinha.mg.gov.br\/portal\/wp-json\/wp\/v2\/types\/page"}],"author":[{"embeddable":true,"href":"http:\/\/www.pratinha.mg.gov.br\/portal\/wp-json\/wp\/v2\/users\/1"}],"replies":[{"embeddable":true,"href":"http:\/\/www.pratinha.mg.gov.br\/portal\/wp-json\/wp\/v2\/comments?post=8822"}],"version-history":[{"count":15,"href":"http:\/\/www.pratinha.mg.gov.br\/portal\/wp-json\/wp\/v2\/pages\/8822\/revisions"}],"predecessor-version":[{"id":15290,"href":"http:\/\/www.pratinha.mg.gov.br\/portal\/wp-json\/wp\/v2\/pages\/8822\/revisions\/15290"}],"wp:attachment":[{"href":"http:\/\/www.pratinha.mg.gov.br\/portal\/wp-json\/wp\/v2\/media?parent=8822"}],"curies":[{"name":"wp","href":"https:\/\/api.w.org\/{rel}","templated":true}]}}