{"id":7594,"date":"2022-05-24T12:28:10","date_gmt":"2022-05-24T12:28:10","guid":{"rendered":"http:\/\/www.pratinha.mg.gov.br\/portal\/?page_id=7594"},"modified":"2025-05-06T13:52:02","modified_gmt":"2025-05-06T13:52:02","slug":"cardapio-e-m-coronel-n-de-paula","status":"publish","type":"page","link":"http:\/\/www.pratinha.mg.gov.br\/portal\/cardapio-e-m-coronel-n-de-paula\/","title":{"rendered":"Card\u00e1pios E.M. CORONEL NECA DE PAULA"},"content":{"rendered":"<ul>\n<li><a href=\"http:\/\/www.pratinha.mg.gov.br\/portal\/wp-content\/uploads\/2022\/05\/Cardapios-Abril-CORONEL.pdf\">Card\u00e1pio m\u00eas Abril 2022<\/a><\/li>\n<li><a href=\"http:\/\/www.pratinha.mg.gov.br\/portal\/wp-content\/uploads\/2024\/04\/Cardapios-Caronel-Marco-2024.pdf\">Card\u00e1pio m\u00eas Mar\u00e7o 2024<\/a><\/li>\n<li><a href=\"http:\/\/www.pratinha.mg.gov.br\/portal\/wp-content\/uploads\/2025\/05\/Cardapio-Abril-2025-Coronel.pdf\">Card\u00e1pio m\u00eas Abril 2025<\/a><\/li>\n<\/ul>\n","protected":false},"excerpt":{"rendered":"<p>Card\u00e1pio m\u00eas Abril 2022 Card\u00e1pio m\u00eas Mar\u00e7o 2024 Card\u00e1pio m\u00eas Abril 2025<\/p>","protected":false},"author":1,"featured_media":0,"parent":0,"menu_order":0,"comment_status":"closed","ping_status":"closed","template":"","meta":{"footnotes":""},"class_list":["post-7594","page","type-page","status-publish"],"_links":{"self":[{"href":"http:\/\/www.pratinha.mg.gov.br\/portal\/wp-json\/wp\/v2\/pages\/7594","targetHints":{"allow":["GET"]}}],"collection":[{"href":"http:\/\/www.pratinha.mg.gov.br\/portal\/wp-json\/wp\/v2\/pages"}],"about":[{"href":"http:\/\/www.pratinha.mg.gov.br\/portal\/wp-json\/wp\/v2\/types\/page"}],"author":[{"embeddable":true,"href":"http:\/\/www.pratinha.mg.gov.br\/portal\/wp-json\/wp\/v2\/users\/1"}],"replies":[{"embeddable":true,"href":"http:\/\/www.pratinha.mg.gov.br\/portal\/wp-json\/wp\/v2\/comments?post=7594"}],"version-history":[{"count":5,"href":"http:\/\/www.pratinha.mg.gov.br\/portal\/wp-json\/wp\/v2\/pages\/7594\/revisions"}],"predecessor-version":[{"id":12523,"href":"http:\/\/www.pratinha.mg.gov.br\/portal\/wp-json\/wp\/v2\/pages\/7594\/revisions\/12523"}],"wp:attachment":[{"href":"http:\/\/www.pratinha.mg.gov.br\/portal\/wp-json\/wp\/v2\/media?parent=7594"}],"curies":[{"name":"wp","href":"https:\/\/api.w.org\/{rel}","templated":true}]}}