{"id":7578,"date":"2022-05-23T16:51:42","date_gmt":"2022-05-23T16:51:42","guid":{"rendered":"http:\/\/www.pratinha.mg.gov.br\/portal\/?page_id=7578"},"modified":"2025-12-22T16:39:07","modified_gmt":"2025-12-22T16:39:07","slug":"reunioes","status":"publish","type":"page","link":"http:\/\/www.pratinha.mg.gov.br\/portal\/reunioes\/","title":{"rendered":"Reuni\u00f5es"},"content":{"rendered":"<p><span style=\"color: #0000ff\"><strong>Ano &#8211; 2021<\/strong><\/span><\/p>\n<p><a href=\"http:\/\/www.pratinha.mg.gov.br\/portal\/wp-content\/uploads\/2022\/05\/3a-Convocacao-CME-2021-02-12-2021-8.pdf\">3\u00aa Convoca\u00e7\u00e3o para reuni\u00e3o do CME em (02\/12\/2021)<\/a><\/p>\n<p><span style=\"color: #0000ff\"><strong>Ano &#8211; 2022<\/strong><\/span><\/p>\n<p><a href=\"http:\/\/www.pratinha.mg.gov.br\/portal\/wp-content\/uploads\/2022\/05\/1a-Convocacao-CME-2022-09-03-2022-6.pdf\">1\u00aa Convoca\u00e7\u00e3o para reuni\u00e3o do CME em(09\/03\/2022)<\/a><\/p>\n<p><a href=\"http:\/\/www.pratinha.mg.gov.br\/portal\/wp-content\/uploads\/2022\/08\/Convocacao-CME-11-08-2022.pdf\">2\u00aa Convoca\u00e7\u00e3o para reuni\u00e3o do CME em (11\/08\/2022)<\/a><\/p>\n<p><span style=\"color: #0000ff\"><strong>Ano &#8211; 2023<\/strong><\/span><\/p>\n<p><a href=\"http:\/\/www.pratinha.mg.gov.br\/portal\/wp-content\/uploads\/2023\/03\/1a-Convocacao-CME-03-03-23.pdf\">1\u00aa Convoca\u00e7\u00e3o para reuni\u00e3o do CME em (03\/03\/2023)<\/a><\/p>\n<p><a href=\"http:\/\/www.pratinha.mg.gov.br\/portal\/wp-content\/uploads\/2023\/12\/2a-Convocacao-CME-20-06-23.pdf\">2\u00aa Convoca\u00e7\u00e3o para reuni\u00e3o do CME em (20\/06\/2023)<\/a><\/p>\n<p><a href=\"http:\/\/www.pratinha.mg.gov.br\/portal\/wp-content\/uploads\/2023\/12\/3a-Convocacao-CME-03-10-23.pdf\">3\u00aa Convoca\u00e7\u00e3o para reuni\u00e3o do CME em (03\/10\/2023)<\/a><\/p>\n<p><a href=\"http:\/\/www.pratinha.mg.gov.br\/portal\/wp-content\/uploads\/2023\/12\/4a-Convocacao-CME-Posse-06-12-23.pdf\">4\u00aa Convoca\u00e7\u00e3o para reuni\u00e3o do CME Posse em (06\/12\/2023)<\/a><\/p>\n<p><span style=\"color: #0000ff\"><strong>Ano &#8211; 2024<\/strong><\/span><\/p>\n<p><a href=\"http:\/\/www.pratinha.mg.gov.br\/portal\/wp-content\/uploads\/2024\/10\/1a-Convocacao-CME-19-04-2024.pdf\">1\u00aa Convoca\u00e7\u00e3o para reuni\u00e3o do CME em (19\/04\/2024)<\/a><\/p>\n<p><a href=\"http:\/\/www.pratinha.mg.gov.br\/portal\/wp-content\/uploads\/2024\/10\/2a-Convocacao-CME-11-10-2024.pdf\">2\u00aa Convoca\u00e7\u00e3o para reuni\u00e3o do CME em (11\/10\/2024)<\/a><\/p>\n<p><a href=\"http:\/\/www.pratinha.mg.gov.br\/portal\/wp-content\/uploads\/2025\/05\/Convocacao-3-10-12-24.pdf\">3\u00aa Convoca\u00e7\u00e3o para reuni\u00e3o do CME em (10\/12\/2024)<\/a><\/p>\n<p><span style=\"color: #0000ff\"><strong>Ano &#8211; 2025<\/strong><\/span><\/p>\n<p><a href=\"http:\/\/www.pratinha.mg.gov.br\/portal\/wp-content\/uploads\/2025\/05\/1-Convocacao-24-04-25.pdf\">1\u00aa Convoca\u00e7\u00e3o para reuni\u00e3o do CME em (24\/04\/2025)<\/a><\/p>\n<p><a href=\"http:\/\/www.pratinha.mg.gov.br\/portal\/wp-content\/uploads\/2025\/06\/2-Convocacao-26-06-25.pdf\">2\u00aa Convoca\u00e7\u00e3o para reuni\u00e3o do CME em (26\/06\/2025)<\/a><\/p>\n<p><a href=\"http:\/\/www.pratinha.mg.gov.br\/portal\/wp-content\/uploads\/2025\/12\/Convocacao-CME-22-10.pdf\">3\u00aa Convoca\u00e7\u00e3o para reuni\u00e3o do CME em (22\/10\/2025)<\/a><\/p>\n<p><a href=\"http:\/\/www.pratinha.mg.gov.br\/portal\/wp-content\/uploads\/2025\/12\/Conocacao-CME-16-12.pdf\">4\u00aa Convoca\u00e7\u00e3o para reuni\u00e3o do CME em (16\/12\/2025)<\/a><\/p>\n<p>&nbsp;<\/p>\n<p>&nbsp;<\/p>\n<p>&nbsp;<\/p>\n","protected":false},"excerpt":{"rendered":"<p>Ano - 2021 3\u00aa Convoca\u00e7\u00e3o para reuni\u00e3o do CME em (02\/12\/2021) Ano - 2022 1\u00aa Convoca\u00e7\u00e3o para reuni\u00e3o do CME em(09\/03\/2022) 2\u00aa Convoca\u00e7\u00e3o para reuni\u00e3o do CME em (11\/08\/2022) Ano - 2023 1\u00aa Convoca\u00e7\u00e3o para reuni\u00e3o do CME em (03\/03\/2023) 2\u00aa Convoca\u00e7\u00e3o para reuni\u00e3o do CME em (20\/06\/2023) 3\u00aa Convoca\u00e7\u00e3o para reuni\u00e3o do CME em&hellip;<\/p>","protected":false},"author":1,"featured_media":0,"parent":0,"menu_order":0,"comment_status":"closed","ping_status":"closed","template":"","meta":{"footnotes":""},"class_list":["post-7578","page","type-page","status-publish"],"_links":{"self":[{"href":"http:\/\/www.pratinha.mg.gov.br\/portal\/wp-json\/wp\/v2\/pages\/7578","targetHints":{"allow":["GET"]}}],"collection":[{"href":"http:\/\/www.pratinha.mg.gov.br\/portal\/wp-json\/wp\/v2\/pages"}],"about":[{"href":"http:\/\/www.pratinha.mg.gov.br\/portal\/wp-json\/wp\/v2\/types\/page"}],"author":[{"embeddable":true,"href":"http:\/\/www.pratinha.mg.gov.br\/portal\/wp-json\/wp\/v2\/users\/1"}],"replies":[{"embeddable":true,"href":"http:\/\/www.pratinha.mg.gov.br\/portal\/wp-json\/wp\/v2\/comments?post=7578"}],"version-history":[{"count":14,"href":"http:\/\/www.pratinha.mg.gov.br\/portal\/wp-json\/wp\/v2\/pages\/7578\/revisions"}],"predecessor-version":[{"id":14340,"href":"http:\/\/www.pratinha.mg.gov.br\/portal\/wp-json\/wp\/v2\/pages\/7578\/revisions\/14340"}],"wp:attachment":[{"href":"http:\/\/www.pratinha.mg.gov.br\/portal\/wp-json\/wp\/v2\/media?parent=7578"}],"curies":[{"name":"wp","href":"https:\/\/api.w.org\/{rel}","templated":true}]}}