{"id":6453,"date":"2021-12-09T18:39:35","date_gmt":"2021-12-09T18:39:35","guid":{"rendered":"http:\/\/www.pratinha.mg.gov.br\/portal\/?page_id=6453"},"modified":"2025-12-19T14:39:39","modified_gmt":"2025-12-19T14:39:39","slug":"leis-decretos-resolucoes-portarias-e-deliberacoes-normativas-2","status":"publish","type":"page","link":"http:\/\/www.pratinha.mg.gov.br\/portal\/leis-decretos-resolucoes-portarias-e-deliberacoes-normativas-2\/","title":{"rendered":"Leis, Decretos, Resolu\u00e7\u00f5es, Portarias e Delibera\u00e7\u00f5es Normativas"},"content":{"rendered":"<ul style=\"list-style-type: square\">\n<li><strong><span style=\"color: #008000\"><a style=\"color: #008000\" href=\"http:\/\/www.pratinha.mg.gov.br\/portal\/wp-content\/uploads\/2022\/05\/LEI-N-609-97-Dispoe-sobre-a-instituicao-do-conselho-muncipal-de-educacao.pdf\"><span style=\"color: #000080\">Lei Municipal n\u00ba 609\/1997 de 17\/09\/1997 Disp\u00f5e sobre a Institui\u00e7\u00e3o do<\/span> <span style=\"color: #000080\">Conselho Municipal de Educa\u00e7\u00e3o<\/span><\/a><\/span><\/strong><\/li>\n<li><span style=\"color: #000080\"><strong><a style=\"color: #000080\" href=\"http:\/\/www.pratinha.mg.gov.br\/portal\/wp-content\/uploads\/2022\/05\/Lei-Municipal-no-1.047-de-12-11-21-CME-1.pdf\">Lei Municipal n\u00ba 1.047\/2021 de 12\/11\/2021 Altera a Lei 609\/1997 de Cria\u00e7\u00e3o do CME<\/a><\/strong><\/span><\/li>\n<\/ul>\n<ul style=\"list-style-type: circle\">\n<li><span style=\"color: #0000ff\"><strong><a style=\"color: #0000ff\" href=\"http:\/\/www.pratinha.mg.gov.br\/portal\/wp-content\/uploads\/2022\/05\/Decreto-674-de-01-12-2021-nomeia-membros-CME.pdf\">Decreto Municipal n\u00ba 674 de 01\/12\/2021 Nomeia Membros CME &#8211; Bi\u00eanio (Dez\/2021 a Dez\/2023)<\/a><\/strong><\/span><\/li>\n<li><span style=\"color: #0000ff\"><strong><a style=\"color: #0000ff\" href=\"http:\/\/www.pratinha.mg.gov.br\/portal\/wp-content\/uploads\/2022\/05\/Decreto-Mun-740-CME-Renova-membros-12-05-2022-1.pdf\">Decreto Municipal n\u00ba 740 de 12\/05\/2022 Renova alguns Membros CME<\/a><\/strong><\/span><\/li>\n<li><span style=\"color: #0000ff\"><strong><a style=\"color: #0000ff\" href=\"http:\/\/www.pratinha.mg.gov.br\/portal\/wp-content\/uploads\/2023\/12\/Decreto-Municipal-918-correto-Nomeia-e-reconduz-membros-do-CME-Dez-23-a-Dez-25.pdf\">Decreto Municipal n\u00ba 918 de 04\/12\/2023 Nomeia e Reconduz Membros do CME Bi\u00eanio &#8211; (Dez\/2023 a Dez\/2025)<\/a><\/strong><\/span><\/li>\n<li><span style=\"color: #0000ff\"><a style=\"color: #0000ff\" href=\"http:\/\/www.pratinha.mg.gov.br\/portal\/wp-content\/uploads\/2024\/10\/Decreto-1139-nomeia-membros-CME-16-09-24.pdf\"><strong>Decreto Municipal n\u00ba 1.139 de 16\/09\/2024 Renova membros do CME<\/strong><\/a><\/span><\/li>\n<li><strong><span style=\"color: #0000ff\"><a style=\"color: #0000ff\" href=\"http:\/\/www.pratinha.mg.gov.br\/portal\/wp-content\/uploads\/2025\/06\/Decreto-1.304-de-10-06-25-renomeia-membros-do-CME.pdf\">Decreto Municipal n\u00ba 1.304 de 10\/06\/2025 Renova membros do CME<\/a><\/span><\/strong><\/li>\n<li><span style=\"color: #0000ff\"><strong><a style=\"color: #0000ff\" href=\"http:\/\/www.pratinha.mg.gov.br\/portal\/wp-content\/uploads\/2025\/12\/Decreto-Municipal-1379-Nomeia-e-reconduz-membros-do-Conselho-da-Educacao-25-a-27.pdf\">Decreto Municipal n\u00ba 1.379 de 18\/12\/2025 Nomeia e reconduz membros do CME (2025 a 2027)<\/a><\/strong><\/span><\/li>\n<\/ul>\n<p>&nbsp;<\/p>\n","protected":false},"excerpt":{"rendered":"<p>Lei Municipal n\u00ba 609\/1997 de 17\/09\/1997 Disp\u00f5e sobre a Institui\u00e7\u00e3o do Conselho Municipal de Educa\u00e7\u00e3o Lei Municipal n\u00ba 1.047\/2021 de 12\/11\/2021 Altera a Lei 609\/1997 de Cria\u00e7\u00e3o do CME Decreto Municipal n\u00ba 674 de 01\/12\/2021 Nomeia Membros CME - Bi\u00eanio (Dez\/2021 a Dez\/2023) Decreto Municipal n\u00ba 740 de 12\/05\/2022 Renova alguns Membros CME Decreto Municipal&hellip;<\/p>","protected":false},"author":1,"featured_media":0,"parent":0,"menu_order":0,"comment_status":"closed","ping_status":"closed","template":"","meta":{"footnotes":""},"class_list":["post-6453","page","type-page","status-publish"],"_links":{"self":[{"href":"http:\/\/www.pratinha.mg.gov.br\/portal\/wp-json\/wp\/v2\/pages\/6453","targetHints":{"allow":["GET"]}}],"collection":[{"href":"http:\/\/www.pratinha.mg.gov.br\/portal\/wp-json\/wp\/v2\/pages"}],"about":[{"href":"http:\/\/www.pratinha.mg.gov.br\/portal\/wp-json\/wp\/v2\/types\/page"}],"author":[{"embeddable":true,"href":"http:\/\/www.pratinha.mg.gov.br\/portal\/wp-json\/wp\/v2\/users\/1"}],"replies":[{"embeddable":true,"href":"http:\/\/www.pratinha.mg.gov.br\/portal\/wp-json\/wp\/v2\/comments?post=6453"}],"version-history":[{"count":17,"href":"http:\/\/www.pratinha.mg.gov.br\/portal\/wp-json\/wp\/v2\/pages\/6453\/revisions"}],"predecessor-version":[{"id":14317,"href":"http:\/\/www.pratinha.mg.gov.br\/portal\/wp-json\/wp\/v2\/pages\/6453\/revisions\/14317"}],"wp:attachment":[{"href":"http:\/\/www.pratinha.mg.gov.br\/portal\/wp-json\/wp\/v2\/media?parent=6453"}],"curies":[{"name":"wp","href":"https:\/\/api.w.org\/{rel}","templated":true}]}}