{"id":6277,"date":"2021-11-11T23:07:45","date_gmt":"2021-11-11T23:07:45","guid":{"rendered":"http:\/\/www.pratinha.mg.gov.br\/portal\/?page_id=6277"},"modified":"2025-08-19T17:38:56","modified_gmt":"2025-08-19T17:38:56","slug":"conselho-munc-patrimonio-cultural","status":"publish","type":"page","link":"http:\/\/www.pratinha.mg.gov.br\/portal\/conselho-munc-patrimonio-cultural\/","title":{"rendered":"O CONSELHO DELIBERATIVO MUNICIPAL DO  PATRIM\u00d4NIO CULTURAL DE PRATINHA"},"content":{"rendered":"<p style=\"margin: 0cm;margin-bottom: .0001pt;text-align: justify;background: white\"><img loading=\"lazy\" decoding=\"async\" class=\"alignnone wp-image-13439\" src=\"http:\/\/www.pratinha.mg.gov.br\/portal\/wp-content\/uploads\/2025\/08\/TIMBRE-PATRIMONIO-CULTURAL-600x80.png\" alt=\"\" width=\"698\" height=\"93\" srcset=\"http:\/\/www.pratinha.mg.gov.br\/portal\/wp-content\/uploads\/2025\/08\/TIMBRE-PATRIMONIO-CULTURAL-600x80.png 600w, http:\/\/www.pratinha.mg.gov.br\/portal\/wp-content\/uploads\/2025\/08\/TIMBRE-PATRIMONIO-CULTURAL-1024x136.png 1024w, http:\/\/www.pratinha.mg.gov.br\/portal\/wp-content\/uploads\/2025\/08\/TIMBRE-PATRIMONIO-CULTURAL-768x102.png 768w, http:\/\/www.pratinha.mg.gov.br\/portal\/wp-content\/uploads\/2025\/08\/TIMBRE-PATRIMONIO-CULTURAL-696x93.png 696w, http:\/\/www.pratinha.mg.gov.br\/portal\/wp-content\/uploads\/2025\/08\/TIMBRE-PATRIMONIO-CULTURAL-1068x142.png 1068w, http:\/\/www.pratinha.mg.gov.br\/portal\/wp-content\/uploads\/2025\/08\/TIMBRE-PATRIMONIO-CULTURAL.png 1441w\" sizes=\"auto, (max-width: 698px) 100vw, 698px\" \/><\/p>\n<p style=\"text-align: justify\">O Conselho Municipal do Patrim\u00f4nio Cultural (COMPAC) foi criado atrav\u00e9s da Lei Municipal n\u00ba 665\/2001 de 19 de Fevereiro de 2001 e do Decreto Municipal n\u00ba 34\/2001 de 20 de Fevereiro de 2001 e alterado pela Lei Municipal n\u00ba 988\/2018\u00a0 de 24 de agosto de 2018, atendendo ao disposto no Artigo 216 da Constitui\u00e7\u00e3o Federal.<\/p>\n<p style=\"text-align: justify\">O Conselho Deliberativo Municipal do Patrim\u00f4nio Cultural de Pratinha tem sede no Munic\u00edpio de Pratinha, \u00e0 Pra\u00e7a da Matriz, N\u00ba 365, Centro. E tem por finalidade orientar a formula\u00e7\u00e3o da pol\u00edtica municipal de prote\u00e7\u00e3o ao patrim\u00f4nio cultural e as a\u00e7\u00f5es de prote\u00e7\u00e3o prevista na Lei Municipal n\u00ba 988\/2018.<\/p>\n<p style=\"text-align: justify\">Integram o Conselho Deliberativo Municipal do Patrim\u00f4nio Cultural os membros indicados pelo Prefeito Municipal de Pratinha, atrav\u00e9s de Decreto, totalizando 06 (seis) membros titulares e seus respectivos suplentes, com composi\u00e7\u00e3o equilibrada de representantes de institui\u00e7\u00f5es p\u00fablicas e da sociedade civil, em conformidade com a Lei municipal N\u00ba 988, de 24 de Agosto de 2018 da seguinte forma:<\/p>\n<p style=\"text-align: justify\">I \u2013 01 (um) representante do Departamento de Educa\u00e7\u00e3o e Cultura, \u00e0 quem caber\u00e1 a presid\u00eancia do Conselho como cargo nato;<\/p>\n<p style=\"text-align: justify\">II \u2013 01 (um) representante da Secretaria de Arrecada\u00e7\u00e3o\/Obras;<\/p>\n<p style=\"text-align: justify\">III \u2013 01 (um) representante da C\u00e2mara Municipal<\/p>\n<p style=\"text-align: justify\">IV \u2013 01 (um) representante do Conselho Paroquial da Par\u00f3quia Santo Ant\u00f4nio de Pratinha;<\/p>\n<p style=\"text-align: justify\">V- 01 (um) representante da APAE \u2013 Associa\u00e7\u00e3o de Pais e Amigos dos Excepcionais de Pratinha.<\/p>\n<p style=\"text-align: justify\">VI- 01 (um) representante das Escolas B\u00e1sicas P\u00fablicas.<\/p>\n<ul style=\"text-align: justify\">\n<li>1\u00ba &#8211; O Conselho ser\u00e1 eleito para um mandato de 03 (tr\u00eas) anos, admitida uma recondu\u00e7\u00e3o por igual per\u00edodo;<\/li>\n<\/ul>\n<ul style=\"text-align: justify\">\n<li>2\u00ba &#8211; O Conselho ter\u00e1 um presidente, um vice-presidente e um secret\u00e1rio, com atribui\u00e7\u00f5es especificas, sendo sua designa\u00e7\u00e3o de livre escolha por seus pr\u00f3prios membros e realizada na primeira reuni\u00e3o ordin\u00e1ria do Conselho, logo ap\u00f3s a posse de seus membros.<\/li>\n<\/ul>\n<p style=\"text-align: justify\">S\u00e3o atribui\u00e7\u00f5es do Conselho Deliberativo Municipal do Patrim\u00f4nio Cultural de Pratinha:<\/p>\n<p style=\"text-align: justify\">I &#8211; propor as bases da pol\u00edtica de preserva\u00e7\u00e3o e valoriza\u00e7\u00e3o dos bens culturais do Munic\u00edpio;<\/p>\n<p style=\"text-align: justify\">II &#8211; propor e acompanhar as a\u00e7\u00f5es de prote\u00e7\u00e3o ao patrim\u00f4nio cultural do Munic\u00edpio relacionadas nesta lei;<\/p>\n<p style=\"text-align: justify\">III &#8211; emitir parecer pr\u00e9vio, do qual depender\u00e3o os atos de registro e tombamento, revalida\u00e7\u00e3o do t\u00edtulo de registro e cancelamento de tombamento;<\/p>\n<p style=\"text-align: justify\">IV &#8211; emitir parecer pr\u00e9vio, atendendo a solicita\u00e7\u00e3o do \u00f3rg\u00e3o competente da Prefeitura, para:<\/p>\n<p>\u00a0 \u00a0 \u00a0a) a expedi\u00e7\u00e3o ou renova\u00e7\u00e3o, pelo \u00f3rg\u00e3o competente, de licen\u00e7a para obra, afixa\u00e7\u00e3o de an\u00fancio, cartaz ou letreiro, ou para instala\u00e7\u00e3o de atividade comercial ou industrial em im\u00f3vel tombado pelo Munic\u00edpio;<\/p>\n<p>b) a concess\u00e3o de licen\u00e7a para a realiza\u00e7\u00e3o de obra em im\u00f3vel situado em entorno de bem tombado ou protegido pelo Munic\u00edpio e a modifica\u00e7\u00e3o ou revoga\u00e7\u00e3o de projeto urban\u00edstico, inclusive de loteamento, que possa repercutir na seguran\u00e7a, na integridade est\u00e9tica, na ambi\u00eancia ou na visibilidade de bem tombado, assim como em sua inser\u00e7\u00e3o no conjunto panor\u00e2mico ou urban\u00edstico circunjacente;<\/p>\n<p>c) a modifica\u00e7\u00e3o, transforma\u00e7\u00e3o, restaura\u00e7\u00e3o, pintura, remo\u00e7\u00e3o ou demoli\u00e7\u00e3o, no caso de ru\u00edna iminente, de bem tombado pelo Munic\u00edpio;<\/p>\n<p>d) a pr\u00e1tica de ato que altere a caracter\u00edstica ou apar\u00eancia de bem tombado pelo Munic\u00edpio;<\/p>\n<p style=\"text-align: justify\">V &#8211; receber e examinar propostas de prote\u00e7\u00e3o de bens culturais encaminhadas por indiv\u00edduos, associa\u00e7\u00f5es de moradores ou entidades representativas da sociedade civil do Munic\u00edpio;<\/p>\n<p style=\"text-align: justify\">VI &#8211; analisar o estudo pr\u00e9vio de impacto de vizinhan\u00e7a, de acordo com o &#8220;Estatuto da Cidade&#8221;, Lei Federal n\u00ba 10.257, de 10 de julho de 2001, em rela\u00e7\u00e3o aos aspectos de prote\u00e7\u00e3o da paisagem urbana e do patrim\u00f4nio cultural;<\/p>\n<p style=\"text-align: justify\">VII &#8211; permitir o acesso de qualquer interessado a documentos relativos aos processos de tombamento e ao estudo pr\u00e9vio de impacto de vizinhan\u00e7a, a que se refere o inciso VII deste artigo;<\/p>\n<p style=\"text-align: justify\">VIII &#8211; elaborar e aprovar seu regimento interno, no prazo m\u00e1ximo de 60 (sessenta) dias.<\/p>\n<p style=\"text-align: justify\">IX &#8211; fiscalizar o regular exerc\u00edcio do poder de pol\u00edcia conforme o estabelecido os incisos III e IV do artigo 23 da Constitui\u00e7\u00e3o Federal;<\/p>\n<p style=\"text-align: justify\">X &#8211; identificar a exist\u00eancia de agress\u00f5es ao patrim\u00f4nio cultural, denunci\u00e1-las \u00e0 comunidade e aos \u00f3rg\u00e3os p\u00fablicos competentes federais estaduais e municipais, propondo medidas que recuperem o patrim\u00f4nio danificado;<\/p>\n<p style=\"text-align: justify\">XI &#8211; acompanhar o controle permanente do estado de conserva\u00e7\u00e3o do patrim\u00f4nio cultural, providenciando para que as a\u00e7\u00f5es que possam danific\u00e1-lo sejam evitadas e, caso haja danos, sejam eles reparados;<\/p>\n<p style=\"text-align: justify\">XII &#8211; receber den\u00fancias formais de atentados contra o Patrim\u00f4nio Cultural, feito por pessoas f\u00edsicas ou jur\u00eddicas e tomar as provid\u00eancias cab\u00edveis para que os danos causados sejam reparados;<\/p>\n<p style=\"text-align: justify\">XIII &#8211; acionar o Minist\u00e9rio P\u00fablico em caso de den\u00fancia de crime contra o Patrim\u00f4nio Cultural;<\/p>\n<p style=\"text-align: justify\">XIV \u2013 gerir o Fundo Municipal do Patrim\u00f4nio Cultural.<\/p>\n<p style=\"text-align: justify\">XV &#8211; exercer outras fun\u00e7\u00f5es previstas nesta lei\u00a0 ou compat\u00edveis com suas finalidades.<\/p>\n<p style=\"text-align: justify\"><strong><u>Reuni\u00f5es Conselho <\/u><\/strong><\/p>\n<p style=\"text-align: justify\">As reuni\u00f5es do Conselho s\u00e3o abertas ao p\u00fablico e acontecem a cada 4 meses, podendo haver altera\u00e7\u00e3o a crit\u00e9rio do plen\u00e1rio e\/ou em virtude da demanda de trabalho. A data das reuni\u00f5es ser\u00e1 disponibilizada nas redes sociais da Prefeitura Municipal.<\/p>\n<h3 style=\"text-align: justify\"><span style=\"font-family: verdana, geneva, sans-serif;color: #0000ff\"><u>COMPOSI\u00c7\u00c3O DO CONSELHO MUNICIPAL DO PATRIM\u00d4NIO CULTURAL\u00a0 GEST\u00c3O 2025\/2027<\/u><\/span><\/h3>\n<h2 style=\"text-align: justify\"><span style=\"font-size: 12pt\"><strong>O Decreto n\u00ba 1.274\/2025 de 22 de abril de 2025, designa membros para comporem o Conselho Municipal do Patrim\u00f4nio Cultural para o Tri\u00eanio 2025-2028.<\/strong><\/span><\/h2>\n<h2 style=\"text-align: justify\"><span style=\"color: #0000ff\"><u>D<\/u><u>iretoria<\/u><\/span><\/h2>\n<p style=\"text-align: justify\"><span style=\"color: #0000ff\"><strong>Presidente<\/strong>\u00a0<strong>\u2013 <\/strong>T\u00e2nia Ang\u00e9lica Borges Martins<\/span><\/p>\n<p style=\"text-align: justify\"><span style=\"color: #0000ff\"><strong>Vice Presidente<\/strong> \u2013 Franciele Aparecida Elias Borges<\/span><\/p>\n<p style=\"text-align: justify\"><span style=\"color: #0000ff\"><strong>Secret\u00e1rio(a) \u2013\u00a0<\/strong><\/span><\/p>\n<p style=\"text-align: justify\">\u00a0<strong><em>I \u2013 Representantes do Departamento Municipal de Educa\u00e7\u00e3o e Cultura:<\/em><\/strong><\/p>\n<p style=\"text-align: justify\">T\u00e2nia Ang\u00e9lica Borges Martins (titular) \u2013 E-mail: <span style=\"color: #0000ff\">educacao@pratinha.mg.gov.br\u00a0<\/span><\/p>\n<p style=\"text-align: justify\">Franciele Aparecida Elias Borges (suplente) \u2013 E-mail: <span style=\"color: #0000ff\">francieleelias@hotmail.com<\/span><\/p>\n<p style=\"text-align: justify\"><strong><em>II &#8211; Representantes da Secretaria de Arrecada\u00e7\u00e3o\/Obras do Munic\u00edpio de Pratinha\/MG.<\/em><\/strong><\/p>\n<p style=\"text-align: justify\">Let\u00edcia Ferreira Br\u00e1s Martins (titular) \u2013 E-mail: <span style=\"color: #0000ff\">pmpaguaeesgoto@hotmail.com<\/span><\/p>\n<p style=\"text-align: justify\">Arthur Borges Magalh\u00e3es dos Reis (suplente) \u2013 E-mail: <span style=\"color: #0000ff\">pratinhaarreacadacao@terra.com.br<\/span><\/p>\n<p style=\"text-align: justify\"><strong><em>III &#8211; \u00a0Representantes da C\u00e2mara Municipal de Pratinha\/MG<\/em><\/strong><\/p>\n<p style=\"text-align: justify\">Lucas Jos\u00e9 Rosa (titular) \u2013 E-mail: <span style=\"color: #0000ff\">lucas.pratinha@hotmail.com<\/span><\/p>\n<p style=\"text-align: justify\">Maur\u00edlio Gaspar Moreira (suplente) \u00a0\u2013 Fone: <span style=\"color: #0000ff\">(34) 9 9728-9216<\/span><\/p>\n<p style=\"text-align: justify\"><strong><em>IV &#8211; Representantes do Conselho Paroquial da Par\u00f3quia Santo Ant\u00f4nio de Pratinha \/MG.<\/em><\/strong><\/p>\n<p style=\"text-align: justify\">S\u00f4nia Aparecida Borges (titular) \u2013 E-mail: <span style=\"color: #0000ff\">soniapratinha94@gmail.com<\/span><\/p>\n<p style=\"text-align: justify\">Elenice Maria de Morais (suplente) \u2013 E-mail: <span style=\"color: #0000ff\">elenice123morais@gmail.com<\/span><\/p>\n<p style=\"text-align: justify\"><strong><em>V &#8211; Representantes da Associa\u00e7\u00e3o de Pais e Amigos dos Excepcionais \u2013 APAE de Pratinha \/MG.<\/em><\/strong><\/p>\n<p style=\"text-align: justify\">Geovanna Rafaela Silva (titular) \u2013 E-mail: <span style=\"color: #0000ff\">geovannarafaela11<a style=\"color: #0000ff\" href=\"mailto:lucienemorais26@hotmail.com\">@hotmail.com<\/a><\/span><\/p>\n<p style=\"text-align: justify\">Renata Aparecida de Morais (suplente) \u2013 E-mail: <span style=\"color: #0000ff\">renata.amm<a style=\"color: #0000ff\" href=\"mailto:escolinhavaleriacristina@hotmail.com\">@hotmail.com<\/a><\/span><\/p>\n<p style=\"text-align: justify\"><strong><em>VI &#8211; Representantes das Escolas B\u00e1sicas P\u00fablicas do Munic\u00edpio de Pratinha\/MG.\u00a0 <\/em><\/strong><\/p>\n<p style=\"text-align: justify\">K\u00e1tia Christina Borges de Sousa (titular) \u2013 E-mail: <span style=\"color: #0000ff\">katiachbs@gmail.com<\/span><\/p>\n<p style=\"text-align: justify\">Maria Izabel Evangelista (suplente) \u2013 E-mail: <span style=\"color: #0000ff\">mariaizabelevangelista@gmail.com<\/span><\/p>\n<table style=\"border-collapse: collapse;width: 100%;height: 177px\">\n<tbody>\n<tr style=\"height: 29px\">\n<td style=\"width: 25%;height: 29px\"><a href=\"http:\/\/www.pratinha.mg.gov.br\/portal\/documentacao-da-atuacao-do-conselho-atas-plano-de-inventario-listagem-de-bens-culturais-protegidos-dentre-outros\/\"><img loading=\"lazy\" decoding=\"async\" class=\"aligncenter wp-image-5898 size-full\" src=\"http:\/\/www.pratinha.mg.gov.br\/portal\/wp-content\/uploads\/2021\/06\/arquivo.png\" alt=\"Regimento Interno\" width=\"64\" height=\"64\" \/><\/a><\/td>\n<td style=\"width: 25%;height: 29px\"><a href=\"http:\/\/www.pratinha.mg.gov.br\/portal\/leis-decretos-resolucoes-portarias-e-deliberacoes-normativas\/\"><img loading=\"lazy\" decoding=\"async\" class=\"aligncenter wp-image-5898 size-full\" src=\"http:\/\/www.pratinha.mg.gov.br\/portal\/wp-content\/uploads\/2021\/06\/arquivo.png\" alt=\"Regimento Interno\" width=\"64\" height=\"64\" \/><\/a><\/td>\n<td style=\"width: 25%;height: 29px\"><a href=\"http:\/\/www.pratinha.mg.gov.br\/portal\/conselhos\/patrimonial\/regimento.pdf\" target=\"_blank\" rel=\"noopener\"><img loading=\"lazy\" decoding=\"async\" class=\"aligncenter wp-image-5898 size-full\" src=\"http:\/\/www.pratinha.mg.gov.br\/portal\/wp-content\/uploads\/2021\/06\/arquivo.png\" alt=\"Regimento Interno\" width=\"64\" height=\"64\" \/><\/a><\/td>\n<td style=\"width: 25%;height: 29px\"><a href=\"http:\/\/www.pratinha.mg.gov.br\/portal\/convocacao-reuniao-patrimonio-cultural\/\" target=\"_blank\" rel=\"noopener\"><img loading=\"lazy\" decoding=\"async\" class=\"aligncenter wp-image-5898 size-full\" src=\"http:\/\/www.pratinha.mg.gov.br\/portal\/wp-content\/uploads\/2021\/06\/arquivo-e1652893204691.png\" alt=\"Regimento Interno\" width=\"64\" height=\"64\" \/><\/a><\/td>\n<\/tr>\n<tr style=\"height: 122px\">\n<td style=\"width: 25%;height: 122px;text-align: center\"><span style=\"font-size: 8pt\">Documenta\u00e7\u00e3o da Atua\u00e7\u00e3o do Conselho (Atas, Plano de Invent\u00e1rio,\u00a0Listagem de Bens Culturais Protegidos, dentre outros).\u00a0<\/span><\/td>\n<td style=\"width: 25%;height: 122px\">\n<p style=\"text-align: center\"><span style=\"font-size: 8pt\">Leis, Decretos, Resolu\u00e7\u00f5es, Portarias e Delibera\u00e7\u00f5es Normativas.\u00a0<\/span><\/p>\n<\/td>\n<td style=\"width: 25%;height: 122px\">\n<p style=\"text-align: center\"><span style=\"font-size: 8pt\">Regimento Interno<\/span><\/p>\n<p>&nbsp;<\/td>\n<td style=\"width: 25%;height: 122px\">\n<p style=\"text-align: center\"><span style=\"font-size: 8pt\">Convoca\u00e7\u00f5es Reuni\u00f5es<\/span><\/p>\n<p>&nbsp;<\/td>\n<\/tr>\n<\/tbody>\n<\/table>\n<p>&nbsp;<\/p>\n<p style=\"margin: 0cm;margin-bottom: .0001pt;text-align: justify;background: white\"><span style=\"font-size: 10pt\"><strong><u><span style=\"color: #222222\">Contato:<\/span><\/u><\/strong><\/span><\/p>\n<p style=\"margin: 0cm;margin-bottom: .0001pt;text-align: justify;background: white\"><span style=\"color: #222222;font-size: 10pt\">Pra\u00e7a do Ros\u00e1rio, n\u00ba 365 \u2013 Centro \u2013 Pratinha MG \u2013 CEP: 38960-000\u00a0<\/span><\/p>\n<p style=\"margin: 0cm;margin-bottom: .0001pt;text-align: justify;background: white\"><span style=\"font-size: 10pt\"><strong><span style=\"color: #222222\">Fone:<\/span><\/strong><span style=\"color: #222222\"> (34)9 9811-1967\u00a0 \u00a0 |\u00a0 <strong>E-mail:<\/strong> <span style=\"color: #0000ff\">culturapratinha@hotmail.com<\/span><\/span><\/span><\/p>\n","protected":false},"excerpt":{"rendered":"<p>O Conselho Municipal do Patrim\u00f4nio Cultural (COMPAC) foi criado atrav\u00e9s da Lei Municipal n\u00ba 665\/2001 de 19 de Fevereiro de 2001 e do Decreto Municipal n\u00ba 34\/2001 de 20 de Fevereiro de 2001 e alterado pela Lei Municipal n\u00ba 988\/2018\u00a0 de 24 de agosto de 2018, atendendo ao disposto no Artigo 216 da Constitui\u00e7\u00e3o Federal.&hellip;<\/p>","protected":false},"author":1,"featured_media":0,"parent":0,"menu_order":0,"comment_status":"closed","ping_status":"closed","template":"","meta":{"footnotes":""},"class_list":["post-6277","page","type-page","status-publish"],"_links":{"self":[{"href":"http:\/\/www.pratinha.mg.gov.br\/portal\/wp-json\/wp\/v2\/pages\/6277","targetHints":{"allow":["GET"]}}],"collection":[{"href":"http:\/\/www.pratinha.mg.gov.br\/portal\/wp-json\/wp\/v2\/pages"}],"about":[{"href":"http:\/\/www.pratinha.mg.gov.br\/portal\/wp-json\/wp\/v2\/types\/page"}],"author":[{"embeddable":true,"href":"http:\/\/www.pratinha.mg.gov.br\/portal\/wp-json\/wp\/v2\/users\/1"}],"replies":[{"embeddable":true,"href":"http:\/\/www.pratinha.mg.gov.br\/portal\/wp-json\/wp\/v2\/comments?post=6277"}],"version-history":[{"count":30,"href":"http:\/\/www.pratinha.mg.gov.br\/portal\/wp-json\/wp\/v2\/pages\/6277\/revisions"}],"predecessor-version":[{"id":13448,"href":"http:\/\/www.pratinha.mg.gov.br\/portal\/wp-json\/wp\/v2\/pages\/6277\/revisions\/13448"}],"wp:attachment":[{"href":"http:\/\/www.pratinha.mg.gov.br\/portal\/wp-json\/wp\/v2\/media?parent=6277"}],"curies":[{"name":"wp","href":"https:\/\/api.w.org\/{rel}","templated":true}]}}