{"id":6275,"date":"2021-11-11T23:06:03","date_gmt":"2021-11-11T23:06:03","guid":{"rendered":"http:\/\/www.pratinha.mg.gov.br\/portal\/?page_id=6275"},"modified":"2025-09-09T12:05:51","modified_gmt":"2025-09-09T12:05:51","slug":"conselhos-municipais","status":"publish","type":"page","link":"http:\/\/www.pratinha.mg.gov.br\/portal\/conselhos-municipais\/","title":{"rendered":"Conselhos Municipais e Doc. Educa\u00e7\u00e3o e Cultura"},"content":{"rendered":"<p>&nbsp;<\/p>\n<p><strong><span style=\"color: #ff0000\">CONSELHOS MUNICIPAIS<\/span><\/strong><\/p>\n<ol>\n<li><span style=\"color: #0000ff\"><a style=\"color: #0000ff\" href=\"http:\/\/www.pratinha.mg.gov.br\/portal\/conselho-do-fundeb\/\">Conselho do FUNDEB<\/a><\/span><\/li>\n<li><span style=\"color: #0000ff\"><a style=\"color: #0000ff\" href=\"http:\/\/www.pratinha.mg.gov.br\/portal\/conselho-munc-educacao\">Conselho Municipal de Educa\u00e7\u00e3o &#8211; CME<\/a><\/span><\/li>\n<li><span style=\"color: #0000ff\"><a style=\"color: #0000ff\" href=\"http:\/\/www.pratinha.mg.gov.br\/portal\/conselho-munc-patrimonio-cultural\/\">Conselho Municipal do Patrim\u00f4nio Cultural<\/a><\/span><\/li>\n<li><span style=\"color: #0000ff\"><a style=\"color: #0000ff\" href=\"http:\/\/www.pratinha.mg.gov.br\/portal\/conselho-munc-cae\/\">Conselho Municipal de Alimenta\u00e7\u00e3o Escolar &#8211; CAE<\/a><\/span><\/li>\n<li><span style=\"color: #0000ff\"><a style=\"color: #0000ff\" href=\"https:\/\/www.pratinha.mg.gov.br\/portal\/conselho-municipal-de-cultura\/\">Conselho Municipal de Cultura &#8211; CMC<\/a><\/span><\/li>\n<\/ol>\n<p><strong><span style=\"color: #ff0000\">DOCUMENTA\u00c7\u00c3O DA EDUCA\u00c7\u00c3O E CULTURA<\/span><\/strong><\/p>\n<ol>\n<li><span style=\"color: #0000ff\"><a style=\"color: #0000ff\" href=\"http:\/\/www.pratinha.mg.gov.br\/portal\/wp-content\/uploads\/2024\/07\/PAAR-PNAB.pdf\">PAAR &#8211; PNAB (Pol\u00edtica Nacional Aldir Blanc)<\/a><\/span><\/li>\n<li><span style=\"color: #0000ff\"><a style=\"color: #0000ff\" href=\"http:\/\/www.pratinha.mg.gov.br\/portal\/wp-content\/uploads\/2024\/09\/Politica_do_Programa_Tempo_Integral_28202429_assinado.pdf\">Pol\u00edtica do Programa Tempo Integral 2024<\/a><\/span><\/li>\n<li><span style=\"color: #0000ff\"><a style=\"color: #0000ff\" href=\"http:\/\/www.pratinha.mg.gov.br\/portal\/wp-content\/uploads\/2025\/06\/LEI-938-2015-Dispoe-sobre-a-aprovacao-do-PDME-.pdf\">Lei Municipal n\u00ba 938\/2015 Disp\u00f5e sobre a aprova\u00e7\u00e3o do PDME (Jun\/2015 a Jun\/2025)\u00a0<\/a><\/span><\/li>\n<li><span style=\"color: #0000ff\"><a style=\"color: #0000ff\" href=\"http:\/\/www.pratinha.mg.gov.br\/portal\/wp-content\/uploads\/2025\/06\/Politica_do_Programa_Tempo_Integral_28certa29_assinado.pdf\">Pol\u00edtica do Programa Tempo Integral 2025<\/a><\/span><\/li>\n<li><span style=\"color: #0000ff\"><a style=\"color: #0000ff\" href=\"http:\/\/www.pratinha.mg.gov.br\/portal\/wp-content\/uploads\/2025\/09\/Decreto-Municipal-1334-Dispoe-sobre-a-homologacao-do-curriculo-referencia-de-MG-e-a-computacao.pdf\">Decreto Municipal n\u00ba 1.334\/2025 &#8211; Homologa o Curr\u00edculo Refer\u00eancia de MG e institui a Computa\u00e7\u00e3o como complemento a BNCC<\/a><\/span><\/li>\n<li><span style=\"color: #0000ff\"><a style=\"color: #0000ff\" href=\"http:\/\/www.pratinha.mg.gov.br\/portal\/wp-content\/uploads\/2025\/09\/Lei-Municipal-n.-2.020-Prorroga-vigencia-do-plano-municipal-de-educacao.pdf\">Lei Municipal n\u00ba 2.020\/2025 &#8211; Prorroga vig\u00eancia do PDME at\u00e9 31\/12\/2025<\/a><\/span><\/li>\n<\/ol>\n","protected":false},"excerpt":{"rendered":"<p>&nbsp; CONSELHOS MUNICIPAIS Conselho do FUNDEB Conselho Municipal de Educa\u00e7\u00e3o - CME Conselho Municipal do Patrim\u00f4nio Cultural Conselho Municipal de Alimenta\u00e7\u00e3o Escolar - CAE Conselho Municipal de Cultura - CMC DOCUMENTA\u00c7\u00c3O DA EDUCA\u00c7\u00c3O E CULTURA PAAR - PNAB (Pol\u00edtica Nacional Aldir Blanc) Pol\u00edtica do Programa Tempo Integral 2024 Lei Municipal n\u00ba 938\/2015 Disp\u00f5e sobre a&hellip;<\/p>","protected":false},"author":1,"featured_media":0,"parent":0,"menu_order":0,"comment_status":"closed","ping_status":"closed","template":"","meta":{"footnotes":""},"class_list":["post-6275","page","type-page","status-publish"],"_links":{"self":[{"href":"http:\/\/www.pratinha.mg.gov.br\/portal\/wp-json\/wp\/v2\/pages\/6275","targetHints":{"allow":["GET"]}}],"collection":[{"href":"http:\/\/www.pratinha.mg.gov.br\/portal\/wp-json\/wp\/v2\/pages"}],"about":[{"href":"http:\/\/www.pratinha.mg.gov.br\/portal\/wp-json\/wp\/v2\/types\/page"}],"author":[{"embeddable":true,"href":"http:\/\/www.pratinha.mg.gov.br\/portal\/wp-json\/wp\/v2\/users\/1"}],"replies":[{"embeddable":true,"href":"http:\/\/www.pratinha.mg.gov.br\/portal\/wp-json\/wp\/v2\/comments?post=6275"}],"version-history":[{"count":28,"href":"http:\/\/www.pratinha.mg.gov.br\/portal\/wp-json\/wp\/v2\/pages\/6275\/revisions"}],"predecessor-version":[{"id":13608,"href":"http:\/\/www.pratinha.mg.gov.br\/portal\/wp-json\/wp\/v2\/pages\/6275\/revisions\/13608"}],"wp:attachment":[{"href":"http:\/\/www.pratinha.mg.gov.br\/portal\/wp-json\/wp\/v2\/media?parent=6275"}],"curies":[{"name":"wp","href":"https:\/\/api.w.org\/{rel}","templated":true}]}}