{"id":6246,"date":"2021-11-08T12:55:16","date_gmt":"2021-11-08T12:55:16","guid":{"rendered":"http:\/\/www.pratinha.mg.gov.br\/portal\/?page_id=6246"},"modified":"2024-10-07T14:01:39","modified_gmt":"2024-10-07T14:01:39","slug":"conselho-munc-cae","status":"publish","type":"page","link":"http:\/\/www.pratinha.mg.gov.br\/portal\/conselho-munc-cae\/","title":{"rendered":"CONSELHO MUNICIPAL DE ALIMENTA\u00c7\u00c3O ESCOLAR &#8211; CAE"},"content":{"rendered":"<p style=\"text-align: justify\">\n<p style=\"text-align: justify\"><img loading=\"lazy\" decoding=\"async\" class=\"wp-image-6314 size-full alignleft\" src=\"http:\/\/www.pratinha.mg.gov.br\/portal\/wp-content\/uploads\/2021\/11\/Imagem1123.png\" alt=\"\" width=\"181\" height=\"258\" \/><\/p>\n<p style=\"text-align: justify\">\u00a0 \u00a0 \u00a0O Conselho de Alimenta\u00e7\u00e3o Escolar \u2013 CAE como \u00f3rg\u00e3o colegiado de car\u00e1ter fiscalizador, permanente, deliberativo e de assessoramento para atuar em parceria com o Governo Municipal na execu\u00e7\u00e3o do Programa de Alimenta\u00e7\u00e3o Escolar junto aos estabelecimentos de Educa\u00e7\u00e3o Infantil e Ensino Fundamental mantido pelo Munic\u00edpio e na Escola Filantr\u00f3pica atendida pelo Programa motivando a participa\u00e7\u00e3o de \u00f3rg\u00e3os p\u00fablicos e da sociedade civil. Seu objetivo \u00e9 atender as necessidades nutricionais dos alunos durante sua perman\u00eancia em sala de aula, contribuindo para o crescimento, o desenvolvimento, a aprendizagem e o rendimento escolar dos estudantes, bem como promover a forma\u00e7\u00e3o de h\u00e1bitos alimentares saud\u00e1veis. E tem por finalidade:<\/p>\n<ul style=\"text-align: justify\">\n<li>Monitorar e fiscalizar a aplica\u00e7\u00e3o dos recursos federais transferidos \u00e0 conta do PNAE e o cumprimento do disposto nos arts. 2\u00ba e 3\u00ba da Resolu\u00e7\u00e3o\/FNDE 26\/2013;<\/li>\n<li>Analisar o Relat\u00f3rio de Acompanhamento da Gest\u00e3o do PNAE, emitido pela EEX, contido no Sistema de Gest\u00e3o de Conselhos &#8211; SIGECON Online, antes da elabora\u00e7\u00e3o e do envio do parecer conclusivo;<\/li>\n<li>Analisar a presta\u00e7\u00e3o de contas do gestor, conforme legisla\u00e7\u00e3o pertinente, e emitir Parecer Conclusivo acerca da execu\u00e7\u00e3o do Programa no SIGECON Online;<\/li>\n<li>Comunicar \u00e0 Entidade executora a ocorr\u00eancia de irregularidade com os g\u00eaneros aliment\u00edcios, tais como: vencimento do prazo de validade, deteriora\u00e7\u00e3o, desvios e furtos, para que sejam tomadas as devidas provid\u00eancias;<\/li>\n<li>Comunicar ao FNDE, aos Tribunais de Contas, \u00e0 Controladoria- Geral da Uni\u00e3o, ao Minist\u00e9rio P\u00fablico e aos demais \u00f3rg\u00e3os de controle qualquer irregularidade identificada na execu\u00e7\u00e3o do PNAE, inclusive em rela\u00e7\u00e3o ao apoio para funcionamento do CAE, sob pena de responsabilidade solid\u00e1ria de seus membros;<\/li>\n<li>Fornecer informa\u00e7\u00f5es e apresentar relat\u00f3rios acerca do acompanhamento da execu\u00e7\u00e3o do PNAE, sempre que solicitado;<\/li>\n<li>Realizar reuni\u00e3o espec\u00edfica para aprecia\u00e7\u00e3o da presta\u00e7\u00e3o de contas com a participa\u00e7\u00e3o de, no m\u00ednimo, 2\/3 (dois ter\u00e7os) dos conselheiros titulares;<\/li>\n<li>Zelar pela qualidade dos g\u00eaneros aliment\u00edcios, desde a sua aquisi\u00e7\u00e3o at\u00e9 a distribui\u00e7\u00e3o \u00e0s entidades educativas, observando as boas pr\u00e1ticas higi\u00eanico-sanit\u00e1rias, bem como a aceita\u00e7\u00e3o dos card\u00e1pios oferecidos;<\/li>\n<li>Elaborar o Regimento Interno, observado legisla\u00e7\u00e3o pertinente;<\/li>\n<li>Elaborar o Plano de A\u00e7\u00e3o do ano em curso e\/ou subsequente a fim de acompanhar a execu\u00e7\u00e3o do PNAE nas escolas de sua rede de ensino, bem como nas escolas conveniadas e demais estruturas pertencentes ao programa, contendo previs\u00e3o de despesas necess\u00e1rias para o exerc\u00edcio de suas atribui\u00e7\u00f5es e encaminh\u00e1-lo \u00e0 EEx. no in\u00edcio do ano letivo;<\/li>\n<li>Fiscalizar o armazenamento e conserva\u00e7\u00e3o dos g\u00eaneros aliment\u00edcios nos dep\u00f3sitos das unidades educativas atendidas pelo Programa, assim como a limpeza desses locais;<\/li>\n<\/ul>\n<p style=\"text-align: justify\"><strong><em>Par\u00e1grafo \u00danico<\/em><\/strong>: A execu\u00e7\u00e3o das proposi\u00e7\u00f5es estabelecidas pelo Conselho de Alimenta\u00e7\u00e3o Escolar ficar\u00e1 a cargo do \u00f3rg\u00e3o de Educa\u00e7\u00e3o do Munic\u00edpio.<\/p>\n<p style=\"text-align: justify\"><strong>\u00a0<u>Objetivos<\/u><\/strong><\/p>\n<p style=\"text-align: justify\">Verificar a aplica\u00e7\u00e3o dos recursos da alimenta\u00e7\u00e3o escolar, comprovando-se:<\/p>\n<ul style=\"text-align: justify\">\n<li>o dinheiro do programa foi aplicado em alimentos para a alimenta\u00e7\u00e3o escolar;<\/li>\n<li>os valores pagos est\u00e3o de acordo com os pre\u00e7os do mercado;<\/li>\n<li>os produtos comprados est\u00e3o sendo utilizados na alimenta\u00e7\u00e3o dos alunos;<\/li>\n<li>os produtos comprados s\u00e3o de boa qualidade;<\/li>\n<li>visitar escolas para saber se a alimenta\u00e7\u00e3o chega aos alunos e informar no parecer quando forem detectadas falhas graves e irregulares.<\/li>\n<\/ul>\n<p style=\"text-align: justify\">\u00a0\u00a0\u00a0\u00a0\u00a0\u00a0\u00a0\u00a0\u00a0\u00a0\u00a0 <strong>A responsabilidade dos conselheiros \u00e9 grande. A atua\u00e7\u00e3o do Conselho \u00e9 fundamental para o funcionamento do PNAE (Programa Nacional de Alimenta\u00e7\u00e3o Escolar).<\/strong><\/p>\n<p style=\"text-align: justify\"><strong><u>Reuni\u00f5es Conselho <\/u><\/strong><\/p>\n<p style=\"text-align: justify\">As reuni\u00f5es de <strong>Conselho <\/strong>s\u00e3o abertas ao p\u00fablico e acontecem <strong>bimestralmente<\/strong>, podendo haver altera\u00e7\u00e3o a crit\u00e9rio do plen\u00e1rio e\/ou em virtude da demanda de trabalho. A data das reuni\u00f5es s\u00e3o disponibilizados nas redes sociais da Prefeitura Municipal.<\/p>\n<h3 style=\"text-align: justify\"><span style=\"color: #0000ff\"><u>COMPOSI\u00c7\u00c3O DO CONSELHO MUNICIPAL DO CAE &#8211; GEST\u00c3O Dez2022 a Dez\/2026<\/u><\/span><\/h3>\n<h2 style=\"text-align: justify\"><span style=\"font-size: 14pt\"><strong>O Decreto n\u00ba 818\/2022 de 14\/12\/2022, com vig\u00eancia a partir de 27 de dezembro de 2022 designa membros para comporem o Conselho Municipal de Alimenta\u00e7\u00e3o Escolar para o Quadri\u00eanio 2022-2026. Juntamente com o Decreto Municipal n\u00ba 1.141 de 16\/09\/2024 que renova membro.\u00a0<\/strong><\/span><\/h2>\n<h2 style=\"text-align: justify\"><\/h2>\n<h2 style=\"text-align: justify\"><u>D<\/u><u>iretoria<\/u><\/h2>\n<p style=\"text-align: justify\"><strong>Presidente<\/strong>\u00a0<strong>\u2013 <span style=\"color: #ff0000\">Geovanna Rafaela Silva<\/span><\/strong><\/p>\n<p style=\"text-align: justify\"><strong>Vice Presidente<\/strong> \u2013 <span style=\"color: #ff0000\"><strong>Patr\u00edcia dos Reis Martins Borges<\/strong><\/span><\/p>\n<p style=\"text-align: justify\"><strong>Secret\u00e1ria \u2013<span style=\"color: #ff0000\"> Larissa Aparecida de Morais Pereira<\/span><\/strong><\/p>\n<p style=\"text-align: justify\">\u00a0I\u2013 <strong><em>Representantes do Poder Executivo<\/em>:<\/strong><\/p>\n<ol style=\"text-align: justify\">\n<li>a) <u>Membro Titular<\/u>: Vanessa Loren Alves<\/li>\n<\/ol>\n<p style=\"text-align: justify\">E-mail:<span style=\"color: #ff0000\"> lorenvanessa63@gmail.com\u00a0<\/span><\/p>\n<ol style=\"text-align: justify\">\n<li>b) <u>Membro Suplente<\/u>: Tamara da Silva Ribeiro<\/li>\n<\/ol>\n<p style=\"text-align: justify\">E-mail: <span style=\"color: #ff0000\">tamara11kz@gmail.com\u00a0<\/span><\/p>\n<p style=\"text-align: justify\"><strong>II <\/strong>&#8211; <strong><em>Representantes dos Trabalhadores da Educa\u00e7\u00e3o<\/em>:<\/strong><\/p>\n<ol style=\"text-align: justify\">\n<li><u>Primeiro Membro Titular<\/u>: Larissa Aparecida de Morais Pereira<\/li>\n<\/ol>\n<p style=\"text-align: justify\">E-mail: <span style=\"color: #ff0000\">larissaapmoraispereira@outlook.com<\/span><\/p>\n<ol style=\"text-align: justify\">\n<li><u>Membro Suplente<\/u>: Jaqueline Aparecida Valeriano Borges<\/li>\n<\/ol>\n<p style=\"text-align: justify\">E-mail:<span style=\"color: #ff0000\"> jaqueline_valeriano@yahoo.com.br<\/span><\/p>\n<ol style=\"text-align: justify\">\n<li><u>Segundo Membro Titular<\/u>: Patr\u00edcia dos Reis Martins Borges<\/li>\n<\/ol>\n<p style=\"text-align: justify\">E-mail: <span style=\"color: #ff0000\">patricia11matinsborges@gmail.com<\/span><\/p>\n<ol style=\"text-align: justify\">\n<li><u>Membro Suplente<\/u>: Diva Aparecida Lemes Alves<\/li>\n<\/ol>\n<p style=\"text-align: justify\">E-mail: <span style=\"color: #ff0000\">juliadiogodiva@hotmail.com<\/span><\/p>\n<p style=\"text-align: justify\"><strong>II \u2013 <em>Representantes dos Pais de Alunos<\/em>:<\/strong><\/p>\n<ol style=\"text-align: justify\">\n<li><u>Primeiro Membro Titular:<\/u> Junara Geisy de Deus<\/li>\n<\/ol>\n<p style=\"text-align: justify\">E-mail: <span style=\"color: #ff0000\">junaradeus123@gmail.com<\/span><\/p>\n<ol style=\"text-align: justify\">\n<li><u>Membro Suplente<\/u>: Livia Cristina Dam\u00e1sio Braz<\/li>\n<\/ol>\n<p style=\"text-align: justify\">E-mail: <span style=\"color: #ff0000\">livinhabio2006@hotmail.com<\/span><\/p>\n<ol style=\"text-align: justify\">\n<li><u>Segundo Membro Titular<\/u>: Nelma Aparecida da Silva Evangelista<\/li>\n<\/ol>\n<p style=\"text-align: justify\">E-mail: <span style=\"color: #ff0000\">nelmaevang@hotmail.com<\/span><\/p>\n<ol style=\"text-align: justify\">\n<li><u>Membro Suplente<\/u>: Irani Rute Pereira<\/li>\n<\/ol>\n<p style=\"text-align: justify\">E-mail: <span style=\"color: #ff0000\">iranirute123@gmail.com<\/span><\/p>\n<p style=\"text-align: justify\"><strong><em>III \u2013 Representantes de Outros Segmentos da Sociedade Civil:<\/em><\/strong><\/p>\n<ol style=\"text-align: justify\">\n<li><u>Primeiro Membro Titular<\/u>: Geovanna Rafaela Silva (APAE de Pratinha)<\/li>\n<\/ol>\n<p style=\"text-align: justify\">E-mail: <span style=\"color: #ff0000\">geovannarafaela11@hotmail.com<\/span><\/p>\n<ol style=\"text-align: justify\">\n<li><u>Membro Suplente<\/u>: Renata Aparecida de Morais (APAE de Pratinha)<\/li>\n<\/ol>\n<p style=\"text-align: justify\">E-mail: <span style=\"color: #ff0000\">renata.amm@hotmail.com<\/span><\/p>\n<ol style=\"text-align: justify\">\n<li><u>Segundo Membro Titular<\/u>: Leila Helena Borges (Par\u00f3quia Santo Ant\u00f4nio de Pratinha)<\/li>\n<\/ol>\n<p style=\"text-align: justify\">E-mail: <span style=\"color: #ff0000\">leilahelenaborges@hotmail.com<\/span><\/p>\n<ol style=\"text-align: justify\">\n<li><u>Membro Suplente<\/u>: Ronaldo Rosa (Sindicato dos Produtores Rurais)<\/li>\n<\/ol>\n<p style=\"text-align: justify\">E-mail: <span style=\"color: #ff0000\"><a style=\"color: #ff0000\" href=\"mailto:sindicatodepratinha@yahoo.com.br\">sindicatodepratinha@yahoo.com.br<\/a><\/span><\/p>\n<h2 style=\"text-align: justify\"><span style=\"font-size: 12pt\">VISITE A P\u00c1GINA DO PNAE &#8211;\u00a0<a href=\"https:\/\/www.gov.br\/fnde\/pt-br\/acesso-a-informacao\/acoes-e-programas\/programas\/pnae\">CLIQUE AQUI<\/a><\/span><\/h2>\n<p><strong>ePNAE \u2013 Aplicativo de Controle Social do PNAE<\/strong><\/p>\n<p style=\"text-align: justify\">O ePnae \u00e9 o aplicativo de controle social do Programa Nacional de Alimenta\u00e7\u00e3o Escolar em que pais, alunos, professores, nutricionistas, conselheiros de alimenta\u00e7\u00e3o escolar e toda comunidade poder\u00e3o acompanhar e avaliar a alimenta\u00e7\u00e3o escolar oferecida nas escolas p\u00fablicas de todo o pa\u00eds. Para usufruir de todas as funcionalidades, o usu\u00e1rio dever\u00e1 fazer o download do aplicativo nas lojas Apple (iOS) ou Google (Android), informar seu per\ufb01l e autenticar com seu usu\u00e1rio Brasil Cidad\u00e3o, do Governo Federal.<\/p>\n<p style=\"text-align: justify\">Veja abaixo as vers\u00f5es do aplicativo:<\/p>\n<ul style=\"text-align: justify\">\n<li><a href=\"https:\/\/play.google.com\/store\/apps\/details?id=br.gov.fnde.epnae\"><strong>Download vers\u00e3o Android<\/strong><\/a><\/li>\n<li><a href=\"https:\/\/apps.apple.com\/br\/app\/epnae\/id1453441161\"><strong>Download vers\u00e3o iOS<\/strong><\/a><\/li>\n<li><a href=\"https:\/\/www.fnde.gov.br\/epnae\/\"><strong>Acessar vers\u00e3o Web<\/strong><\/a><\/li>\n<\/ul>\n<p style=\"text-align: justify\">Para conhecer melhor as funcionalidades do ePNAE acesse o guia orientativo de acordo com seu perfil:<\/p>\n<ul style=\"text-align: justify\">\n<li><a href=\"https:\/\/www.fnde.gov.br\/index.php\/centrais-de-conteudos\/publicacoes\/category\/230-controle-social-cae?download=13193:e_pnae_guia_comunidade\">ePnae: guia da comunidade<\/a><\/li>\n<li><a href=\"https:\/\/www.fnde.gov.br\/index.php\/centrais-de-conteudos\/publicacoes\/category\/230-controle-social-cae?download=13194:e_pnae_guia_conselheiro_cae\">ePnae: guia dos conselheiros do CAE<\/a><\/li>\n<li><a href=\"https:\/\/www.fnde.gov.br\/index.php\/centrais-de-conteudos\/publicacoes\/category\/230-controle-social-cae?download=13195:e_pnae_guia_nutricionista\">ePnae: guia do nutricionista<\/a><\/li>\n<\/ul>\n<p style=\"text-align: justify\"><span style=\"font-size: 12pt\">CONSULTA LIBERA\u00c7\u00c3O REPASSE PNAE\/FNDE &#8211;\u00a0<a href=\"https:\/\/www.fnde.gov.br\/sigefweb\/index.php\/liberacoes\">CLIQUE AQUI\u00a0<\/a><\/span><\/p>\n<table style=\"border-collapse: collapse;width: 100%;height: 323px\">\n<tbody>\n<tr style=\"height: 29px\">\n<td style=\"width: 25%;height: 29px\"><a href=\"http:\/\/www.pratinha.mg.gov.br\/portal\/cae-atas-plano-de-inventario-listagem-de-bens-culturais-protegidos-dentre-outros\/\"><img loading=\"lazy\" decoding=\"async\" class=\"aligncenter wp-image-5898 size-full\" src=\"http:\/\/www.pratinha.mg.gov.br\/portal\/wp-content\/uploads\/2021\/06\/arquivo.png\" alt=\"Regimento Interno\" width=\"64\" height=\"64\" \/><\/a><\/td>\n<td style=\"width: 25%;height: 29px\"><a href=\"http:\/\/www.pratinha.mg.gov.br\/portal\/cae-leis-decretos-resolucoes-portarias-e-deliberacoes-normativas\/\"><img loading=\"lazy\" decoding=\"async\" class=\"aligncenter wp-image-5898 size-full\" src=\"http:\/\/www.pratinha.mg.gov.br\/portal\/wp-content\/uploads\/2021\/06\/arquivo.png\" alt=\"Regimento Interno\" width=\"64\" height=\"64\" \/><\/a><\/td>\n<td style=\"width: 25.1437%;height: 29px\"><a href=\"http:\/\/www.pratinha.mg.gov.br\/portal\/conselhos\/cae\/regimento.pdf\" target=\"_blank\" rel=\"noopener\"><img loading=\"lazy\" decoding=\"async\" class=\"aligncenter wp-image-5898 size-full\" src=\"http:\/\/www.pratinha.mg.gov.br\/portal\/wp-content\/uploads\/2021\/06\/arquivo.png\" alt=\"Regimento Interno\" width=\"64\" height=\"64\" \/><\/a><\/td>\n<td style=\"width: 24.8563%;height: 29px\"><a href=\"http:\/\/www.pratinha.mg.gov.br\/portal\/cardapios-escolares\/\" target=\"_blank\" rel=\"noopener\"><img loading=\"lazy\" decoding=\"async\" class=\"aligncenter wp-image-5898 size-full\" src=\"http:\/\/www.pratinha.mg.gov.br\/portal\/wp-content\/uploads\/2021\/06\/arquivo.png\" alt=\"Regimento Interno\" width=\"64\" height=\"64\" \/><\/a><\/td>\n<\/tr>\n<tr style=\"height: 122px\">\n<td style=\"width: 25%;height: 122px\"><span style=\"font-size: 8pt\">Documenta\u00e7\u00e3o da Atua\u00e7\u00e3o do Conselho (Atas \/ Pareceres \/ Relat\u00f3rios \/ Presta\u00e7\u00e3o de Contas, dentre outros documentos).\u00a0<\/span><\/td>\n<td style=\"width: 25%;height: 122px\"><span style=\"font-size: 8pt\">Leis, Decretos, Resolu\u00e7\u00f5es e Notas T\u00e9cnicas.<\/span><\/p>\n<p>&nbsp;<\/td>\n<td style=\"width: 25.1437%;height: 122px\">\n<p style=\"text-align: center\"><span style=\"font-size: 8pt\">Regimento Interno<\/span><\/p>\n<p>&nbsp;<\/td>\n<td style=\"width: 24.8563%;height: 122px\">\n<p style=\"text-align: center\"><span style=\"font-size: 8pt\">Card\u00e1pios escolares<\/span><\/p>\n<p>&nbsp;<\/td>\n<\/tr>\n<tr style=\"height: 120px\">\n<td style=\"width: 25%;height: 120px\">&nbsp;<\/p>\n<p><span style=\"font-size: 8pt\"><a href=\"http:\/\/www.pratinha.mg.gov.br\/portal\/convocacoes-reunioes-cae\/\"><img loading=\"lazy\" decoding=\"async\" class=\"aligncenter wp-image-5898 size-full\" src=\"http:\/\/www.pratinha.mg.gov.br\/portal\/wp-content\/uploads\/2021\/06\/arquivo-e1652893204691.png\" alt=\"Regimento Interno\" width=\"64\" height=\"64\" \/><\/a><\/span><\/td>\n<td style=\"width: 25%;height: 120px\"><span style=\"font-size: 8pt\">\u00a0<\/span><\/td>\n<td style=\"width: 25.1437%;height: 120px\">\n<p style=\"text-align: center\"><span style=\"font-size: 8pt\">\u00a0<\/span><\/p>\n<\/td>\n<td style=\"width: 24.8563%;height: 120px\">\n<p style=\"text-align: center\"><span style=\"font-size: 8pt\">\u00a0<\/span><\/p>\n<\/td>\n<\/tr>\n<tr style=\"height: 52px\">\n<td style=\"width: 25%;text-align: center;height: 52px\"><span style=\"font-size: 8pt\">Convoca\u00e7\u00f5es Reuni\u00f5es<\/span><\/td>\n<td style=\"width: 25%;height: 52px\"><span style=\"font-size: 8pt\">\u00a0<\/span><\/td>\n<td style=\"width: 25.1437%;height: 52px\">\n<p style=\"text-align: center\"><span style=\"font-size: 8pt\">\u00a0<\/span><\/p>\n<\/td>\n<td style=\"width: 24.8563%;height: 52px\">\n<p style=\"text-align: center\"><span style=\"font-size: 8pt\">\u00a0<\/span><\/p>\n<\/td>\n<\/tr>\n<\/tbody>\n<\/table>\n<p>&nbsp;<\/p>\n<hr \/>\n<p style=\"text-align: justify\"><strong>Contato<\/strong><\/p>\n<p style=\"text-align: justify\"><span style=\"font-size: 10pt\">Pra\u00e7a da Matriz, n\u00ba 80 &#8211; Centro &#8211; Pratinha MG &#8211; CEP: 38960-000\u00a0<\/span><\/p>\n<p style=\"text-align: justify\"><span style=\"font-size: 10pt\"><strong>Fone\/whatsApp:<\/strong> (34) 9 9811-1967<\/span><br \/>\n<span style=\"font-size: 10pt\"><strong>E-mail:<\/strong>\u00a0<em>prataeducacao@hotmail.com<\/em><\/span><\/p>\n","protected":false},"excerpt":{"rendered":"<p>\u00a0 \u00a0 \u00a0O Conselho de Alimenta\u00e7\u00e3o Escolar \u2013 CAE como \u00f3rg\u00e3o colegiado de car\u00e1ter fiscalizador, permanente, deliberativo e de assessoramento para atuar em parceria com o Governo Municipal na execu\u00e7\u00e3o do Programa de Alimenta\u00e7\u00e3o Escolar junto aos estabelecimentos de Educa\u00e7\u00e3o Infantil e Ensino Fundamental mantido pelo Munic\u00edpio e na Escola Filantr\u00f3pica atendida pelo Programa motivando&hellip;<\/p>","protected":false},"author":1,"featured_media":0,"parent":0,"menu_order":0,"comment_status":"closed","ping_status":"closed","template":"","meta":{"footnotes":""},"class_list":["post-6246","page","type-page","status-publish"],"_links":{"self":[{"href":"http:\/\/www.pratinha.mg.gov.br\/portal\/wp-json\/wp\/v2\/pages\/6246","targetHints":{"allow":["GET"]}}],"collection":[{"href":"http:\/\/www.pratinha.mg.gov.br\/portal\/wp-json\/wp\/v2\/pages"}],"about":[{"href":"http:\/\/www.pratinha.mg.gov.br\/portal\/wp-json\/wp\/v2\/types\/page"}],"author":[{"embeddable":true,"href":"http:\/\/www.pratinha.mg.gov.br\/portal\/wp-json\/wp\/v2\/users\/1"}],"replies":[{"embeddable":true,"href":"http:\/\/www.pratinha.mg.gov.br\/portal\/wp-json\/wp\/v2\/comments?post=6246"}],"version-history":[{"count":28,"href":"http:\/\/www.pratinha.mg.gov.br\/portal\/wp-json\/wp\/v2\/pages\/6246\/revisions"}],"predecessor-version":[{"id":11177,"href":"http:\/\/www.pratinha.mg.gov.br\/portal\/wp-json\/wp\/v2\/pages\/6246\/revisions\/11177"}],"wp:attachment":[{"href":"http:\/\/www.pratinha.mg.gov.br\/portal\/wp-json\/wp\/v2\/media?parent=6246"}],"curies":[{"name":"wp","href":"https:\/\/api.w.org\/{rel}","templated":true}]}}