{"id":6238,"date":"2021-11-08T10:51:22","date_gmt":"2021-11-08T10:51:22","guid":{"rendered":"http:\/\/www.pratinha.mg.gov.br\/portal\/?page_id=6238"},"modified":"2025-12-19T14:23:40","modified_gmt":"2025-12-19T14:23:40","slug":"conselho-munc-educacao","status":"publish","type":"page","link":"http:\/\/www.pratinha.mg.gov.br\/portal\/conselho-munc-educacao\/","title":{"rendered":"Conselho Municipal de Educa\u00e7\u00e3o"},"content":{"rendered":"<p style=\"text-align: justify\"><img loading=\"lazy\" decoding=\"async\" class=\"wp-image-9572 alignleft\" src=\"http:\/\/www.pratinha.mg.gov.br\/portal\/wp-content\/uploads\/2023\/12\/logotipo-quadrado-CME-para-perfil-600x435.png\" alt=\"\" width=\"256\" height=\"186\" srcset=\"http:\/\/www.pratinha.mg.gov.br\/portal\/wp-content\/uploads\/2023\/12\/logotipo-quadrado-CME-para-perfil-600x435.png 600w, http:\/\/www.pratinha.mg.gov.br\/portal\/wp-content\/uploads\/2023\/12\/logotipo-quadrado-CME-para-perfil-1024x742.png 1024w, http:\/\/www.pratinha.mg.gov.br\/portal\/wp-content\/uploads\/2023\/12\/logotipo-quadrado-CME-para-perfil-768x556.png 768w, http:\/\/www.pratinha.mg.gov.br\/portal\/wp-content\/uploads\/2023\/12\/logotipo-quadrado-CME-para-perfil-696x504.png 696w, http:\/\/www.pratinha.mg.gov.br\/portal\/wp-content\/uploads\/2023\/12\/logotipo-quadrado-CME-para-perfil-1068x774.png 1068w, http:\/\/www.pratinha.mg.gov.br\/portal\/wp-content\/uploads\/2023\/12\/logotipo-quadrado-CME-para-perfil-580x420.png 580w, http:\/\/www.pratinha.mg.gov.br\/portal\/wp-content\/uploads\/2023\/12\/logotipo-quadrado-CME-para-perfil-324x235.png 324w, http:\/\/www.pratinha.mg.gov.br\/portal\/wp-content\/uploads\/2023\/12\/logotipo-quadrado-CME-para-perfil.png 1284w\" sizes=\"auto, (max-width: 256px) 100vw, 256px\" \/> O Conselho Municipal de Educa\u00e7\u00e3o de Pratinha \u2013 CME, foi institu\u00eddo pela Lei n\u00ba 609\/1997 de 17 de Setembro de 1997 e alterado pela Lei Municipal n\u00ba 1.047\/2021 de 12 de novembro de 2021.<\/p>\n<p style=\"text-align: justify\">\u00a0 \u00a0 \u00a0\u00c9 um \u00f3rg\u00e3o colegiado e permanente do Sistema Municipal de Ensino, pol\u00edtica e administrativamente aut\u00f4nomo, com fun\u00e7\u00f5es normativa, deliberativa, consultiva, fiscalizadora, propositiva, mobilizadora e de controle social, como forma de assegurar a participa\u00e7\u00e3o da sociedade na gest\u00e3o da educa\u00e7\u00e3o municipal.<\/p>\n<p style=\"text-align: justify\">O CME tem como objetivo assegurar \u00e0 sociedade, atrav\u00e9s de seus representantes, o direito de participar da defini\u00e7\u00e3o das diretrizes da educa\u00e7\u00e3o no \u00e2mbito do Munic\u00edpio, concorrendo para elevar a qualidade dos servi\u00e7os educacionais.<\/p>\n<p style=\"text-align: justify\">O Conselho Municipal de Educa\u00e7\u00e3o \u2013 CME, de composi\u00e7\u00e3o parit\u00e1ria, ser\u00e1 integrado por 10 (dez) membros designados e seus respectivos suplentes, representantes do Poder P\u00fablico Municipal, dos usu\u00e1rios e profissionais da educa\u00e7\u00e3o, bem como de dois membros natos, conforme disposto na Lei Municipal n\u00ba 1.047\/2021 de 12 de novembro de 2021, assim definidos:<\/p>\n<p style=\"text-align: justify\">I \u2013 Membros Natos:<\/p>\n<ul style=\"text-align: justify\">\n<li>O Prefeito Municipal de Pratinha, como presidente de Honra;<\/li>\n<li>A Diretora do Departamento Municipal de Educa\u00e7\u00e3o e Cultura;<\/li>\n<\/ul>\n<p style=\"text-align: justify\">II \u2013 Membros Designados:<\/p>\n<ul style=\"text-align: justify\">\n<li><strong>\u00a0<\/strong><em>Representantes do Poder P\u00fablico Municipal e de Profissionais da Educa\u00e7\u00e3o:<\/em><\/li>\n<li>Um representante da Coordena\u00e7\u00e3o Pedag\u00f3gica da Rede Municipal;<\/li>\n<li>Um representante dos Diretores da Rede Municipal;<\/li>\n<li>Um representante dos Professores da Educa\u00e7\u00e3o Infantil da Rede Municipal;<\/li>\n<li>Um representante dos Professores do Ensino Fundamental da Rede Municipal;<\/li>\n<li>Um representante dos servidores t\u00e9cnico-administrativos da Rede de Ensino Municipal;<\/li>\n<\/ul>\n<ul style=\"text-align: justify\">\n<li><em>Representantes de Entidades de Classes dos Usu\u00e1rios da Educa\u00e7\u00e3o:<\/em><\/li>\n<li>Um representante dos Alunos maiores de 18 anos;<\/li>\n<li>Dois representante das organiza\u00e7\u00f5es da sociedade civil n\u00e3o governamental;<\/li>\n<li>Dois representantes de Pais de Alunos do Sistema de Ensino de Educa\u00e7\u00e3o B\u00e1sica;<\/li>\n<\/ul>\n<p style=\"text-align: justify\">O mandato dos conselheiros ser\u00e1 de 02 (dois) anos podendo ser reconduzido por mais um mandato consecutivo.<\/p>\n<p style=\"text-align: justify\">S\u00e3o compet\u00eancias do Conselho Municipal de Educa\u00e7\u00e3o:<\/p>\n<p style=\"text-align: justify\">\u00a0<strong>I<\/strong> &#8211; Fixar normas complementares e manifestar-se, nos termos da lei e das diretrizes emanadas pelo Conselho Nacional de Educa\u00e7\u00e3o e Conselho Estadual de Educa\u00e7\u00e3o, sobre:<\/p>\n<ol style=\"text-align: justify\">\n<li>a educa\u00e7\u00e3o infantil e o ensino fundamental;<\/li>\n<li>a autoriza\u00e7\u00e3o de funcionamento e o credenciamento das institui\u00e7\u00f5es de ensino que integram o Sistema Municipal de Ensino;<\/li>\n<li>a educa\u00e7\u00e3o especial na educa\u00e7\u00e3o infantil e no ensino fundamental;<\/li>\n<li>o ensino fundamental destinado a jovens e adultos que a ele n\u00e3o tiveram acesso na idade pr\u00f3pria;<\/li>\n<li>as diretrizes curriculares para a educa\u00e7\u00e3o infantil, ensino fundamental, educa\u00e7\u00e3o especial e educa\u00e7\u00e3o de jovens e adultos;<\/li>\n<li>os regimentos e as propostas pedag\u00f3gicas dos estabelecimentos de ensino;<\/li>\n<li>a organiza\u00e7\u00e3o do Calend\u00e1rio Escolar.<\/li>\n<\/ol>\n<p style=\"text-align: justify\"><strong>II<\/strong> &#8211; Participar da elabora\u00e7\u00e3o do Plano Municipal de Educa\u00e7\u00e3o e acompanhar a sua execu\u00e7\u00e3o e avalia\u00e7\u00e3o, em conjunto com a Sociedade Civil e os Poderes Legislativo e Executivo municipais, em conson\u00e2ncia com a legisla\u00e7\u00e3o pertinente no plano estadual e federal, nos \u00e2mbitos de sua abrang\u00eancia;<\/p>\n<p style=\"text-align: justify\"><strong>III<\/strong>&#8211; Conhecer a realidade do Munic\u00edpio e propor a\u00e7\u00f5es estrat\u00e9gicas, a partir da an\u00e1lise de indicadores educacionais e dos n\u00edveis de desempenho dos alunos da rede municipal de ensino;<\/p>\n<p style=\"text-align: justify\"><strong>IV<\/strong> &#8211; Propor a\u00e7\u00f5es para atuar, capacitar, atualizar e aperfei\u00e7oar os profissionais da educa\u00e7\u00e3o;<\/p>\n<p style=\"text-align: justify\"><strong>V<\/strong> &#8211; Acompanhar e avaliar a execu\u00e7\u00e3o de experi\u00eancias inovadoras na \u00e1rea da educa\u00e7\u00e3o municipal;<\/p>\n<p style=\"text-align: justify\"><strong>VI<\/strong> &#8211; Acompanhar e fiscalizar a aplica\u00e7\u00e3o dos recursos, de vincula\u00e7\u00e3o constitucional, destinados \u00e0 educa\u00e7\u00e3o;<\/p>\n<p style=\"text-align: justify\"><strong>VII<\/strong> &#8211; Elaborar e alterar seu Regimento, a ser aprovado em sess\u00e3o plen\u00e1ria e homologado por ato do Presidente do Conselho Municipal de Educa\u00e7\u00e3o;<\/p>\n<p style=\"text-align: justify\"><strong>VIII<\/strong> &#8211; Manifestar-se sobre Lei de Diretrizes Or\u00e7ament\u00e1rias e outras legisla\u00e7\u00f5es e disposi\u00e7\u00f5es or\u00e7ament\u00e1rias no \u00e2mbito municipal, naquilo que se refere \u00e0 Educa\u00e7\u00e3o;<\/p>\n<p style=\"text-align: justify\"><strong>IX<\/strong> &#8211; Propor e fiscalizar a execu\u00e7\u00e3o de conv\u00eanios, doa\u00e7\u00f5es e outros recursos destinados aos setores p\u00fablico e privado da educa\u00e7\u00e3o, bem como suas renova\u00e7\u00f5es, incluindo verbas de fundos Federais, Estaduais e Municipais;<\/p>\n<p style=\"text-align: justify\"><strong>X <\/strong>&#8211; Estabelecer crit\u00e9rios, e emitir, quando solicitado, pareceres de mat\u00e9rias que envolvam:<\/p>\n<ol style=\"text-align: justify\">\n<li>Propostas de conv\u00eanios educacionais, suas renova\u00e7\u00f5es entre o Munic\u00edpio e entidades p\u00fablicas ou privadas;<\/li>\n<li>Funcionamento dos servi\u00e7os escolares de apoio ao educando, tais como merenda e transporte escolar.<\/li>\n<\/ol>\n<p style=\"text-align: justify\"><strong>XI<\/strong> &#8211; Zelar pelo cumprimento do Estatuto e Plano de Carreira do Magist\u00e9rio P\u00fablico Municipal;<\/p>\n<p style=\"text-align: justify\"><strong>XII<\/strong> &#8211; Exercer outras atribui\u00e7\u00f5es previstas em lei ou decorrentes de suas fun\u00e7\u00f5es.<\/p>\n<p style=\"text-align: justify\">A Presid\u00eancia do Conselho Municipal de Educa\u00e7\u00e3o \u2013 CME \u2013 \u00e9 exercida pelo Diretor do Departamento Municipal da Educa\u00e7\u00e3o, assistido pelo Vice-Presidente e auxiliado pelos Secret\u00e1rios.<\/p>\n<p style=\"text-align: justify\">A atua\u00e7\u00e3o dos membros do Conselho Municipal de Educa\u00e7\u00e3o:<\/p>\n<ol style=\"text-align: justify\">\n<li>N\u00e3o ser\u00e1 remunerada;<\/li>\n<li>\u00c9 considerada servi\u00e7o p\u00fablico relevante \u00e0 municipalidade.<\/li>\n<\/ol>\n<p style=\"text-align: justify\">S\u00e3o \u00f3rg\u00e3os do Conselho Municipal de Educa\u00e7\u00e3o:<\/p>\n<p style=\"text-align: justify\"><strong>I<\/strong> &#8211; o Plen\u00e1rio;<\/p>\n<p style=\"text-align: justify\"><strong>II<\/strong> &#8211; as Comiss\u00f5es.<\/p>\n<p style=\"text-align: justify\">O Plen\u00e1rio \u00e9 \u00f3rg\u00e3o deliberativo e reunir-se-\u00e1 ordin\u00e1ria e extraordinariamente em sess\u00f5es p\u00fablicas convocadas pelo Presidente, em data, hor\u00e1rio e locais previamente fixados.<\/p>\n<ul style=\"text-align: justify\">\n<li><strong> 1\u00ba<\/strong> As reuni\u00f5es ordin\u00e1rias ser\u00e3o bimestrais.<\/li>\n<li><strong> 2\u00ba<\/strong> As reuni\u00f5es extraordin\u00e1rias ocorrer\u00e3o sempre que necess\u00e1rias;<\/li>\n<\/ul>\n<p style=\"text-align: justify\">Para a elabora\u00e7\u00e3o de atos a serem submetidos ao Plen\u00e1rio, o CME dispor\u00e1 das seguintes Comiss\u00f5es Permanentes:<\/p>\n<p style=\"text-align: justify\"><strong>I <\/strong>&#8211; Comiss\u00e3o de Educa\u00e7\u00e3o Infantil;<\/p>\n<p style=\"text-align: justify\"><strong>II <\/strong>&#8211; Comiss\u00e3o de Ensino Fundamental.<\/p>\n<p style=\"text-align: justify\">Cada Comiss\u00e3o Permanente ser\u00e1 composta por 5 (cinco) conselheiros, sendo que cada membro poder\u00e1 ser designado para apenas uma das comiss\u00f5es.<\/p>\n<p style=\"text-align: justify\">Para assuntos n\u00e3o espec\u00edficos das Comiss\u00f5es Permanentes, poder\u00e1 o Presidente constituir Comiss\u00e3o Especial composta por no m\u00ednimo 03 (tr\u00eas) membros representantes dos segmentos envolvidos no tema em discuss\u00e3o.<\/p>\n<p style=\"text-align: justify\"><strong><u>REUNI\u00d5ES CONSELHO<\/u><\/strong><\/p>\n<p style=\"text-align: justify\">As reuni\u00f5es do\u00a0<strong>Conselho\u00a0<\/strong>s\u00e3o abertas ao p\u00fablico e acontecem\u00a0<strong>bimestralmente<\/strong>, podendo haver altera\u00e7\u00e3o a crit\u00e9rio do plen\u00e1rio e\/ou em virtude da demanda de trabalho. A data das reuni\u00f5es ser\u00e1 disponibilizadas nas redes sociais da Prefeitura Municipal e em Mural do Conselho na sede do Departamento Municipal de Educa\u00e7\u00e3o.<\/p>\n<p style=\"text-align: justify\"><span style=\"color: #0000ff\"><strong><u>COMPOSI\u00c7\u00c3O DO CONSELHO MUNICIPAL DE EDUCA\u00c7\u00c3O\u00a0 \u2013 GEST\u00c3O Dez\/2025 a Dez\/2027<\/u><\/strong><\/span><\/p>\n<p style=\"text-align: justify\"><strong>O Decreto n\u00ba 1.379\/2025 de 18 de Dezembro de 2025, Nomeia e Reconduz\u00a0 membros para comporem o Conselho Municipal de Educa\u00e7\u00e3o para o Bi\u00eanio 2025-2027.\u00a0<\/strong><\/p>\n<p style=\"text-align: justify\"><span style=\"color: #ff0000\"><strong><u>Diretoria:<\/u><\/strong><\/span><\/p>\n<p style=\"text-align: justify\"><span style=\"color: #ff0000\"><strong>Presidente<\/strong>\u00a0<strong>\u2013 <\/strong>T\u00e2nia Ang\u00e9lica Borges Martins<\/span><\/p>\n<p style=\"text-align: justify\"><span style=\"color: #ff0000\"><strong>Vice Presidente<\/strong> \u2013\u00a0<\/span><\/p>\n<p style=\"text-align: justify\"><span style=\"color: #ff0000\"><strong>Secret\u00e1ria \u2013\u00a0<\/strong><\/span><\/p>\n<p style=\"text-align: justify\"><strong>Art. 1\u00ba<\/strong> &#8211; Ficam nomeados como membros do Conselho Municipal de Educa\u00e7\u00e3o de Pratinha \u2013 MG:<\/p>\n<p style=\"text-align: justify\"><strong>I \u2013 Membros Natos:<\/strong><\/p>\n<ol style=\"text-align: justify\">\n<li>O Prefeito Municipal de Pratinha; Wellington Jos\u00e9 Carneiro\u00a0 <a href=\"mailto:jwmorais2017@hotmail.com\"><span style=\"color: #ff9900\">prefeito@pratinha.mg.gov.br<\/span><\/a>;<\/li>\n<li>A Diretora Municipal de Educa\u00e7\u00e3o e Cultura; T\u00e2nia Ang\u00e9lica Borges Martins <span style=\"color: #ff9900\">taniaangelicamartins@yahoo.com.br\u00a0<\/span><\/li>\n<\/ol>\n<p style=\"text-align: justify\"><strong>II \u2013 Membros Designados:<\/strong><\/p>\n<p><strong><em>a) Representantes da<\/em><\/strong> <strong><em>Coordena\u00e7\u00e3o Pedag\u00f3gica da Rede Municipal:<\/em><\/strong><\/p>\n<p>K\u00e1tia Christina Borges de Sousa \u00a0(titular)<span style=\"color: #ff9900\"> katiachbs@gmail.com<\/span>\u00a0 e\u00a0 \u00a0 \u00a0 \u00a0 \u00a0 \u00a0 \u00a0 \u00a0 \u00a0 \u00a0 \u00a0 \u00a0 \u00a0 \u00a0 \u00a0 \u00a0 Ana Carolina de Queiroz Honorato (suplente\/reconduzida) <span style=\"color: #ff9900\">carol_pratinha@yahoo.com.br<\/span><\/p>\n<p><strong><em>b) Representantes dos Diretores das Escolas da Rede Municipal:<\/em><\/strong><\/p>\n<p>Amanda Vinaud Valeriano (titular\/<em>reconduzida<\/em>) <span style=\"color: #ff9900\">amandavinaud@hotmail.com <\/span><span style=\"color: #000000\">e\u00a0 \u00a0 \u00a0 \u00a0 \u00a0 \u00a0 \u00a0 \u00a0 \u00a0 \u00a0 Maria Izabel Evangelista (suplente) <span style=\"color: #ff9900\">mariaizabelevangelista@gmail.com\u00a0<\/span><\/span><\/p>\n<p><strong><em>c)\u00a0 Representantes dos Professores da Educa\u00e7\u00e3o Infantil da Rede Municipal:<\/em><\/strong><\/p>\n<p>Ang\u00e9lica de Jesus Lima Santos \u00a0(titular) <span style=\"color: #ff9900\">angelicalima964@gmail.com<\/span>\u00a0 e\u00a0 \u00a0 \u00a0 \u00a0 \u00a0 \u00a0 \u00a0 \u00a0 \u00a0 \u00a0 \u00a0 \u00a0 \u00a0 Ana Cristina de Oliveira \u00a0(suplente) <span style=\"color: #ff9900\">anna.pratinha@hotmail.com<\/span><\/p>\n<p><strong><em>d) Representantes<\/em><\/strong> <strong><em>dos Professores do Ensino Fundamental da Rede Municipal:<\/em><\/strong><\/p>\n<p>Nal\u00edgia Nat\u00e1lia de Morais Valeriano (titular\/reconduzida) <span style=\"color: #ff9900\">naligianatalia@hotmail.com\u00a0<\/span> e\u00a0 \u00a0 \u00a0 \u00a0 S\u00f4nia Maria Sales de Faria (suplente)\u00a0 <span style=\"color: #ff9900\">soniamaria.sales@gmail.com<\/span><\/p>\n<p><strong><em>e) Representantes dos servidores t\u00e9cnico-administrativos da Rede de Ensino Municipal:<\/em><\/strong><\/p>\n<p>Ana Patr\u00edcia Machado \u00a0(titular<em>) <\/em><span style=\"color: #ff9900\">ana_patry@hotmail.com<\/span> e\u00a0 \u00a0 \u00a0 \u00a0 \u00a0 \u00a0 \u00a0 \u00a0 \u00a0 \u00a0 \u00a0 \u00a0 \u00a0 \u00a0 \u00a0 \u00a0 \u00a0 \u00a0 \u00a0 \u00a0 \u00a0 \u00a0 \u00a0 \u00a0Geovana Cristina de Assis \u00a0(Suplente) <span style=\"color: #ff9900\">geovanaassis22@gmail.com<\/span><\/p>\n<p><strong><em>f) Representantes dos alunos com idade igual ou superior a 18 anos:<\/em><\/strong><\/p>\n<p>Marlene de Oliveira Pereira (titular\/reconduzida) <span style=\"color: #ff9900\">necadepaula@yahoo.com.br<\/span> e\u00a0 \u00a0 \u00a0 \u00a0 \u00a0 \u00a0 \u00a0 \u00a0 \u00a0 Neli Silva (suplente\/reconduzida) <span style=\"color: #ff9900\">nelisilva9715@gmail.com<\/span><\/p>\n<p><strong><em>g) Representantes<\/em><\/strong> <strong><em>das organiza\u00e7\u00f5es da sociedade civil n\u00e3o governamentais:<\/em><\/strong><\/p>\n<p>Lauane Lara Oliveira (titular) <span style=\"color: #ff9900\">oliveira.lauane@gmail.com<\/span> e\u00a0 \u00a0 \u00a0 \u00a0 \u00a0 \u00a0 \u00a0 \u00a0 \u00a0 \u00a0 \u00a0 \u00a0 \u00a0 \u00a0 \u00a0 \u00a0 \u00a0 \u00a0 \u00a0 \u00a0 \u00a0 \u00a0 \u00a0 \u00a0 Renata Aparecida de Morais (suplente\/reconduzida) <span style=\"color: #ff9900\">renataamm@hotmail.com<\/span>\u00a0 \u00a0 \u00a0 \u00a0 \u00a0 \u00a0 \u00a0 \u00a0 \u00a0 \u00a0 Representantes da APAE<\/p>\n<p>Leila Helena Borges (titular\/reconduzida) <span style=\"color: #ff9900\">leilahelenaborges@hotmail.com<\/span> e\u00a0 \u00a0 \u00a0 \u00a0 \u00a0 \u00a0 \u00a0 \u00a0 \u00a0 \u00a0 \u00a0 \u00a0 Franciele Aparecida Elias Borges \u00a0(suplente) <span style=\"color: #ff9900\">francieleelias@hotmail.com<\/span>\u00a0 \u00a0 \u00a0 \u00a0 \u00a0 \u00a0Representantes da IGREJA<\/p>\n<p><strong><em>h) Representantes de Pais de Alunos do Sistema de Ensino de Educa\u00e7\u00e3o B\u00e1sica:<\/em><\/strong><\/p>\n<p>Naiara Valeriana dos Reis Borges \u00a0(titular) <span style=\"color: #ff9900\">naiara-valeriano@hotmail.com<\/span> e\u00a0 \u00a0 \u00a0 \u00a0 \u00a0 \u00a0 \u00a0 \u00a0Josiane Aparecida Ribeiro (suplente)<span style=\"color: #ff9900\"> ribeiro.josi86@gmail.com<\/span><\/p>\n<p>Mariana Rodrigues de Morais (titular) <span style=\"color: #ff9900\">marianamorais16@gmail.com<\/span> e\u00a0 \u00a0 \u00a0 \u00a0 \u00a0 \u00a0 \u00a0 \u00a0 \u00a0 \u00a0 \u00a0 \u00a0 \u00a0Laiane Cristina Ferreira Borges (suplente) <span style=\"color: #ff9900\">laianeborges_456@hotmail.com<\/span><\/p>\n<p style=\"text-align: justify\"><strong><u>Contato do Conselho Municipal de Educa\u00e7\u00e3o<\/u>:<\/strong><\/p>\n<p style=\"text-align: justify\"><strong>Endere\u00e7o<\/strong>: Pra\u00e7a do Ros\u00e1rio, n\u00ba 365, Centro \u2013 Pratinha MG \/ CEP: 38960-000<\/p>\n<p style=\"text-align: justify\"><strong>Fone\/WhatsApp:<\/strong> (34) 9 9811-1967<\/p>\n<p style=\"text-align: justify\"><strong>E-mail:<\/strong>\u00a0<em>prataeducacao@hotmail.com<\/em><\/p>\n<p>&nbsp;<\/p>\n<table style=\"border-collapse: collapse;width: 100%;height: 177px\">\n<tbody>\n<tr>\n<td style=\"width: 25%\"><\/td>\n<td style=\"width: 25%\"><\/td>\n<td style=\"width: 25%\"><\/td>\n<td style=\"width: 25%\"><\/td>\n<\/tr>\n<tr>\n<td style=\"width: 25%\">\n<p style=\"text-align: center\"><span style=\"font-size: 8pt\">\u00a0<\/span><\/p>\n<\/td>\n<td style=\"width: 25%\"><\/td>\n<td style=\"width: 25%\"><\/td>\n<td style=\"width: 25%\"><\/td>\n<\/tr>\n<tr style=\"height: 29px\">\n<td style=\"width: 25%;height: 29px\"><a href=\"http:\/\/www.pratinha.mg.gov.br\/portal\/documentacao-da-atuacao-do-conselho-atas-oficios-pareceres-etc\/\"><img loading=\"lazy\" decoding=\"async\" class=\"aligncenter wp-image-5898 size-full\" src=\"http:\/\/www.pratinha.mg.gov.br\/portal\/wp-content\/uploads\/2021\/06\/arquivo.png\" alt=\"Regimento Interno\" width=\"64\" height=\"64\" \/><\/a><\/td>\n<td style=\"width: 25%;height: 29px\"><a href=\"http:\/\/www.pratinha.mg.gov.br\/portal\/leis-decretos-resolucoes-portarias-e-deliberacoes-normativas-2\/\"><img loading=\"lazy\" decoding=\"async\" class=\"aligncenter wp-image-5898 size-full\" src=\"http:\/\/www.pratinha.mg.gov.br\/portal\/wp-content\/uploads\/2021\/06\/arquivo.png\" alt=\"Regimento Interno\" width=\"64\" height=\"64\" \/><\/a><\/td>\n<td style=\"width: 25%;height: 29px\"><a href=\"https:\/\/www.pratinha.mg.gov.br\/portal\/regimento-conselho-municipal-de-educacao\/\" target=\"_blank\" rel=\"noopener\"><img loading=\"lazy\" decoding=\"async\" class=\"aligncenter wp-image-5898 size-full\" src=\"http:\/\/www.pratinha.mg.gov.br\/portal\/wp-content\/uploads\/2021\/06\/arquivo-e1652893204691.png\" alt=\"Regimento Interno\" width=\"64\" height=\"64\" \/><\/a><\/td>\n<td style=\"width: 25%;height: 29px\"><a href=\"http:\/\/www.pratinha.mg.gov.br\/portal\/reunioes\/\" target=\"_blank\" rel=\"http:\/\/www.pratinha.mg.gov.br\/portal\/reunioes\/ noopener\"><img loading=\"lazy\" decoding=\"async\" class=\"aligncenter\" src=\"http:\/\/www.pratinha.mg.gov.br\/portal\/wp-content\/uploads\/2021\/06\/arquivo.png\" alt=\"Convoca\u00e7\u00f5es Reuni\u00f5es\" width=\"64\" height=\"64\" \/><\/a><\/td>\n<\/tr>\n<tr style=\"height: 122px\">\n<td style=\"width: 25%;height: 122px\"><span style=\"font-size: 8pt\">Documenta\u00e7\u00e3o da Atua\u00e7\u00e3o do Conselho (Atas, Of\u00edcios, Pareceres, etc)\u00a0<\/span><\/td>\n<td style=\"width: 25%;height: 122px\"><span style=\"font-size: 8pt\">Leis, Decretos, Resolu\u00e7\u00f5es, Portarias e Delibera\u00e7\u00f5es Normativas.\u00a0<\/span><\/td>\n<td style=\"width: 25%;height: 122px\">\n<p style=\"text-align: center\"><span style=\"font-size: 8pt\">Regimento Interno<\/span><\/p>\n<\/td>\n<td style=\"width: 25%;height: 122px;text-align: center\"><span style=\"font-size: 8pt\">Convoca\u00e7\u00f5es para Reuni\u00f5es<\/span><\/td>\n<\/tr>\n<\/tbody>\n<\/table>\n<hr \/>\n<p style=\"text-align: justify\"><strong>Contato<\/strong><\/p>\n<p style=\"text-align: justify\"><span style=\"font-size: 10pt\">Pra\u00e7a do Ros\u00e1rio, n\u00ba 365 &#8211; Centro &#8211; Pratinha MG &#8211; CEP: 38960-000\u00a0<\/span><\/p>\n<p style=\"text-align: justify\"><span style=\"font-size: 10pt\"><strong>Fone\/WhatsApp:<\/strong> (34) 9 9811-1967<\/span><br \/>\n<span style=\"font-size: 10pt\"><strong>E-mail:<\/strong>\u00a0<em>prataeducacao@hotmail.com<\/em><\/span><\/p>\n","protected":false},"excerpt":{"rendered":"<p>O Conselho Municipal de Educa\u00e7\u00e3o de Pratinha \u2013 CME, foi institu\u00eddo pela Lei n\u00ba 609\/1997 de 17 de Setembro de 1997 e alterado pela Lei Municipal n\u00ba 1.047\/2021 de 12 de novembro de 2021. \u00a0 \u00a0 \u00a0\u00c9 um \u00f3rg\u00e3o colegiado e permanente do Sistema Municipal de Ensino, pol\u00edtica e administrativamente aut\u00f4nomo, com fun\u00e7\u00f5es normativa, deliberativa,&hellip;<\/p>","protected":false},"author":1,"featured_media":0,"parent":0,"menu_order":0,"comment_status":"closed","ping_status":"closed","template":"","meta":{"footnotes":""},"class_list":["post-6238","page","type-page","status-publish"],"_links":{"self":[{"href":"http:\/\/www.pratinha.mg.gov.br\/portal\/wp-json\/wp\/v2\/pages\/6238","targetHints":{"allow":["GET"]}}],"collection":[{"href":"http:\/\/www.pratinha.mg.gov.br\/portal\/wp-json\/wp\/v2\/pages"}],"about":[{"href":"http:\/\/www.pratinha.mg.gov.br\/portal\/wp-json\/wp\/v2\/types\/page"}],"author":[{"embeddable":true,"href":"http:\/\/www.pratinha.mg.gov.br\/portal\/wp-json\/wp\/v2\/users\/1"}],"replies":[{"embeddable":true,"href":"http:\/\/www.pratinha.mg.gov.br\/portal\/wp-json\/wp\/v2\/comments?post=6238"}],"version-history":[{"count":76,"href":"http:\/\/www.pratinha.mg.gov.br\/portal\/wp-json\/wp\/v2\/pages\/6238\/revisions"}],"predecessor-version":[{"id":14315,"href":"http:\/\/www.pratinha.mg.gov.br\/portal\/wp-json\/wp\/v2\/pages\/6238\/revisions\/14315"}],"wp:attachment":[{"href":"http:\/\/www.pratinha.mg.gov.br\/portal\/wp-json\/wp\/v2\/media?parent=6238"}],"curies":[{"name":"wp","href":"https:\/\/api.w.org\/{rel}","templated":true}]}}