{"id":6143,"date":"2021-10-06T19:48:41","date_gmt":"2021-10-06T19:48:41","guid":{"rendered":"http:\/\/www.pratinha.mg.gov.br\/portal\/?page_id=6143"},"modified":"2025-10-16T18:20:36","modified_gmt":"2025-10-16T18:20:36","slug":"liberacao-de-recursos","status":"publish","type":"page","link":"http:\/\/www.pratinha.mg.gov.br\/portal\/liberacao-de-recursos\/","title":{"rendered":"Notifica\u00e7\u00e3o de Libera\u00e7\u00e3o de Recursos pela Uni\u00e3o N\u00ba 03\/2024"},"content":{"rendered":"<p>&nbsp;<\/p>\n<ul>\n<li style=\"list-style-type: none\">\n<ul>\n<li class=\"entry-title\" style=\"text-align: justify\"><span style=\"color: #00ccff;font-family: 'times new roman', times, serif;font-size: 14pt\"><a href=\"http:\/\/www.pratinha.mg.gov.br\/portal\/wp-content\/uploads\/2025\/10\/Notificacao-de-Liberacao-de-Recuros-pela-Uniao-01-2025-Para-Publicacao.pdf\">Notifica\u00e7\u00e3o de Libera\u00e7\u00e3o de Recurs<\/a><\/span><span style=\"color: #00ccff;font-family: 'times new roman', times, serif;font-size: 14pt\"><a href=\"http:\/\/www.pratinha.mg.gov.br\/portal\/wp-content\/uploads\/2025\/10\/Notificacao-de-Liberacao-de-Recuros-pela-Uniao-01-2025-Para-Publicacao.pdf\">os pela Uni\u00e3o 01-2025<\/a><\/span><\/li>\n<li class=\"entry-title\" style=\"text-align: justify\"><span style=\"color: #00ccff;font-family: 'times new roman', times, serif;font-size: 14pt\"><a href=\"http:\/\/www.pratinha.mg.gov.br\/portal\/wp-content\/uploads\/2025\/10\/Notificacao-de-Liberacao-de-Recuros-pela-Uniao-01-2025-Para-Publicacao.pdf\"> &#8211; Para Publica\u00e7\u00e3o<\/a><a style=\"color: #00ccff\" href=\"http:\/\/Notifica\u00e7\u00e3o de Libera\u00e7\u00e3o de Recursos pela Uni\u00e3o n\u00ba 01\/2025\">21 de Notifica\u00e7\u00e3o de Libera\u00e7\u00e3o de Recursos pela Un<\/a><a href=\"http:\/\/www.pratinha.mg.gov.br\/portal\/wp-content\/uploads\/2025\/10\/Notificacao-de-Liberacao-de-Recuros-pela-Uniao-01-2025-Para-Publicacao-2.docx\">Notifica\u00e7\u00e3o de Libera\u00e7\u00e3o de Recuros pela Uni\u00e3o 01-2025 &#8211; Para Publica\u00e7\u00e3o<\/a><a style=\"color: #00ccff\" href=\"http:\/\/Notifica\u00e7\u00e3o de Libera\u00e7\u00e3o de Recursos pela Uni\u00e3o n\u00ba 01\/2025\">i\u00e3o<\/a><\/span><\/li>\n<li style=\"text-align: justify\"><span style=\"color: #00ccff;font-family: 'times new roman', times, serif;font-size: 14pt\"><a style=\"color: #00ccff\" href=\"http:\/\/www.pratinha.mg.gov.br\/portal\/wp-content\/uploads\/2021\/10\/Edital-no-02-2021-de-Notificacao-de-Liberacao-de-Recuros-pela-Uniao-1.pdf\">Edital n\u00ba 02\/2021 de Notifica\u00e7\u00e3o de Libera\u00e7\u00e3o de Recurs<\/a><\/span><span style=\"color: #00ccff;font-family: 'times new roman', times, serif;font-size: 14pt\"><a style=\"color: #00ccff\" href=\"http:\/\/www.pratinha.mg.gov.br\/portal\/wp-content\/uploads\/2021\/10\/Edital-no-02-2021-de-Notificacao-de-Liberacao-de-Recuros-pela-Uniao-1.pdf\">os pela Uni\u00e3o<\/a><\/span><\/li>\n<li style=\"text-align: justify\"><span style=\"color: #00ccff\"><a style=\"color: #00ccff\" href=\"http:\/\/www.pratinha.mg.gov.br\/portal\/wp-content\/uploads\/2021\/10\/Edital-no-03-2021-de-Notificacao-de-Liberacao-de-Recuros-pela-Uniao-Para-Publicacao-3.docx\"><span style=\"font-family: 'times new roman', times, serif;font-size: 14pt\">Edital n\u00ba 03\/2021 de Notifica\u00e7\u00e3o de Libera\u00e7\u00e3o de Recursos pela Uni\u00e3o<\/span><\/a><a href=\"http:\/\/www.pratinha.mg.gov.br\/portal\/wp-content\/uploads\/2024\/10\/2-Notificacao-ao-Conselho-ou-Instancia-2.docx\">2-Notifica\u00e7\u00e3o ao Conselho ou Inst\u00e2ncia<\/a><\/span><\/li>\n<li class=\"entry-title\" style=\"text-align: justify\"><span style=\"color: #00ccff;font-family: 'times new roman', times, serif;font-size: 14pt\"><a style=\"color: #00ccff\" href=\"http:\/\/www.pratinha.mg.gov.br\/portal\/wp-content\/uploads\/2021\/10\/Edital-no-04-2021-de-Notificacao-de-Liberacao-de-Recursos-pela-Uniao-Para-Publicacao.docx\">Edital n\u00ba 04\/<\/a><a style=\"color: #00ccff\" href=\"http:\/\/www.pratinha.mg.gov.br\/portal\/wp-content\/uploads\/2021\/10\/Edital-no-04-2021-de-Notificacao-de-Liberacao-de-Recursos-pela-Uniao-Para-Publicacao.docx\"><span style=\"font-family: 'times new roman', times, serif;font-size: 14pt\">2021 de <\/span>Notifica\u00e7\u00e3o de Libera\u00e7\u00e3o de Recursos pela Uni\u00e3o<\/a><\/span><\/li>\n<li style=\"text-align: justify\"><span style=\"color: #00ccff;font-family: 'times new roman', times, serif;font-size: 14pt\"><a style=\"color: #00ccff\" href=\"http:\/\/www.pratinha.mg.gov.br\/portal\/wp-content\/uploads\/2021\/12\/Edital-no-05-2021-de-Notificacao-de-Liberacao-de-Recursos-pela-Uniao-Para-Publicacao.docx\">Edital n\u00ba 05-2021 de Notifica\u00e7\u00e3o de Libera\u00e7\u00e3o de Recursos pela Uni\u00e3o &#8211; Para Publica\u00e7\u00e3o<\/a><\/span><\/li>\n<li><a href=\"http:\/\/www.pratinha.mg.gov.br\/portal\/wp-content\/uploads\/2024\/01\/Notificacao-de-Liberacao-de-Recuros-pela-Uniao-Para-Publicacao.docx\">Notifica\u00e7\u00e3o de Libera\u00e7\u00e3o de Recursos pela Uni\u00e3o N\u00ba 01\/2024<\/a><\/li>\n<li><a href=\"http:\/\/www.pratinha.mg.gov.br\/portal\/wp-content\/uploads\/2024\/05\/Notificacao-de-Liberacao-de-Recuros-pela-Uniao-No-02-2024-Para-Publicacao.docx\">Notifica\u00e7\u00e3o de Libera\u00e7\u00e3o de Recuros pela Uni\u00e3o N\u00ba 02\/2024<\/a><\/li>\n<li><span style=\"color: #0000ff\"><a style=\"color: #0000ff\" href=\"http:\/\/www.pratinha.mg.gov.br\/portal\/wp-content\/uploads\/2024\/10\/2-Notificacao-ao-Conselho-ou-Instancia-1.docx\">2-Notifica\u00e7\u00e3o ao Conselho ou Inst\u00e2ncia<\/a> sobre recursos recebidos da Uni\u00e3o a T\u00edtulo de Transfer\u00eancia Especial N\u00ba\u00a0<a style=\"color: #0000ff\" href=\"http:\/\/www.pratinha.mg.gov.br\/portal\/wp-content\/uploads\/2024\/05\/Notificacao-de-Liberacao-de-Recuros-pela-Uniao-No-02-2024-Para-Publicacao.docx\">202341000001\u00a0 <\/a><a href=\"http:\/\/www.pratinha.mg.gov.br\/portal\/wp-content\/uploads\/2024\/12\/2-Notificacao-ao-Conselho-ou-Instancia.docx\">2-Notifica\u00e7\u00e3o ao Conselho ou Inst\u00e2ncia<\/a><\/span><\/li>\n<li><span style=\"color: #0000ff\"><a style=\"color: #0000ff\" href=\"http:\/\/www.pratinha.mg.gov.br\/portal\/wp-content\/uploads\/2024\/10\/2-Notificacao-ao-Conselho-ou-Instancia-3.docx\">2-Notifica\u00e7\u00e3o ao Conselho ou Inst\u00e2ncia<\/a> sobre recursos recebidos da Uni\u00e3o a T\u00edtulo de Transfer\u00eancia Especial n\u00ba 202127540005\u00a0 <a href=\"http:\/\/www.pratinha.mg.gov.br\/portal\/wp-content\/uploads\/2024\/12\/Notificacao-ao-Conselho-ou-Instancia-16-10-24.pdf\">Notifica\u00e7\u00e3o ao Conselho ou Inst\u00e2ncia 16-10-24<\/a><\/span><\/li>\n<li><span style=\"color: #0000ff\"><a style=\"color: #0000ff\" href=\"http:\/\/www.pratinha.mg.gov.br\/portal\/wp-content\/uploads\/2024\/10\/2-Notificacao-ao-Conselho-ou-Instancia-3.docx\">2-Notifica\u00e7\u00e3o ao Conselho ou Inst\u00e2ncia<\/a> sobre recursos recebidos da Uni\u00e3o a T\u00edtulo de Transfer\u00eancia Especial n\u00ba 202427560005\u00a0 <a href=\"http:\/\/www.pratinha.mg.gov.br\/portal\/wp-content\/uploads\/2024\/12\/2-Notificacao-ao-Conselho-ou-Instancia-1.pdf\">2-Notifica\u00e7\u00e3o ao Conselho ou Inst\u00e2ncia<\/a><\/span><\/li>\n<li><span style=\"color: #0000ff\"><a style=\"color: #0000ff\" href=\"http:\/\/www.pratinha.mg.gov.br\/portal\/wp-content\/uploads\/2024\/10\/2-Notificacao-ao-Conselho-ou-Instancia-3.docx\">2-Notifica\u00e7\u00e3o ao Conselho ou Inst\u00e2ncia<\/a> sobre recursos recebidos da Uni\u00e3o a T\u00edtulo de Transfer\u00eancia Especial n\u00ba 202441000001 <a href=\"http:\/\/www.pratinha.mg.gov.br\/portal\/wp-content\/uploads\/2024\/12\/2-Notificacao-ao-Conselho-ou-Instancia-2.pdf\">2-Notifica\u00e7\u00e3o ao Conselho ou Inst\u00e2ncia<\/a><\/span><\/li>\n<\/ul>\n<\/li>\n<\/ul>\n","protected":false},"excerpt":{"rendered":"<p>&nbsp; Notifica\u00e7\u00e3o de Libera\u00e7\u00e3o de Recursos pela Uni\u00e3o 01-2025 - Para Publica\u00e7\u00e3o21 de Notifica\u00e7\u00e3o de Libera\u00e7\u00e3o de Recursos pela UnNotifica\u00e7\u00e3o de Libera\u00e7\u00e3o de Recuros pela Uni\u00e3o 01-2025 - Para Publica\u00e7\u00e3oi\u00e3o Edital n\u00ba 02\/2021 de Notifica\u00e7\u00e3o de Libera\u00e7\u00e3o de Recursos pela Uni\u00e3o Edital n\u00ba 03\/2021 de Notifica\u00e7\u00e3o de Libera\u00e7\u00e3o de Recursos pela Uni\u00e3o2-Notifica\u00e7\u00e3o ao Conselho ou&hellip;<\/p>","protected":false},"author":1,"featured_media":0,"parent":0,"menu_order":0,"comment_status":"closed","ping_status":"closed","template":"","meta":{"footnotes":""},"class_list":["post-6143","page","type-page","status-publish"],"_links":{"self":[{"href":"http:\/\/www.pratinha.mg.gov.br\/portal\/wp-json\/wp\/v2\/pages\/6143","targetHints":{"allow":["GET"]}}],"collection":[{"href":"http:\/\/www.pratinha.mg.gov.br\/portal\/wp-json\/wp\/v2\/pages"}],"about":[{"href":"http:\/\/www.pratinha.mg.gov.br\/portal\/wp-json\/wp\/v2\/types\/page"}],"author":[{"embeddable":true,"href":"http:\/\/www.pratinha.mg.gov.br\/portal\/wp-json\/wp\/v2\/users\/1"}],"replies":[{"embeddable":true,"href":"http:\/\/www.pratinha.mg.gov.br\/portal\/wp-json\/wp\/v2\/comments?post=6143"}],"version-history":[{"count":30,"href":"http:\/\/www.pratinha.mg.gov.br\/portal\/wp-json\/wp\/v2\/pages\/6143\/revisions"}],"predecessor-version":[{"id":9658,"href":"http:\/\/www.pratinha.mg.gov.br\/portal\/wp-json\/wp\/v2\/pages\/6143\/revisions\/9658"}],"wp:attachment":[{"href":"http:\/\/www.pratinha.mg.gov.br\/portal\/wp-json\/wp\/v2\/media?parent=6143"}],"curies":[{"name":"wp","href":"https:\/\/api.w.org\/{rel}","templated":true}]}}