{"id":5899,"date":"2021-06-17T17:05:11","date_gmt":"2021-06-17T17:05:11","guid":{"rendered":"http:\/\/www.pratinha.mg.gov.br\/portal\/?page_id=5899"},"modified":"2025-05-21T13:17:26","modified_gmt":"2025-05-21T13:17:26","slug":"decretos-cacs-fundeb","status":"publish","type":"page","link":"http:\/\/www.pratinha.mg.gov.br\/portal\/decretos-cacs-fundeb\/","title":{"rendered":"Decretos CACS-FUNDEB"},"content":{"rendered":"<ul>\n<li><span style=\"color: #0000ff\"><a style=\"color: #0000ff\" href=\"http:\/\/www.pratinha.mg.gov.br\/portal\/wp-content\/uploads\/2021\/06\/Decreto-576-Nomeia-e-reconduz-membros-do-CACS-FUNDEB.pdf\">Decreto 576 &#8211; Nomeia e Reconduz Membros do CACS-FUNDEB &#8211; Bi\u00eanio (Mar\u00e7o 2021 a Dezembro 2022<\/a><\/span><\/li>\n<li style=\"margin-bottom: 10px\"><span style=\"color: #0000ff\"><a style=\"color: #0000ff\" href=\"http:\/\/www.pratinha.mg.gov.br\/portal\/wp-content\/uploads\/2022\/12\/DECRETO-819-FUNDEB-Jan-23-a-Dez-2026.pdf\">Decreto 819 Nomeia Membros do CACS-FUNDEB &#8211; Quadri\u00eanio (Jan 2023 a Dez 2026<\/a><\/span><\/li>\n<li style=\"margin-bottom: 10px\"><span style=\"color: #0000ff\"><a style=\"color: #0000ff\" href=\"http:\/\/www.pratinha.mg.gov.br\/portal\/wp-content\/uploads\/2023\/02\/Termo-de-Posse-dos-Membros20230209_08484737.pdf\">Termo de Posse dos Membros &#8211; Quadri\u00eanio (2023 a 2026)<\/a><\/span><\/li>\n<li><span style=\"color: #0000ff\"><a style=\"color: #0000ff\" href=\"http:\/\/www.pratinha.mg.gov.br\/portal\/wp-content\/uploads\/2024\/05\/Decreto-1068-Desliga-membros.pdf\">Decreto 1068 Desliga Membros do CACS-FUNDEB em 19\/04\/24\u00a0<\/a><\/span><\/li>\n<li><span style=\"color: #0000ff\"><a style=\"color: #0000ff\" href=\"http:\/\/www.pratinha.mg.gov.br\/portal\/wp-content\/uploads\/2024\/05\/Decreto-1069-Renova-Membros-19-04-24.pdf\">Decreto 1069 Renova Membros do CACS-FUNDEB em 19\/04\/24<\/a><\/span><\/li>\n<li><span style=\"color: #0000ff\"><a style=\"color: #0000ff\" href=\"http:\/\/www.pratinha.mg.gov.br\/portal\/wp-content\/uploads\/2024\/10\/Decreto-1137-renomeia-membros-Fundeb.pdf\">Decreto 1137 Renova membros do CACS-FUNDEB em 16\/09\/24<\/a><\/span><\/li>\n<li><span style=\"color: #0000ff\"><a style=\"color: #0000ff\" href=\"http:\/\/www.pratinha.mg.gov.br\/portal\/wp-content\/uploads\/2025\/05\/Decreto-1136-Deliga-FUNDEB-160924.pdf\">Decreto 1136 Deliga Membros do CACS-FUNDEB em 16\/09\/24<\/a><\/span><\/li>\n<li><span style=\"color: #0000ff\"><a style=\"color: #0000ff\" href=\"http:\/\/www.pratinha.mg.gov.br\/portal\/wp-content\/uploads\/2025\/05\/Decreto-Renova-FUNDEB-1284-de-08-05-25.pdf\">Decreto 1283 Desliga Membros do CACS FUNDEB em 08\/05\/25<\/a><\/span><\/li>\n<li><span style=\"color: #0000ff\"><a style=\"color: #0000ff\" href=\"http:\/\/www.pratinha.mg.gov.br\/portal\/wp-content\/uploads\/2025\/05\/Decreto-Municipal-1293-Renomeia-membros-do-FUNDEB.pdf\">Decreto 1293 &#8211; Renomeia Membros do CACS FUNDEB em 16\/05\/25<\/a><\/span><\/li>\n<\/ul>\n","protected":false},"excerpt":{"rendered":"<p>Decreto 576 - Nomeia e Reconduz Membros do CACS-FUNDEB - Bi\u00eanio (Mar\u00e7o 2021 a Dezembro 2022 Decreto 819 Nomeia Membros do CACS-FUNDEB - Quadri\u00eanio (Jan 2023 a Dez 2026 Termo de Posse dos Membros - Quadri\u00eanio (2023 a 2026) Decreto 1068 Desliga Membros do CACS-FUNDEB em 19\/04\/24\u00a0 Decreto 1069 Renova Membros do CACS-FUNDEB em 19\/04\/24&hellip;<\/p>","protected":false},"author":1,"featured_media":0,"parent":0,"menu_order":0,"comment_status":"closed","ping_status":"closed","template":"","meta":{"footnotes":""},"class_list":["post-5899","page","type-page","status-publish"],"_links":{"self":[{"href":"http:\/\/www.pratinha.mg.gov.br\/portal\/wp-json\/wp\/v2\/pages\/5899","targetHints":{"allow":["GET"]}}],"collection":[{"href":"http:\/\/www.pratinha.mg.gov.br\/portal\/wp-json\/wp\/v2\/pages"}],"about":[{"href":"http:\/\/www.pratinha.mg.gov.br\/portal\/wp-json\/wp\/v2\/types\/page"}],"author":[{"embeddable":true,"href":"http:\/\/www.pratinha.mg.gov.br\/portal\/wp-json\/wp\/v2\/users\/1"}],"replies":[{"embeddable":true,"href":"http:\/\/www.pratinha.mg.gov.br\/portal\/wp-json\/wp\/v2\/comments?post=5899"}],"version-history":[{"count":13,"href":"http:\/\/www.pratinha.mg.gov.br\/portal\/wp-json\/wp\/v2\/pages\/5899\/revisions"}],"predecessor-version":[{"id":12741,"href":"http:\/\/www.pratinha.mg.gov.br\/portal\/wp-json\/wp\/v2\/pages\/5899\/revisions\/12741"}],"wp:attachment":[{"href":"http:\/\/www.pratinha.mg.gov.br\/portal\/wp-json\/wp\/v2\/media?parent=5899"}],"curies":[{"name":"wp","href":"https:\/\/api.w.org\/{rel}","templated":true}]}}