{"id":281,"date":"2017-03-31T03:03:58","date_gmt":"2017-03-31T03:03:58","guid":{"rendered":"http:\/\/pratinha.mg.gov.br\/portal\/?page_id=281"},"modified":"2025-01-14T13:39:59","modified_gmt":"2025-01-14T13:39:59","slug":"fazenda-2","status":"publish","type":"page","link":"http:\/\/www.pratinha.mg.gov.br\/portal\/fazenda-2\/","title":{"rendered":"DEPARTAMENTO MUNICIPAL DE FAZENDA"},"content":{"rendered":"<p><strong>Pol\u00edtica de Atua\u00e7\u00e3o:<\/strong><\/p>\n<p style=\"text-align: justify;\">Coordenar as pol\u00edticas fiscais, financeiras e tribut\u00e1rias do Munic\u00edpio, com emiss\u00e3o de Instru\u00e7\u00f5es e treinamentos de agentes, propondo pol\u00edticas e diretrizes relativas \u00e0s \u00e1reas tribut\u00e1ria, fiscal, de administra\u00e7\u00e3o financeira e cont\u00e1bil, considerando a defesa dos interesses econ\u00f4micos do Munic\u00edpio, especialmente aqueles que afetam o desempenho da receita.<\/p>\n<p>&nbsp;<\/p>\n<p><strong>Diretor do Departamento: <\/strong>Nilma Reis da Silva<\/p>\n<p><strong>\u00a0<\/strong><\/p>\n<p><strong>\u00a0<\/strong><\/p>\n<p><strong>Atribui\u00e7\u00f5es:<\/strong><\/p>\n<p><strong>\u00a0<\/strong><\/p>\n<ul>\n<li>Prestar assessoramento ao Prefeito e aos \u00f3rg\u00e3os da Administra\u00e7\u00e3o, acerca de quest\u00f5es relacionadas \u00e0 execu\u00e7\u00e3o or\u00e7ament\u00e1ria e \u00e0s finan\u00e7as municipais;<\/li>\n<li>Organizar subs\u00eddios necess\u00e1rios \u00e0 elabora\u00e7\u00e3o do or\u00e7amento anual, plurianual e diretrizes or\u00e7ament\u00e1rias, em todas as suas fases;<\/li>\n<li>Assessorar diretamente o Prefeito Municipal na \u00e1rea de receitas e despesas, tributos, fiscaliza\u00e7\u00e3o, or\u00e7amento geral, balancetes e balan\u00e7os institucionais do munic\u00edpio;<\/li>\n<li>Estudar, regulamentar, fiscalizar e controlar a aplica\u00e7\u00e3o da legisla\u00e7\u00e3o tribut\u00e1ria;<\/li>\n<li>Orientar a execu\u00e7\u00e3o de educa\u00e7\u00e3o do contribuinte para a correta observ\u00e2ncia da legisla\u00e7\u00e3o tribut\u00e1ria;<\/li>\n<li>Coordenar a execu\u00e7\u00e3o de atividades centrais referentes aos sistemas or\u00e7ament\u00e1rios e financeiros;<\/li>\n<li>Elaborar o planejamento financeiro do munic\u00edpio;<\/li>\n<li>Exercer a inscri\u00e7\u00e3o, o controle e a cobran\u00e7a amig\u00e1vel da d\u00edvida ativa do Munic\u00edpio;<\/li>\n<li>Orientar o processamento central das despesas p\u00fablicas;<\/li>\n<li>Coordenar a tesouraria Municipal;<\/li>\n<li>Assessorar na administra\u00e7\u00e3o da d\u00edvida p\u00fablica;<\/li>\n<li>Controlar a contabilidade geral do munic\u00edpio;<\/li>\n<li>Manter o controle das receitas e despesas oriundas dos fundos vinculados;<\/li>\n<li>Exercer a orienta\u00e7\u00e3o, coordena\u00e7\u00e3o e supervis\u00e3o dos \u00f3rg\u00e3os e unidades da administra\u00e7\u00e3o Municipal na \u00e1rea de sua compet\u00eancia<\/li>\n<li>Prestar assessoria t\u00e9cnica ao Prefeito em mat\u00e9rias tribut\u00e1ria, cont\u00e1bil e financeira;<\/li>\n<li>Executar outras atividades correlatas ou que lhe forem delegadas pelo chefe do poder executivo.<\/li>\n<\/ul>\n<p>&nbsp;<\/p>\n","protected":false},"excerpt":{"rendered":"<p>Pol\u00edtica de Atua\u00e7\u00e3o: Coordenar as pol\u00edticas fiscais, financeiras e tribut\u00e1rias do Munic\u00edpio, com emiss\u00e3o de Instru\u00e7\u00f5es e treinamentos de agentes, propondo pol\u00edticas e diretrizes relativas \u00e0s \u00e1reas tribut\u00e1ria, fiscal, de administra\u00e7\u00e3o financeira e cont\u00e1bil, considerando a defesa dos interesses econ\u00f4micos do Munic\u00edpio, especialmente aqueles que afetam o desempenho da receita. &nbsp; Diretor do Departamento: Nilma&hellip;<\/p>","protected":false},"author":1,"featured_media":0,"parent":0,"menu_order":0,"comment_status":"closed","ping_status":"closed","template":"","meta":{"footnotes":""},"class_list":["post-281","page","type-page","status-publish"],"_links":{"self":[{"href":"http:\/\/www.pratinha.mg.gov.br\/portal\/wp-json\/wp\/v2\/pages\/281","targetHints":{"allow":["GET"]}}],"collection":[{"href":"http:\/\/www.pratinha.mg.gov.br\/portal\/wp-json\/wp\/v2\/pages"}],"about":[{"href":"http:\/\/www.pratinha.mg.gov.br\/portal\/wp-json\/wp\/v2\/types\/page"}],"author":[{"embeddable":true,"href":"http:\/\/www.pratinha.mg.gov.br\/portal\/wp-json\/wp\/v2\/users\/1"}],"replies":[{"embeddable":true,"href":"http:\/\/www.pratinha.mg.gov.br\/portal\/wp-json\/wp\/v2\/comments?post=281"}],"version-history":[{"count":3,"href":"http:\/\/www.pratinha.mg.gov.br\/portal\/wp-json\/wp\/v2\/pages\/281\/revisions"}],"predecessor-version":[{"id":11794,"href":"http:\/\/www.pratinha.mg.gov.br\/portal\/wp-json\/wp\/v2\/pages\/281\/revisions\/11794"}],"wp:attachment":[{"href":"http:\/\/www.pratinha.mg.gov.br\/portal\/wp-json\/wp\/v2\/media?parent=281"}],"curies":[{"name":"wp","href":"https:\/\/api.w.org\/{rel}","templated":true}]}}