{"id":279,"date":"2017-03-31T03:00:21","date_gmt":"2017-03-31T03:00:21","guid":{"rendered":"http:\/\/pratinha.mg.gov.br\/portal\/?page_id=279"},"modified":"2025-01-14T13:50:10","modified_gmt":"2025-01-14T13:50:10","slug":"esportelazer","status":"publish","type":"page","link":"http:\/\/www.pratinha.mg.gov.br\/portal\/esportelazer\/","title":{"rendered":"DEPARTAMENTO MUNICIPAL DE ASSIST\u00caNCIA SOCIAL"},"content":{"rendered":"<p style=\"text-align: justify;\"><strong>Pol\u00edtica de atua\u00e7\u00e3o:<\/strong><\/p>\n<p style=\"text-align: justify;\">Assegurar as pol\u00edticas de prote\u00e7\u00e3o social \u00e0 popula\u00e7\u00e3o em situa\u00e7\u00e3o de vulnerabilidade e risco, tendo como foco o grupo familiar.<\/p>\n<p style=\"text-align: justify;\"><strong>Diretor do Departamento: <\/strong>Luciene Maria de Morais<\/p>\n<p style=\"text-align: justify;\"><strong>\u00a0<\/strong><\/p>\n<p style=\"text-align: justify;\"><strong>Atribui\u00e7\u00f5es:<\/strong><\/p>\n<p style=\"text-align: justify;\"><strong>\u00a0<\/strong><\/p>\n<ul style=\"text-align: justify;\">\n<li>Assessorar o Prefeito Municipal na an\u00e1lise das mat\u00e9rias referentes \u00e0 \u00e1rea de atua\u00e7\u00e3o do Departamento;<\/li>\n<li>Definir os rumos do Departamento e as pol\u00edticas a serem aplicadas na Departamento como um todo;<\/li>\n<li>Administrar e gerir o or\u00e7amento e os Fundos da SMDH e os recursos financeiros;<\/li>\n<li>Ordenar todas as despesas;<\/li>\n<li>Assinar cheques do Fundo Municipal de Assist\u00eancia Social; Fundo da Inf\u00e2ncia e Adolesc\u00eancia; Fundo Municipal de Habita\u00e7\u00e3o.;<\/li>\n<li>Assinar conv\u00eanios e contratos;<\/li>\n<li>Estabelecer pol\u00edticas de aplica\u00e7\u00e3o de recursos em conjunto com os Conselhos Municipais.<\/li>\n<li>Acompanhar, avaliar e decidir sobre a realiza\u00e7\u00e3o das a\u00e7\u00f5es previstas no Plano Municipal de Assist\u00eancia Social;<\/li>\n<li>Orientar e distribuir as tarefas e atividades dos servidores da SMDH;<\/li>\n<li>Coordenar a formula\u00e7\u00e3o, a implementa\u00e7\u00e3o e articula\u00e7\u00e3o das diretrizes da Pol\u00edtica Nacional de Assist\u00eancia Social e do Sistema \u00danico de Assist\u00eancia Social \u00e0 Pol\u00edtica de Assist\u00eancia Social no Munic\u00edpio;<\/li>\n<li>Definir os programas, projetos e fun\u00e7\u00f5es de car\u00e1ter permanente afetos \u00e0 Assist\u00eancia Social;<\/li>\n<li>Gerir e manter atualizado o cadastro \u00fanico dos programas sociais;<\/li>\n<li>Estabelecer constante di\u00e1logo com os Conselhos e Associa\u00e7\u00f5es diversas da Sociedade civil dedicadas \u00e0 causa social e que lhe s\u00e3o pertinentes;<\/li>\n<\/ul>\n<p>&nbsp;<\/p>\n","protected":false},"excerpt":{"rendered":"<p>Pol\u00edtica de atua\u00e7\u00e3o: Assegurar as pol\u00edticas de prote\u00e7\u00e3o social \u00e0 popula\u00e7\u00e3o em situa\u00e7\u00e3o de vulnerabilidade e risco, tendo como foco o grupo familiar. Diretor do Departamento: Luciene Maria de Morais \u00a0 Atribui\u00e7\u00f5es: \u00a0 Assessorar o Prefeito Municipal na an\u00e1lise das mat\u00e9rias referentes \u00e0 \u00e1rea de atua\u00e7\u00e3o do Departamento; Definir os rumos do Departamento e as&hellip;<\/p>","protected":false},"author":1,"featured_media":0,"parent":0,"menu_order":0,"comment_status":"closed","ping_status":"closed","template":"","meta":{"footnotes":""},"class_list":["post-279","page","type-page","status-publish"],"_links":{"self":[{"href":"http:\/\/www.pratinha.mg.gov.br\/portal\/wp-json\/wp\/v2\/pages\/279","targetHints":{"allow":["GET"]}}],"collection":[{"href":"http:\/\/www.pratinha.mg.gov.br\/portal\/wp-json\/wp\/v2\/pages"}],"about":[{"href":"http:\/\/www.pratinha.mg.gov.br\/portal\/wp-json\/wp\/v2\/types\/page"}],"author":[{"embeddable":true,"href":"http:\/\/www.pratinha.mg.gov.br\/portal\/wp-json\/wp\/v2\/users\/1"}],"replies":[{"embeddable":true,"href":"http:\/\/www.pratinha.mg.gov.br\/portal\/wp-json\/wp\/v2\/comments?post=279"}],"version-history":[{"count":1,"href":"http:\/\/www.pratinha.mg.gov.br\/portal\/wp-json\/wp\/v2\/pages\/279\/revisions"}],"predecessor-version":[{"id":11800,"href":"http:\/\/www.pratinha.mg.gov.br\/portal\/wp-json\/wp\/v2\/pages\/279\/revisions\/11800"}],"wp:attachment":[{"href":"http:\/\/www.pratinha.mg.gov.br\/portal\/wp-json\/wp\/v2\/media?parent=279"}],"curies":[{"name":"wp","href":"https:\/\/api.w.org\/{rel}","templated":true}]}}