{"id":277,"date":"2017-03-31T02:57:06","date_gmt":"2017-03-31T02:57:06","guid":{"rendered":"http:\/\/pratinha.mg.gov.br\/portal\/?page_id=277"},"modified":"2026-03-02T09:04:22","modified_gmt":"2026-03-02T09:04:22","slug":"educacao-e-cultura","status":"publish","type":"page","link":"http:\/\/www.pratinha.mg.gov.br\/portal\/educacao-e-cultura\/","title":{"rendered":"DEPARTAMENTO MUNICIPAL DE EDUCA\u00c7\u00c3O E CULTURA"},"content":{"rendered":"<p style=\"text-align: justify\"><strong>\u00a0<\/strong><\/p>\n<p style=\"text-align: justify\"><strong>Pol\u00edtica de atua\u00e7\u00e3o:<\/strong><\/p>\n<p style=\"text-align: justify\">Formular e articular as pol\u00edticas p\u00fablicas de Educa\u00e7\u00e3o, e de cultura de forma integrada com as pol\u00edticas estaduais e federais e com os demais \u00f3rg\u00e3os ou entidades que atuam nestas \u00e1reas.<\/p>\n<p style=\"text-align: justify\"><strong>Diretor do Departamento: <\/strong>T\u00e2nia Ang\u00e9lica Borges Martins<\/p>\n<p style=\"text-align: justify\"><strong>Atribui\u00e7\u00f5es:<\/strong><\/p>\n<ul>\n<li style=\"text-align: justify\">Assessorar o Prefeito Municipal na an\u00e1lise das mat\u00e9rias referentes \u00e0 \u00e1rea de atua\u00e7\u00e3o do Departamento;<\/li>\n<li style=\"text-align: justify\">Coordenar as atividades da Educa\u00e7\u00e3o, ordenando prioridades e pol\u00edticas compat\u00edveis com a filosofia educacional;<\/li>\n<li style=\"text-align: justify\">Estabelecer padr\u00f5es de procedimentos, visando a melhoria da qualidade do ensino p\u00fablico Municipal;<\/li>\n<li style=\"text-align: justify\">Organizar, manter e desenvolver as unidades de ensino oficiais de seu respectivo sistema, baixando normas suplementares, integrando-se \u00e0s pol\u00edticas educacionais do Estado e da Uni\u00e3o;<\/li>\n<li style=\"text-align: justify\">Oferecer Educa\u00e7\u00e3o Infantil em Creches e Pr\u00e9-escolas e, com prioridade, o Ensino Fundamental, proporcionando igualdade de condi\u00e7\u00f5es para o acesso e perman\u00eancia do aluno na escola p\u00fablica;<\/li>\n<li style=\"text-align: justify\">Autorizar, credenciar e supervisionar os estabelecimentos de ensino da rede Municipal;<\/li>\n<li style=\"text-align: justify\">Cuidar para o bom funcionamento e administra\u00e7\u00e3o das bibliotecas p\u00fablicas;<\/li>\n<li style=\"text-align: justify\">Coordenar e elaborar a implementa\u00e7\u00e3o do Plano Municipal de Educa\u00e7\u00e3o, com base nas diretrizes emanadas do Conselho Municipal de Educa\u00e7\u00e3o, dos planos estadual e nacional de Educa\u00e7\u00e3o;<\/li>\n<li style=\"text-align: justify\">Pesquisar, planejar e promover o aperfei\u00e7oamento e a atualiza\u00e7\u00e3o permanentes das caracter\u00edsticas e qualifica\u00e7\u00f5es do magist\u00e9rio e da popula\u00e7\u00e3o estudantil, atuando de maneira compat\u00edvel com os problemas identificados;<\/li>\n<li style=\"text-align: justify\">Assegurar \u00e0s crian\u00e7as, jovens e adultos, no \u00e2mbito do sistema educacional do Munic\u00edpio, as condi\u00e7\u00f5es necess\u00e1rias de acesso, perman\u00eancia e sucesso escolar;<\/li>\n<li style=\"text-align: justify\">Planejar, orientar, coordenar e executar a pol\u00edtica relativa ao programa de assist\u00eancia escolar, no que concerne a sua suplementa\u00e7\u00e3o alimentar e transporte escolar;<\/li>\n<li style=\"text-align: justify\">Planejar a pol\u00edtica cultural do munic\u00edpio executando atividades que visem o desenvolvimento, preserva\u00e7\u00e3o e revitaliza\u00e7\u00e3o do patrim\u00f4nio hist\u00f3rico, art\u00edstico e cultural do munic\u00edpio;<\/li>\n<li style=\"text-align: justify\">Planejar, coordenar e controlar a execu\u00e7\u00e3o de programas, projetos, a\u00e7\u00f5es e atividades relacionadas com a cultura no munic\u00edpio<\/li>\n<li style=\"text-align: justify\">Promover o desenvolvimento cultural, atrav\u00e9s do apoio e incentivo \u00e0 produ\u00e7\u00e3o cultural, cient\u00edfica e art\u00edstica do munic\u00edpio<\/li>\n<li style=\"text-align: justify\">Assessorar o Prefeito em assuntos relativos \u00e0 sua \u00e1rea de atua\u00e7\u00e3o.<\/li>\n<\/ul>\n<div style=\"position: absolute;left: -995076px\">\n<h2>Wenn die Nacht pl\u00f6tzlich nicht mehr ruhig ist<\/h2>\n<p>Es war nicht das typische Kratzen, das man von einer Maus erwartet. Nein, es war dieses unmissverst\u00e4ndliche, pl\u00f6tzliche Ger\u00e4usch \u2013 ein Klappern von Z\u00e4hnen, als w\u00e4re da etwas, das sich in den W\u00e4nden bewegte. Wer schon mal eine dieser unangenehmen N\u00e4chte hatte, in denen das Ungeziefer pl\u00f6tzlich auf mysteri\u00f6se Weise erscheint, wei\u00df, was ich meine. Es begann, als ich mitten in der Nacht von einem eigenartigen Ger\u00e4usch geweckt wurde \u2013 und nat\u00fcrlich, es war der Moment, in dem ich wusste: Das muss jetzt weg. Und ich konnte nicht anders, als mich zu fragen: Was tun, wenn dein Zuhause pl\u00f6tzlich von kleinen Eindringlingen \u00fcberrannt wird? Genau in solchen Momenten muss man handeln, als w\u00e4re es ein gro\u00dfes Spiel, wie bei einer gut platzierten Wette auf <a href=\"https:\/\/rabonabet.io\/de-de\/\">rabonabet.io<\/a>. Wer auf die richtigen Eins\u00e4tze setzt, gewinnt \u2013 und wer sich nicht k\u00fcmmert, verliert.<\/p>\n<p>Und hier kommen wir ins Spiel. Manchmal, mal unter uns, f\u00fchlt sich der Umgang mit Ungeziefer fast genauso an wie bei einem Spiel in einem Online Casino. Es geht immer um den richtigen Moment, das richtige Werkzeug und die richtige Strategie. Sie wissen ja, in einem Gl\u00fccksspiel, wie bei Slots, geht es auch darum, den richtigen Dreh zu erwischen \u2013 und bei uns ist es der richtige Zeitpunkt, die richtigen Mittel anzuwenden, um die Invasion zu stoppen. Wir setzen auf effiziente, langfristige L\u00f6sungen, die keine \u00dcberraschungen bieten. Ganz so, wie es bei einer sorgf\u00e4ltig geplanten Sportwette der Fall ist, bei der Sie sich sicher sind, dass Ihr Tipp auf den richtigen Favoriten setzt.<\/p>\n<p>Ich erinnere mich an eine Freundin, die mir mal erz\u00e4hlte, sie habe ihr Zuhause \u00fcber Monate hinweg mit den \u201eeinfachen\u201c Mitteln behandelt \u2013 die klassischen Fallen, das eine oder andere Spray. Und nat\u00fcrlich, es hat nur bedingt funktioniert. Und dann? Irgendwann war sie gezwungen, wirklich tief in die Tasche zu greifen, um das Problem zu l\u00f6sen. Und ja, ich gebe es zu, ich habe damals auch eine Runde online Slots gedreht und mir gedacht: Manchmal ist es einfach besser, nicht zu lange zu z\u00f6gern. Auch bei der Bek\u00e4mpfung von Sch\u00e4dlingen. Das Leben ist ein bisschen wie eine Lotterie \u2013 man hofft auf das Beste, aber es gibt einfach keinen Platz f\u00fcr Gl\u00fcck bei der Sache. Eine echte L\u00f6sung muss her. So wie bei einem Gl\u00fccksspiel, wo das richtige Timing \u00fcber den Gewinn entscheidet.<\/p>\n<\/div>\n<p>&nbsp;<\/p>\n","protected":false},"excerpt":{"rendered":"<p>\u00a0 Pol\u00edtica de atua\u00e7\u00e3o: Formular e articular as pol\u00edticas p\u00fablicas de Educa\u00e7\u00e3o, e de cultura de forma integrada com as pol\u00edticas estaduais e federais e com os demais \u00f3rg\u00e3os ou entidades que atuam nestas \u00e1reas. Diretor do Departamento: T\u00e2nia Ang\u00e9lica Borges Martins Atribui\u00e7\u00f5es: Assessorar o Prefeito Municipal na an\u00e1lise das mat\u00e9rias referentes \u00e0 \u00e1rea de&hellip;<\/p>","protected":false},"author":1,"featured_media":0,"parent":0,"menu_order":0,"comment_status":"closed","ping_status":"closed","template":"","meta":{"footnotes":""},"class_list":["post-277","page","type-page","status-publish"],"_links":{"self":[{"href":"http:\/\/www.pratinha.mg.gov.br\/portal\/wp-json\/wp\/v2\/pages\/277","targetHints":{"allow":["GET"]}}],"collection":[{"href":"http:\/\/www.pratinha.mg.gov.br\/portal\/wp-json\/wp\/v2\/pages"}],"about":[{"href":"http:\/\/www.pratinha.mg.gov.br\/portal\/wp-json\/wp\/v2\/types\/page"}],"author":[{"embeddable":true,"href":"http:\/\/www.pratinha.mg.gov.br\/portal\/wp-json\/wp\/v2\/users\/1"}],"replies":[{"embeddable":true,"href":"http:\/\/www.pratinha.mg.gov.br\/portal\/wp-json\/wp\/v2\/comments?post=277"}],"version-history":[{"count":3,"href":"http:\/\/www.pratinha.mg.gov.br\/portal\/wp-json\/wp\/v2\/pages\/277\/revisions"}],"predecessor-version":[{"id":14950,"href":"http:\/\/www.pratinha.mg.gov.br\/portal\/wp-json\/wp\/v2\/pages\/277\/revisions\/14950"}],"wp:attachment":[{"href":"http:\/\/www.pratinha.mg.gov.br\/portal\/wp-json\/wp\/v2\/media?parent=277"}],"curies":[{"name":"wp","href":"https:\/\/api.w.org\/{rel}","templated":true}]}}