{"id":274,"date":"2017-03-31T02:53:32","date_gmt":"2017-03-31T02:53:32","guid":{"rendered":"http:\/\/pratinha.mg.gov.br\/portal\/?page_id=274"},"modified":"2025-01-14T13:34:47","modified_gmt":"2025-01-14T13:34:47","slug":"agricultura","status":"publish","type":"page","link":"http:\/\/www.pratinha.mg.gov.br\/portal\/agricultura\/","title":{"rendered":"Agricultura"},"content":{"rendered":"<p><strong>DEPARTAMENTO MUNICIPAL DE AGR<\/strong><strong>OPECU\u00c1RIA<\/strong><strong>, IND\u00da<\/strong><strong>S<\/strong><strong>TRIA E COM\u00c9RCIO<\/strong><\/p>\n<p><strong>\u00a0<\/strong><\/p>\n<p><strong>Pol\u00edtica de Atua\u00e7\u00e3o:<\/strong><\/p>\n<p>Executar as atividades de gest\u00e3o da pol\u00edtica relacionadas ao desenvolvimento da agricultura, ind\u00fastria e Com\u00e9rcio no Munic\u00edpio.<\/p>\n<p><strong>\u00a0<\/strong><\/p>\n<p><strong>Diretor do Departamento<\/strong><strong>: <\/strong>Geraldo C\u00e9sar Barcellos J\u00fanior<\/p>\n<p><strong>\u00a0<\/strong><\/p>\n<p><strong>Atribui\u00e7\u00f5es:<\/strong><\/p>\n<p><strong>\u00a0<\/strong><\/p>\n<ul>\n<li>Atender produtores no Departamento;<\/li>\n<li>Coordenar as a\u00e7\u00f5es junto ao INCRA;<\/li>\n<li>Coordenar as a\u00e7\u00f5es junto ao Pronaf \u2013 Banco do Brasil;<\/li>\n<li>Visitar os produtores rurais e suas fam\u00edlias e orientar sobre produ\u00e7\u00e3o limpa e comercializa\u00e7\u00e3o da agricultura e pecu\u00e1ria de leite;<\/li>\n<li>Cooperar nos trabalhos de conserva\u00e7\u00e3o de solo;<\/li>\n<li>Acompanhar a produ\u00e7\u00e3o de alimentos nas escolas e feira livre;<\/li>\n<li>Acompanhar os trabalhos do trator;<\/li>\n<li>Promover e organizar eventos que gerem desenvolvimento econ\u00f4mico para o Munic\u00edpio;<\/li>\n<\/ul>\n<p>Executar outras tarefas correlatas ou determinadas por superiores<\/p>\n<p style=\"text-align: justify;\">\n","protected":false},"excerpt":{"rendered":"<p>DEPARTAMENTO MUNICIPAL DE AGROPECU\u00c1RIA, IND\u00daSTRIA E COM\u00c9RCIO \u00a0 Pol\u00edtica de Atua\u00e7\u00e3o: Executar as atividades de gest\u00e3o da pol\u00edtica relacionadas ao desenvolvimento da agricultura, ind\u00fastria e Com\u00e9rcio no Munic\u00edpio. \u00a0 Diretor do Departamento: Geraldo C\u00e9sar Barcellos J\u00fanior \u00a0 Atribui\u00e7\u00f5es: \u00a0 Atender produtores no Departamento; Coordenar as a\u00e7\u00f5es junto ao INCRA; Coordenar as a\u00e7\u00f5es junto ao Pronaf&hellip;<\/p>","protected":false},"author":1,"featured_media":0,"parent":0,"menu_order":0,"comment_status":"closed","ping_status":"closed","template":"","meta":{"footnotes":""},"class_list":["post-274","page","type-page","status-publish"],"_links":{"self":[{"href":"http:\/\/www.pratinha.mg.gov.br\/portal\/wp-json\/wp\/v2\/pages\/274","targetHints":{"allow":["GET"]}}],"collection":[{"href":"http:\/\/www.pratinha.mg.gov.br\/portal\/wp-json\/wp\/v2\/pages"}],"about":[{"href":"http:\/\/www.pratinha.mg.gov.br\/portal\/wp-json\/wp\/v2\/types\/page"}],"author":[{"embeddable":true,"href":"http:\/\/www.pratinha.mg.gov.br\/portal\/wp-json\/wp\/v2\/users\/1"}],"replies":[{"embeddable":true,"href":"http:\/\/www.pratinha.mg.gov.br\/portal\/wp-json\/wp\/v2\/comments?post=274"}],"version-history":[{"count":2,"href":"http:\/\/www.pratinha.mg.gov.br\/portal\/wp-json\/wp\/v2\/pages\/274\/revisions"}],"predecessor-version":[{"id":11791,"href":"http:\/\/www.pratinha.mg.gov.br\/portal\/wp-json\/wp\/v2\/pages\/274\/revisions\/11791"}],"wp:attachment":[{"href":"http:\/\/www.pratinha.mg.gov.br\/portal\/wp-json\/wp\/v2\/media?parent=274"}],"curies":[{"name":"wp","href":"https:\/\/api.w.org\/{rel}","templated":true}]}}