{"id":203,"date":"2017-03-31T00:56:58","date_gmt":"2017-03-31T00:56:58","guid":{"rendered":"http:\/\/pratinha.mg.gov.br\/portal\/?page_id=203"},"modified":"2019-05-22T11:46:31","modified_gmt":"2019-05-22T11:46:31","slug":"controle-interno","status":"publish","type":"page","link":"http:\/\/www.pratinha.mg.gov.br\/portal\/controle-interno\/","title":{"rendered":"CONTROLADORIA INTERNA MUNICIPAL"},"content":{"rendered":"<p style=\"text-align: justify\"><strong>Pol\u00edtica de Atua\u00e7\u00e3o:<\/strong><\/p>\n<p style=\"text-align: justify\">Acompanhar permanentemente a execu\u00e7\u00e3o das atividades da Prefeitura, avaliando, fiscalizando e acompanhando o cumprimento das metas previstas no Plano Plurianual e nos programas do governo, incluindo a execu\u00e7\u00e3o do or\u00e7amento, com o objetivo de tornar transparentes as contas da Administra\u00e7\u00e3o Municipal e articular as a\u00e7\u00f5es decorrentes do exerc\u00edcio das fun\u00e7\u00f5es de controle auditorial, correcional e social.<\/p>\n<p style=\"text-align: justify\"><strong>Controlador Interno: Silvano Jose Alves<\/strong><\/p>\n<p style=\"text-align: justify\"><strong>Atribui\u00e7\u00f5es:<\/strong><\/p>\n<ul>\n<li style=\"text-align: justify\">Assessorar o Prefeito Municipal na an\u00e1lise das mat\u00e9rias referentes \u00e0 \u00e1rea de atua\u00e7\u00e3o do Departamento;<\/li>\n<li style=\"text-align: justify\">Coordenar as atividades relacionadas com o Sistema de Controle Interno do munic\u00edpio e promover sua integra\u00e7\u00e3o operacional;<\/li>\n<li style=\"text-align: justify\">Apoiar o controle externo no exerc\u00edcio de sua miss\u00e3o institucional, centralizando, no n\u00edvel operacional, o relacionamento com o Tribunal de Contas do Estado;<\/li>\n<li style=\"text-align: justify\">Exercer o acompanhamento sobre a observ\u00e2ncia dos limites constitucionais de aplica\u00e7\u00e3o em gastos com a manuten\u00e7\u00e3o e o desenvolvimento do ensino, com despesas na \u00e1rea da sa\u00fade e despesa total com pessoal;<\/li>\n<li style=\"text-align: justify\">Verificar a observ\u00e2ncia dos limites e condi\u00e7\u00f5es para a realiza\u00e7\u00e3o de opera\u00e7\u00f5es de cr\u00e9dito e sobre a inscri\u00e7\u00e3o de compromissos em restos a pagar;<\/li>\n<li style=\"text-align: justify\">Exercer o acompanhamento sobre a divulga\u00e7\u00e3o dos instrumentos de transpar\u00eancia da gest\u00e3o fiscal;<\/li>\n<li style=\"text-align: justify\">Participar do processo de planejamento e acompanhar a elabora\u00e7\u00e3o do PPA, da LDO e LOA;<\/li>\n<li style=\"text-align: justify\">Elaborar o Relat\u00f3rio de Controle Interno Anual;<\/li>\n<li style=\"text-align: justify\">Realizar audi\u00eancias p\u00fablicas quadrimestralmente em obedi\u00eancia ao Art.9\u00ba \u00a7 4\u00ba da LRF;<\/li>\n<li style=\"text-align: justify\">Desenvolver outras tarefas correlatas ou determinadas por superior.<\/li>\n<\/ul>\n<p>&nbsp;<\/p>\n<p>&nbsp;<\/p>\n<p>&nbsp;<\/p>\n<p>&nbsp;<\/p>\n","protected":false},"excerpt":{"rendered":"<p>Pol\u00edtica de Atua\u00e7\u00e3o: Acompanhar permanentemente a execu\u00e7\u00e3o das atividades da Prefeitura, avaliando, fiscalizando e acompanhando o cumprimento das metas previstas no Plano Plurianual e nos programas do governo, incluindo a execu\u00e7\u00e3o do or\u00e7amento, com o objetivo de tornar transparentes as contas da Administra\u00e7\u00e3o Municipal e articular as a\u00e7\u00f5es decorrentes do exerc\u00edcio das fun\u00e7\u00f5es de controle&hellip;<\/p>","protected":false},"author":1,"featured_media":0,"parent":0,"menu_order":0,"comment_status":"closed","ping_status":"closed","template":"","meta":{"footnotes":""},"class_list":["post-203","page","type-page","status-publish"],"_links":{"self":[{"href":"http:\/\/www.pratinha.mg.gov.br\/portal\/wp-json\/wp\/v2\/pages\/203","targetHints":{"allow":["GET"]}}],"collection":[{"href":"http:\/\/www.pratinha.mg.gov.br\/portal\/wp-json\/wp\/v2\/pages"}],"about":[{"href":"http:\/\/www.pratinha.mg.gov.br\/portal\/wp-json\/wp\/v2\/types\/page"}],"author":[{"embeddable":true,"href":"http:\/\/www.pratinha.mg.gov.br\/portal\/wp-json\/wp\/v2\/users\/1"}],"replies":[{"embeddable":true,"href":"http:\/\/www.pratinha.mg.gov.br\/portal\/wp-json\/wp\/v2\/comments?post=203"}],"version-history":[{"count":2,"href":"http:\/\/www.pratinha.mg.gov.br\/portal\/wp-json\/wp\/v2\/pages\/203\/revisions"}],"predecessor-version":[{"id":4080,"href":"http:\/\/www.pratinha.mg.gov.br\/portal\/wp-json\/wp\/v2\/pages\/203\/revisions\/4080"}],"wp:attachment":[{"href":"http:\/\/www.pratinha.mg.gov.br\/portal\/wp-json\/wp\/v2\/media?parent=203"}],"curies":[{"name":"wp","href":"https:\/\/api.w.org\/{rel}","templated":true}]}}