{"id":190,"date":"2017-03-31T00:19:59","date_gmt":"2017-03-31T00:19:59","guid":{"rendered":"http:\/\/pratinha.mg.gov.br\/portal\/?page_id=190"},"modified":"2017-05-29T12:16:45","modified_gmt":"2017-05-29T12:16:45","slug":"agenda-de-eventos-anuais","status":"publish","type":"page","link":"http:\/\/www.pratinha.mg.gov.br\/portal\/agenda-de-eventos-anuais\/","title":{"rendered":"AGENDA DE EVENTOS ANUAIS"},"content":{"rendered":"<p>&nbsp;<\/p>\n<table style=\"width: 680px; background-color: #ebe4e4; height: 935px;\" border=\"5\" cellspacing=\"15\" cellpadding=\"15\">\n<tbody>\n<tr style=\"background-color: #d9d0d0; height: 36px;\">\n<td style=\"width: 171px; height: 36px;\"><span style=\"font-family: arial, helvetica, sans-serif; font-size: 18pt;\"><strong>\u00a0M\u00eas\u00a0<\/strong><\/span><\/td>\n<td style=\"width: 80px; text-align: center; height: 36px;\"><span style=\"font-family: arial, helvetica, sans-serif; font-size: 18pt;\"><strong>\u00a0Dia\u00a0<\/strong><\/span><\/td>\n<td style=\"width: 305px; height: 36px;\"><span style=\"font-family: arial, helvetica, sans-serif; font-size: 18pt;\"><strong>\u00a0Evento<\/strong><\/span><\/td>\n<\/tr>\n<tr style=\"height: 36px;\">\n<td style=\"width: 171px; height: 36px;\"><span style=\"font-family: arial, helvetica, sans-serif;\">\u00a0<\/span><span style=\"font-family: arial, helvetica, sans-serif; font-size: 14pt;\"><strong>JANEIRO<\/strong><\/span><\/td>\n<td style=\"width: 80px; text-align: center; height: 36px;\"><span style=\"font-family: arial, helvetica, sans-serif; font-size: 14pt;\">\u00a006<\/span><\/td>\n<td style=\"width: 305px; height: 36px;\"><span style=\"font-family: arial, helvetica, sans-serif;\">\u00a0Manifesta\u00e7\u00e3o de Folia de Reis<\/span><\/td>\n<\/tr>\n<tr style=\"background-color: #d9d0d0; height: 36px;\">\n<td style=\"width: 171px; height: 36px;\"><span style=\"font-size: 14pt;\"><strong><span style=\"font-family: arial, helvetica, sans-serif;\">\u00a0FEVEREIRO<\/span><\/strong><\/span><\/td>\n<td style=\"width: 80px; text-align: center; height: 36px;\"><span style=\"font-family: arial, helvetica, sans-serif; font-size: 14pt;\">\u00a0<\/span><\/td>\n<td style=\"width: 305px; height: 36px;\"><span style=\"font-family: arial, helvetica, sans-serif;\">\u00a0Carnaval<\/span><\/td>\n<\/tr>\n<tr style=\"height: 36px;\">\n<td style=\"width: 171px; height: 36px;\"><span style=\"font-family: arial, helvetica, sans-serif; font-size: 14pt;\">\u00a0<strong>MAR\u00c7O<\/strong><\/span><\/td>\n<td style=\"width: 80px; text-align: center; height: 36px;\"><span style=\"font-family: arial, helvetica, sans-serif; font-size: 18pt;\">\u00a0<\/span><\/td>\n<td style=\"width: 305px; height: 36px;\"><span style=\"font-family: arial, helvetica, sans-serif;\">\u00a0n\u00e3o h\u00e1<\/span><\/td>\n<\/tr>\n<tr style=\"background-color: #d9d0d0; height: 36px;\">\n<td style=\"width: 171px; height: 36px;\"><span style=\"font-size: 14pt;\"><strong><span style=\"font-family: arial, helvetica, sans-serif;\">\u00a0ABRIL<\/span><\/strong><\/span><\/td>\n<td style=\"width: 80px; text-align: center; height: 36px;\"><span style=\"font-family: arial, helvetica, sans-serif; font-size: 18pt;\">\u00a0<\/span><\/td>\n<td style=\"width: 305px; height: 36px;\"><span style=\"font-family: arial, helvetica, sans-serif;\">\u00a0n\u00e3o h\u00e1<\/span><\/td>\n<\/tr>\n<tr style=\"height: 36px;\">\n<td style=\"width: 171px; height: 36px;\"><span style=\"font-family: arial, helvetica, sans-serif; font-size: 14pt;\">\u00a0<strong>MAIO<\/strong><\/span><\/td>\n<td style=\"width: 80px; text-align: center; height: 36px;\"><span style=\"font-family: arial, helvetica, sans-serif; font-size: 18pt;\">\u00a0<\/span><\/td>\n<td style=\"width: 305px; height: 36px;\"><span style=\"font-family: arial, helvetica, sans-serif;\">\u00a0In\u00edcio das Festas de Santo Ant\u00f4nio<\/span><\/td>\n<\/tr>\n<tr style=\"background-color: #d9d0d0; height: 36px;\">\n<td style=\"width: 171px; height: 36px;\"><span style=\"font-family: arial, helvetica, sans-serif; font-size: 14pt;\">\u00a0<strong>JUNHO<\/strong><\/span><\/td>\n<td style=\"width: 80px; text-align: center; height: 36px;\"><span style=\"font-family: arial, helvetica, sans-serif; font-size: 18pt;\">\u00a0<\/span><\/td>\n<td style=\"width: 305px; height: 36px;\"><span style=\"font-family: arial, helvetica, sans-serif;\">\u00a0Festa de Santo Antonio \u2013 Festa Junina<\/span><\/td>\n<\/tr>\n<tr style=\"height: 36px;\">\n<td style=\"width: 171px; height: 36px;\"><span style=\"font-family: arial, helvetica, sans-serif; font-size: 14pt;\">\u00a0<strong>JULHO<\/strong><\/span><\/td>\n<td style=\"width: 80px; text-align: center; height: 36px;\"><span style=\"font-family: arial, helvetica, sans-serif; font-size: 18pt;\">\u00a0<\/span><\/td>\n<td style=\"width: 305px; height: 36px;\"><span style=\"font-family: arial, helvetica, sans-serif;\">\u00a0Festa de S\u00e3o Jo\u00e3o \u2013 Festa Julina<\/span><\/td>\n<\/tr>\n<tr style=\"background-color: #d9d0d0; height: 36px;\">\n<td style=\"width: 171px; height: 36px;\"><span style=\"font-family: arial, helvetica, sans-serif; font-size: 14pt;\">\u00a0<strong>AGOSTO<\/strong><\/span><\/td>\n<td style=\"width: 80px; text-align: center; height: 36px;\"><span style=\"font-family: arial, helvetica, sans-serif; font-size: 18pt;\">\u00a0<\/span><\/td>\n<td style=\"width: 305px; height: 36px;\"><span style=\"font-family: arial, helvetica, sans-serif;\">\u00a0Festa do Pe\u00e3o de Boiadeiro<\/span><\/td>\n<\/tr>\n<tr style=\"height: 36px;\">\n<td style=\"width: 171px; height: 36px;\"><span style=\"font-family: arial, helvetica, sans-serif; font-size: 14pt;\">\u00a0<strong>SETEMBRO<\/strong><\/span><\/td>\n<td style=\"width: 80px; text-align: center; height: 36px;\"><span style=\"font-family: arial, helvetica, sans-serif; font-size: 18pt;\">\u00a007<\/span><\/td>\n<td style=\"width: 305px; height: 36px;\"><span style=\"font-family: arial, helvetica, sans-serif;\">Comemora\u00e7\u00e3o Civica da Independ\u00eancia<\/span><\/td>\n<\/tr>\n<tr style=\"background-color: #d9d0d0; height: 54px;\">\n<td style=\"width: 171px; height: 54px;\"><span style=\"font-family: arial, helvetica, sans-serif; font-size: 14pt;\">\u00a0<strong>OUTUBRO<\/strong><\/span><\/td>\n<td style=\"width: 80px; text-align: center; height: 54px;\"><span style=\"font-family: arial, helvetica, sans-serif; font-size: 18pt;\">\u00a012<\/span><\/td>\n<td style=\"width: 305px; height: 54px;\"><span style=\"font-family: arial, helvetica, sans-serif;\">Festa de Nossa Senhora Aparecida na Zona Rural<\/span><\/td>\n<\/tr>\n<tr style=\"height: 36px;\">\n<td style=\"width: 171px; height: 36px;\"><span style=\"font-family: arial, helvetica, sans-serif; font-size: 14pt;\">\u00a0<strong>NOVEMBRO<\/strong><\/span><\/td>\n<td style=\"width: 80px; text-align: center; height: 36px;\"><span style=\"font-family: arial, helvetica, sans-serif; font-size: 18pt;\">\u00a0<\/span><\/td>\n<td style=\"width: 305px; height: 36px;\"><span style=\"font-family: arial, helvetica, sans-serif;\">\u00a0N\u00e3o h\u00e1<\/span><\/td>\n<\/tr>\n<tr style=\"background-color: #d9d0d0; height: 36px;\">\n<td style=\"width: 171px; height: 72px;\" rowspan=\"2\"><span style=\"font-family: arial, helvetica, sans-serif; font-size: 14pt;\">\u00a0<strong>DEZEMBRO<\/strong><\/span><\/td>\n<td style=\"width: 80px; text-align: center; height: 36px;\"><span style=\"font-family: arial, helvetica, sans-serif; font-size: 18pt;\">\u00a027<\/span><\/td>\n<td style=\"width: 305px; height: 36px;\"><span style=\"font-family: arial, helvetica, sans-serif;\">\u00a0Anivers\u00e1rio da Cidade<\/span><\/td>\n<\/tr>\n<tr style=\"background-color: #d9d0d0; height: 36px;\">\n<td style=\"width: 80px; text-align: center; height: 36px;\"><span style=\"font-family: arial, helvetica, sans-serif; font-size: 18pt;\">\u00a031<\/span><\/td>\n<td style=\"width: 305px; height: 36px;\"><span style=\"font-family: arial, helvetica, sans-serif;\">\u00a0Reveillon<\/span><\/td>\n<\/tr>\n<\/tbody>\n<\/table>\n","protected":false},"excerpt":{"rendered":"<p>&nbsp; \u00a0M\u00eas\u00a0 \u00a0Dia\u00a0 \u00a0Evento \u00a0JANEIRO \u00a006 \u00a0Manifesta\u00e7\u00e3o de Folia de Reis \u00a0FEVEREIRO \u00a0 \u00a0Carnaval \u00a0MAR\u00c7O \u00a0 \u00a0n\u00e3o h\u00e1 \u00a0ABRIL \u00a0 \u00a0n\u00e3o h\u00e1 \u00a0MAIO \u00a0 \u00a0In\u00edcio das Festas de Santo Ant\u00f4nio \u00a0JUNHO \u00a0 \u00a0Festa de Santo Antonio \u2013 Festa Junina \u00a0JULHO \u00a0 \u00a0Festa de S\u00e3o Jo\u00e3o \u2013 Festa Julina \u00a0AGOSTO \u00a0 \u00a0Festa do Pe\u00e3o de Boiadeiro&hellip;<\/p>","protected":false},"author":1,"featured_media":0,"parent":0,"menu_order":0,"comment_status":"closed","ping_status":"closed","template":"","meta":{"footnotes":""},"class_list":["post-190","page","type-page","status-publish"],"_links":{"self":[{"href":"http:\/\/www.pratinha.mg.gov.br\/portal\/wp-json\/wp\/v2\/pages\/190","targetHints":{"allow":["GET"]}}],"collection":[{"href":"http:\/\/www.pratinha.mg.gov.br\/portal\/wp-json\/wp\/v2\/pages"}],"about":[{"href":"http:\/\/www.pratinha.mg.gov.br\/portal\/wp-json\/wp\/v2\/types\/page"}],"author":[{"embeddable":true,"href":"http:\/\/www.pratinha.mg.gov.br\/portal\/wp-json\/wp\/v2\/users\/1"}],"replies":[{"embeddable":true,"href":"http:\/\/www.pratinha.mg.gov.br\/portal\/wp-json\/wp\/v2\/comments?post=190"}],"version-history":[{"count":0,"href":"http:\/\/www.pratinha.mg.gov.br\/portal\/wp-json\/wp\/v2\/pages\/190\/revisions"}],"wp:attachment":[{"href":"http:\/\/www.pratinha.mg.gov.br\/portal\/wp-json\/wp\/v2\/media?parent=190"}],"curies":[{"name":"wp","href":"https:\/\/api.w.org\/{rel}","templated":true}]}}