{"id":183,"date":"2017-03-30T23:54:35","date_gmt":"2017-03-30T23:54:35","guid":{"rendered":"http:\/\/pratinha.mg.gov.br\/portal\/?page_id=183"},"modified":"2024-04-16T14:52:11","modified_gmt":"2024-04-16T14:52:11","slug":"aspectos-gerais","status":"publish","type":"page","link":"http:\/\/www.pratinha.mg.gov.br\/portal\/aspectos-gerais\/","title":{"rendered":"ASPECTOS GERAIS"},"content":{"rendered":"<p><a href=\"https:\/\/www.google.com\/maps\/place\/Pratinha,+MG,+38960-000\/@-19.7394287,-46.3847248,15z\/data=!4m5!3m4!1s0x94b19d3b6987c783:0xbf699d4605e5e686!8m2!3d-19.7394495!4d-46.37597\"><img loading=\"lazy\" decoding=\"async\" class=\"alignnone size-medium wp-image-5431\" src=\"http:\/\/www.pratinha.mg.gov.br\/portal\/wp-content\/uploads\/2020\/12\/data3HBDyrucEfxkatoolWuhFgL23qi4Y61oD9BagMoT_pzro3WGB6z7yXoOWDluFEjFq0feU3Tj9_vY_20VsS5gZlNJfB98MEViG39rMVZWB_1yML2A140sWjtEXO3JygPp3gI-300x156.png\" alt=\"\" width=\"300\" height=\"156\" srcset=\"http:\/\/www.pratinha.mg.gov.br\/portal\/wp-content\/uploads\/2020\/12\/data3HBDyrucEfxkatoolWuhFgL23qi4Y61oD9BagMoT_pzro3WGB6z7yXoOWDluFEjFq0feU3Tj9_vY_20VsS5gZlNJfB98MEViG39rMVZWB_1yML2A140sWjtEXO3JygPp3gI-300x156.png 300w, http:\/\/www.pratinha.mg.gov.br\/portal\/wp-content\/uploads\/2020\/12\/data3HBDyrucEfxkatoolWuhFgL23qi4Y61oD9BagMoT_pzro3WGB6z7yXoOWDluFEjFq0feU3Tj9_vY_20VsS5gZlNJfB98MEViG39rMVZWB_1yML2A140sWjtEXO3JygPp3gI.png 650w\" sizes=\"auto, (max-width: 300px) 100vw, 300px\" \/><\/a><\/p>\n<ul>\n<li><strong>Adjetivo P\u00e1trio(Gent\u00edlico):<\/strong>\u00a0Pratinhense<\/li>\n<\/ul>\n<ul>\n<li><strong>Padroeiro:<\/strong>\u00a0Santo Ant\u00f4nio<\/li>\n<\/ul>\n<ul>\n<li><strong>Munic\u00edpios lim\u00edtrofes \u00e0 Pratinha:<\/strong>\u00a0Ibi\u00e1, Tapira\u00ed, Campos Altos, Medeiros.<\/li>\n<\/ul>\n<ul>\n<li><strong>\u00c1rea Territorial:<\/strong> 622,478 km\u00b2<\/li>\n<\/ul>\n<ul>\n<li><strong>Densidade demogr\u00e1fica:<\/strong> (hab\/km\u00b2) 5,72<\/li>\n<\/ul>\n<ul>\n<li><strong>Popula\u00e7\u00e3o Total (de acordo com o Censo Demogr\u00e1fico do IBGE realizado em 2022): 3.559 <\/strong>habitantes<\/li>\n<\/ul>\n<ul>\n<li><strong>N\u00famero de Eleitores:<\/strong>\u00a02.418<\/li>\n<\/ul>\n<ul>\n<li><strong>C\u00f3digo do Munic\u00edpio no IBGE:\u00a0<\/strong>3153004<\/li>\n<\/ul>\n<ul>\n<li><strong>Altitude media da Sede Urbana:<\/strong>\u00a01.162m<\/li>\n<\/ul>\n<ul>\n<li><strong>Latitude:<\/strong>\u00a019\u00ba:45\u2032:00,70\u201d<\/li>\n<\/ul>\n<ul>\n<li><strong>Longitude:<\/strong>\u00a046\u00ba:22\u2032:23,3\u201d<\/li>\n<\/ul>\n<ul>\n<li><strong>Bioma:<\/strong>\u00a0\u00a0Cerrado<\/li>\n<\/ul>\n<p><strong>HIST\u00d3RICO DE PRATINHA<\/strong><\/p>\n<p><a href=\"http:\/\/www.pratinha.mg.gov.br\/portal\/wp-content\/uploads\/2018\/05\/historico-de-pratinha.pdf\">hist\u00f3rico de Pratinha<\/a><\/p>\n<p>&nbsp;<\/p>\n","protected":false},"excerpt":{"rendered":"<p>Adjetivo P\u00e1trio(Gent\u00edlico):\u00a0Pratinhense Padroeiro:\u00a0Santo Ant\u00f4nio Munic\u00edpios lim\u00edtrofes \u00e0 Pratinha:\u00a0Ibi\u00e1, Tapira\u00ed, Campos Altos, Medeiros. \u00c1rea Territorial: 622,478 km\u00b2 Densidade demogr\u00e1fica: (hab\/km\u00b2) 5,72 Popula\u00e7\u00e3o Total (de acordo com o Censo Demogr\u00e1fico do IBGE realizado em 2022): 3.559 habitantes N\u00famero de Eleitores:\u00a02.418 C\u00f3digo do Munic\u00edpio no IBGE:\u00a03153004 Altitude media da Sede Urbana:\u00a01.162m Latitude:\u00a019\u00ba:45\u2032:00,70\u201d Longitude:\u00a046\u00ba:22\u2032:23,3\u201d Bioma:\u00a0\u00a0Cerrado HIST\u00d3RICO DE PRATINHA hist\u00f3rico&hellip;<\/p>","protected":false},"author":1,"featured_media":0,"parent":0,"menu_order":0,"comment_status":"closed","ping_status":"closed","template":"","meta":{"footnotes":""},"class_list":["post-183","page","type-page","status-publish"],"_links":{"self":[{"href":"http:\/\/www.pratinha.mg.gov.br\/portal\/wp-json\/wp\/v2\/pages\/183","targetHints":{"allow":["GET"]}}],"collection":[{"href":"http:\/\/www.pratinha.mg.gov.br\/portal\/wp-json\/wp\/v2\/pages"}],"about":[{"href":"http:\/\/www.pratinha.mg.gov.br\/portal\/wp-json\/wp\/v2\/types\/page"}],"author":[{"embeddable":true,"href":"http:\/\/www.pratinha.mg.gov.br\/portal\/wp-json\/wp\/v2\/users\/1"}],"replies":[{"embeddable":true,"href":"http:\/\/www.pratinha.mg.gov.br\/portal\/wp-json\/wp\/v2\/comments?post=183"}],"version-history":[{"count":5,"href":"http:\/\/www.pratinha.mg.gov.br\/portal\/wp-json\/wp\/v2\/pages\/183\/revisions"}],"predecessor-version":[{"id":10093,"href":"http:\/\/www.pratinha.mg.gov.br\/portal\/wp-json\/wp\/v2\/pages\/183\/revisions\/10093"}],"wp:attachment":[{"href":"http:\/\/www.pratinha.mg.gov.br\/portal\/wp-json\/wp\/v2\/media?parent=183"}],"curies":[{"name":"wp","href":"https:\/\/api.w.org\/{rel}","templated":true}]}}