{"id":1828,"date":"2017-05-09T16:33:58","date_gmt":"2017-05-09T16:33:58","guid":{"rendered":"http:\/\/pratinha.mg.gov.br\/portal\/?page_id=1828"},"modified":"2025-08-22T17:44:44","modified_gmt":"2025-08-22T17:44:44","slug":"contatos-prefeitura","status":"publish","type":"page","link":"http:\/\/www.pratinha.mg.gov.br\/portal\/contatos-prefeitura\/","title":{"rendered":"Contatos Prefeitura"},"content":{"rendered":"<p>&nbsp;<\/p>\n<p><img loading=\"lazy\" decoding=\"async\" class=\"alignnone  wp-image-13471\" src=\"http:\/\/www.pratinha.mg.gov.br\/portal\/wp-content\/uploads\/2025\/08\/WhatsApp-Image-2025-08-22-at-14.05.21.jpeg\" alt=\"\" width=\"569\" height=\"711\" srcset=\"http:\/\/www.pratinha.mg.gov.br\/portal\/wp-content\/uploads\/2025\/08\/WhatsApp-Image-2025-08-22-at-14.05.21.jpeg 1080w, http:\/\/www.pratinha.mg.gov.br\/portal\/wp-content\/uploads\/2025\/08\/WhatsApp-Image-2025-08-22-at-14.05.21-480x600.jpeg 480w, http:\/\/www.pratinha.mg.gov.br\/portal\/wp-content\/uploads\/2025\/08\/WhatsApp-Image-2025-08-22-at-14.05.21-819x1024.jpeg 819w, http:\/\/www.pratinha.mg.gov.br\/portal\/wp-content\/uploads\/2025\/08\/WhatsApp-Image-2025-08-22-at-14.05.21-768x960.jpeg 768w, http:\/\/www.pratinha.mg.gov.br\/portal\/wp-content\/uploads\/2025\/08\/WhatsApp-Image-2025-08-22-at-14.05.21-696x870.jpeg 696w, http:\/\/www.pratinha.mg.gov.br\/portal\/wp-content\/uploads\/2025\/08\/WhatsApp-Image-2025-08-22-at-14.05.21-1068x1335.jpeg 1068w, http:\/\/www.pratinha.mg.gov.br\/portal\/wp-content\/uploads\/2025\/08\/WhatsApp-Image-2025-08-22-at-14.05.21-336x420.jpeg 336w\" sizes=\"auto, (max-width: 569px) 100vw, 569px\" \/><\/p>\n<p>&nbsp;<\/p>\n<hr \/>\n<p><span style=\"font-size: 14pt;\"><strong>E-mails<\/strong><\/span><\/p>\n<p><span style=\"font-size: 12pt;\"><strong>Gabinete:<\/strong> <span style=\"color: #ff6600;\"><a href=\"mailto:gabinete@pratinha.mg.gov.br\"><span style=\"color: #0000ff;\">gabinete@pratinha.mg.gov.br<\/span><\/a><\/span><\/span><\/p>\n<p><span style=\"font-size: 10pt;\"><strong>Agricultura:\u00a0<\/strong><span style=\"color: #ff6600;\"><a href=\"mailto:agricultura@pratinha.mg.gov.br\"><span style=\"color: #ff0000;\"><span style=\"color: #0000ff;\">agricultura@pratinha.mg.gov.br<\/span><\/span><\/a><\/span><\/span><\/p>\n<p><span style=\"font-size: 10pt;\"><strong>Arrecada\u00e7\u00e3o:<\/strong> <a href=\"mailto:arrecadacao@pratinha.mg.gov.br\"><span style=\"color: #ff6600;\"><span style=\"color: #0000ff;\">arrecadacao@pratinha.mg.gov.br<\/span><\/span><\/a><\/span><\/p>\n<p><span style=\"font-size: 10pt;\"><strong>Atendimento:<\/strong> <a href=\"mailto:contato@pratinha.mg.gov.br\"><span style=\"color: #ff6600;\"><span style=\"color: #0000ff;\">contato@pratinha.mg.gov.br<\/span><\/span><\/a><\/span><\/p>\n<p><span style=\"font-size: 10pt;\"><strong>Compras:<\/strong> <a href=\"mailto:compras@pratinha.mg.gov.br\"><span style=\"color: #0000ff;\">compras@pratinha.mg.gov.br<\/span><\/a><\/span><\/p>\n<p><span style=\"font-size: 10pt;\"><strong>Conselho Tutelar:<\/strong> <a href=\"mailto:conselhotutelar@pratinha.mg.gov.br\"><span style=\"color: #0000ff;\">conselhotutelar@pratinha.mg.gov.br<\/span><\/a><\/span><\/p>\n<p><span style=\"font-size: 10pt;\"><strong>Controle Interno: <\/strong><a href=\"mailto:controle@pratinha.mg.gov.br\"><span style=\"color: #0000ff;\">controle@pratinha.mg.gov.br<\/span><\/a><\/span><\/p>\n<p><span style=\"font-size: 10pt;\"><strong>Cras:<\/strong> <a href=\"mailto:cras@pratinha.mg.gov.br\"><span style=\"color: #0000ff;\">cras@pratinha.mg.gov.br<\/span><\/a><\/span><\/p>\n<p><span style=\"font-size: 10pt;\"><strong>Educa\u00e7\u00e3o:<\/strong> <a href=\"mailto:educacao@pratinha.mg.gov.br\"><span style=\"color: #0000ff;\">educacao@pratinha.mg.gov.br<\/span><\/a><\/span><\/p>\n<p><span style=\"font-size: 10pt;\"><strong>Esporte:\u00a0<\/strong><a href=\"mailto:esporte@pratinha.mg.gov.br\"><span style=\"color: #0000ff;\">esporte@pratinha.mg.gov.br<\/span><\/a><\/span><\/p>\n<p><span style=\"font-size: 10pt;\"><strong>Farm\u00e1cia Minas: <\/strong><\/span><span style=\"color: #0000ff;\"><a href=\"mailto:farmaciaminas@pratinha.mg.gov.br\"><span style=\"color: #0000ff;\">farmaciaminas@pratinha.mg.gov.br<\/span><\/a><\/span><\/p>\n<p><span style=\"font-size: 10pt;\"><strong>Fazenda:<\/strong> <span style=\"color: #0000ff;\"><a href=\"mailto:fazenda@pratinha.mg.gov.br\"><span style=\"color: #0000ff;\">fazenda@pratinha.mg.gov.br<\/span><\/a><\/span><\/span><\/p>\n<p><span style=\"font-size: 10pt;\"><strong>Jur\u00eddico:<\/strong> <span style=\"color: #0000ff;\"><a href=\"mailto:juridico@pratinha.mg.gov.br\"><span style=\"color: #0000ff;\">juridico@pratinha.mg.gov.br<\/span><\/a><\/span><\/span><\/p>\n<p><span style=\"font-size: 10pt;\"><strong>Licita\u00e7\u00e3o:<\/strong><span style=\"color: #0000ff;\"> <a href=\"mailto:liciatacao@pratinha.mg.gov.br\"><span style=\"color: #0000ff;\">liciatacao@pratinha.mg.gov.br<\/span><\/a><\/span><\/span><\/p>\n<p><span style=\"font-size: 10pt;\"><strong>Obras:<\/strong> <a href=\"mailto:obras.ambiente@pratinha.mg.gov.br\"><span style=\"color: #0000ff;\">obras.ambiente@pratinha.mg.gov.br<\/span><\/a><\/span><\/p>\n<p><span style=\"font-size: 10pt;\"><strong>Pessoal:<\/strong><\/span> <a href=\"mailto:pessoal@pratinha.mg.gov.br\"><span style=\"color: #0000ff;\"><span style=\"font-size: 10pt;\">pessoal@pratinha.mg.gov.br<\/span><\/span><\/a><\/p>\n<p><span style=\"font-size: 10pt;\"><strong>Previd\u00eancia:\u00a0 <\/strong><span style=\"color: #0000ff;\"><a href=\"mailto:pratprev@pratinha.mg.gov.br\"><span style=\"color: #0000ff;\">pratprev@pratinha.mg.gov.br<\/span><\/a><\/span><\/span><\/p>\n<p><span style=\"font-size: 10pt;\"><strong>Psf:<\/strong> <span style=\"color: #0000ff;\"><a href=\"mailto:psf@pratinha.mg.gov.br\"><span style=\"color: #0000ff;\">psf@pratinha.mg.gov.br<\/span><\/a><\/span><\/span><\/p>\n<p><span style=\"font-size: 10pt;\"><strong>Sa\u00fade:<\/strong> <a href=\"mailto:secretariasaude@pratinha.mg.gov.br\"><span style=\"color: #0000ff;\">secretariasaude@pratinha.mg.gov.br<\/span><\/a><\/span><\/p>\n<p><span style=\"font-size: 10pt;\"><strong>Siat:<\/strong> <a href=\"mailto:siat@pratinha.mg.gov.br\"><span style=\"color: #0000ff;\">siat@pratinha.mg.gov.br<\/span><\/a><\/span><\/p>\n<p><span style=\"font-size: 10pt;\"><strong>Social:<\/strong> <a href=\"mailto:social@pratinha.mg.gov.br\"><span style=\"color: #0000ff;\">social@pratinha.mg.gov.br<\/span><\/a><\/span><\/p>\n<p><span style=\"font-size: 10pt;\"><strong>Transporte:<\/strong> <a href=\"mailto:transporte@pratinha.mg.gov.br\"><span style=\"color: #0000ff;\">transporte@pratinha.mg.gov.br<\/span><\/a><\/span><\/p>\n<p>&nbsp;<\/p>\n<p><strong>PREFEITURA MUNICIPAL DE PRATINHA<\/strong><\/p>\n<h3><span style=\"font-size: 12pt;\">Rua Pedro Paulo dos Santos,45, Centro, Pratinha-MG<\/span><\/h3>\n<p>&nbsp;<\/p>\n<p>&nbsp;<\/p>\n","protected":false},"excerpt":{"rendered":"<p>&nbsp; &nbsp; E-mails Gabinete: gabinete@pratinha.mg.gov.br Agricultura:\u00a0agricultura@pratinha.mg.gov.br Arrecada\u00e7\u00e3o: arrecadacao@pratinha.mg.gov.br Atendimento: contato@pratinha.mg.gov.br Compras: compras@pratinha.mg.gov.br Conselho Tutelar: conselhotutelar@pratinha.mg.gov.br Controle Interno: controle@pratinha.mg.gov.br Cras: cras@pratinha.mg.gov.br Educa\u00e7\u00e3o: educacao@pratinha.mg.gov.br Esporte:\u00a0esporte@pratinha.mg.gov.br Farm\u00e1cia Minas: farmaciaminas@pratinha.mg.gov.br Fazenda: fazenda@pratinha.mg.gov.br Jur\u00eddico: juridico@pratinha.mg.gov.br Licita\u00e7\u00e3o: liciatacao@pratinha.mg.gov.br Obras: obras.ambiente@pratinha.mg.gov.br Pessoal: pessoal@pratinha.mg.gov.br Previd\u00eancia:\u00a0 pratprev@pratinha.mg.gov.br Psf: psf@pratinha.mg.gov.br Sa\u00fade: secretariasaude@pratinha.mg.gov.br Siat: siat@pratinha.mg.gov.br Social: social@pratinha.mg.gov.br Transporte: transporte@pratinha.mg.gov.br &nbsp; PREFEITURA MUNICIPAL DE PRATINHA Rua Pedro&hellip;<\/p>","protected":false},"author":1,"featured_media":0,"parent":0,"menu_order":0,"comment_status":"closed","ping_status":"closed","template":"","meta":{"footnotes":""},"class_list":["post-1828","page","type-page","status-publish"],"_links":{"self":[{"href":"http:\/\/www.pratinha.mg.gov.br\/portal\/wp-json\/wp\/v2\/pages\/1828","targetHints":{"allow":["GET"]}}],"collection":[{"href":"http:\/\/www.pratinha.mg.gov.br\/portal\/wp-json\/wp\/v2\/pages"}],"about":[{"href":"http:\/\/www.pratinha.mg.gov.br\/portal\/wp-json\/wp\/v2\/types\/page"}],"author":[{"embeddable":true,"href":"http:\/\/www.pratinha.mg.gov.br\/portal\/wp-json\/wp\/v2\/users\/1"}],"replies":[{"embeddable":true,"href":"http:\/\/www.pratinha.mg.gov.br\/portal\/wp-json\/wp\/v2\/comments?post=1828"}],"version-history":[{"count":5,"href":"http:\/\/www.pratinha.mg.gov.br\/portal\/wp-json\/wp\/v2\/pages\/1828\/revisions"}],"predecessor-version":[{"id":13472,"href":"http:\/\/www.pratinha.mg.gov.br\/portal\/wp-json\/wp\/v2\/pages\/1828\/revisions\/13472"}],"wp:attachment":[{"href":"http:\/\/www.pratinha.mg.gov.br\/portal\/wp-json\/wp\/v2\/media?parent=1828"}],"curies":[{"name":"wp","href":"https:\/\/api.w.org\/{rel}","templated":true}]}}